{"id":7227,"date":"2023-06-18T20:30:51","date_gmt":"2023-06-18T20:30:51","guid":{"rendered":"https:\/\/www.equilac.com\/paardenmelk-tegen-acne\/"},"modified":"2023-10-05T17:31:19","modified_gmt":"2023-10-05T17:31:19","slug":"leite-de-egua-acne","status":"publish","type":"page","link":"https:\/\/www.equilac.com\/pt\/leite-de-egua-acne\/","title":{"rendered":"Leite de \u00e9gua: um tratamento natural para a acne de dentro para fora."},"content":{"rendered":"<p>A acne \u00e9 uma condi\u00e7\u00e3o comum da pele que causa espinhas, cravos e comed\u00f5es em sua pele. Se voc\u00ea est\u00e1 procurando um rem\u00e9dio natural para a acne, as <a href=\"https:\/\/www.equilac.com\/pt\/produto\/capsulas-de-leite-de-egua\/\">c\u00e1psulas de leite de \u00e9gua<\/a> s\u00e3o um tratamento alternativo para a acne. Estas c\u00e1psulas abordam sintomas e causas da acne de dentro para fora, proporcionando uma abordagem abrangente para uma pele mais limpa.<\/p>\n<p>As c\u00e1psulas de leite de \u00e9gua s\u00e3o um suplemento alimentar que reduz a acne e as espinhas, focando nos sintomas e nas causas da acne. O leite de \u00e9gua cont\u00e9m vitaminas e prote\u00ednas essenciais, o que o torna n\u00e3o s\u00f3 bom para combater a acne, mas tamb\u00e9m ben\u00e9fico para <a href=\"https:\/\/www.equilac.com\/pt\/leite-de-egua-contra-eczema\/\">aliviar o eczema<\/a> e a psor\u00edase.<\/p>\n<p>Este rem\u00e9dio natural para a acne \u00e9 conveniente e pode complementar outros tratamentos para a acne. Tomar duas c\u00e1psulas diariamente por tr\u00eas meses consecutivos pode ajudar a restaurar a pele e melhorar a condi\u00e7\u00e3o da sua pele.<\/p>\n<p>A <a href=\"https:\/\/www.equilac.com\/pt\/lactoferrina\/\">lactoferrina<\/a>, uma prote\u00edna \u00fanica encontrada no leite de \u00e9gua, mostrou resultados promissores no combate \u00e0 acne. Este agente antibacteriano e anti-inflamat\u00f3rio regula a produ\u00e7\u00e3o de sebo, minimizando a probabilidade de obstru\u00e7\u00e3o dos poros, inflama\u00e7\u00e3o da acne e surtos. Esta abordagem previne e trata eficazmente a acne de dentro para fora.<\/p>\n<p>Os tratamentos para acne, como c\u00e1psulas de isotretino\u00edna, cremes e g\u00e9is contendo \u00e1cido salic\u00edlico, per\u00f3xido de benzo\u00edla ou <a href=\"https:\/\/pt.wikipedia.org\/wiki\/\u00c1cido_retinoico\" target=\"_blank\" rel=\"nofollow noopener\">\u00e1cidos retinoicos<\/a> s\u00e3o insuficientes? Ent\u00e3o, trate a acne de maneira diferente, de dentro para fora, na fonte da condi\u00e7\u00e3o. Ao contr\u00e1rio dos tratamentos prescritos que podem ter efeitos colaterais, as c\u00e1psulas de leite de \u00e9gua oferecem uma maneira segura e natural de tratar e prevenir a acne.<\/p>\n<p>As c\u00e1psulas de leite de \u00e9gua podem ajudar a evitar a pele oleosa e diminuir as cicatrizes de acne. Este tratamento preventivo e seguro para a acne trabalha ativamente para livrar sua pele das bact\u00e9rias causadoras de acne, levando a melhorias not\u00e1veis na sa\u00fade da sua pele.<\/p>\n<p><a href=\"https:\/\/www.equilac.com\/pt\/leite-de-egua\/\">O leite de \u00e9gua<\/a> \u00e9 uma abordagem segura e eficaz para tratar a acne de dentro para fora. Melhore a sa\u00fade geral da sua pele com c\u00e1psulas de leite de \u00e9gua como um tratamento alternativo para acne vulgar ou ajuda com a pele propensa \u00e0 acne. Ele oferece uma alternativa para aqueles que tentaram rem\u00e9dios tradicionais com pouco ou nenhum sucesso.<\/p>\n","protected":false},"excerpt":{"rendered":"<p>A acne \u00e9 uma condi\u00e7\u00e3o comum da pele que causa espinhas, cravos e comed\u00f5es em sua pele. Se voc\u00ea est\u00e1 procurando um rem\u00e9dio natural para a acne, as c\u00e1psulas de leite de \u00e9gua s\u00e3o um tratamento alternativo para a acne. Estas c\u00e1psulas abordam sintomas e causas da acne de dentro para fora, proporcionando uma abordagem [&hellip;]<\/p>\n","protected":false},"author":1,"featured_media":6023,"parent":0,"menu_order":0,"comment_status":"closed","ping_status":"closed","template":"","meta":{"_uf_show_specific_survey":0,"_uf_disable_surveys":false,"footnotes":""},"categories":[167],"tags":[186],"class_list":["post-7227","page","type-page","status-publish","has-post-thumbnail","hentry","category-problemas-de-pele","tag-related-pt"],"jetpack_sharing_enabled":true,"_links":{"self":[{"href":"https:\/\/www.equilac.com\/pt\/wp-json\/wp\/v2\/pages\/7227","targetHints":{"allow":["GET"]}}],"collection":[{"href":"https:\/\/www.equilac.com\/pt\/wp-json\/wp\/v2\/pages"}],"about":[{"href":"https:\/\/www.equilac.com\/pt\/wp-json\/wp\/v2\/types\/page"}],"author":[{"embeddable":true,"href":"https:\/\/www.equilac.com\/pt\/wp-json\/wp\/v2\/users\/1"}],"replies":[{"embeddable":true,"href":"https:\/\/www.equilac.com\/pt\/wp-json\/wp\/v2\/comments?post=7227"}],"version-history":[{"count":3,"href":"https:\/\/www.equilac.com\/pt\/wp-json\/wp\/v2\/pages\/7227\/revisions"}],"predecessor-version":[{"id":13337,"href":"https:\/\/www.equilac.com\/pt\/wp-json\/wp\/v2\/pages\/7227\/revisions\/13337"}],"wp:featuredmedia":[{"embeddable":true,"href":"https:\/\/www.equilac.com\/pt\/wp-json\/wp\/v2\/media\/6023"}],"wp:attachment":[{"href":"https:\/\/www.equilac.com\/pt\/wp-json\/wp\/v2\/media?parent=7227"}],"wp:term":[{"taxonomy":"category","embeddable":true,"href":"https:\/\/www.equilac.com\/pt\/wp-json\/wp\/v2\/categories?post=7227"},{"taxonomy":"post_tag","embeddable":true,"href":"https:\/\/www.equilac.com\/pt\/wp-json\/wp\/v2\/tags?post=7227"}],"curies":[{"name":"wp","href":"https:\/\/api.w.org\/{rel}","templated":true}]}}