{"id":7653,"date":"2023-08-01T19:04:01","date_gmt":"2023-08-01T19:04:01","guid":{"rendered":"https:\/\/www.equilac.com\/paardenmelk-darmflora\/"},"modified":"2023-10-06T14:50:42","modified_gmt":"2023-10-06T14:50:42","slug":"leite-de-egua-promove-a-flora-intestinal","status":"publish","type":"page","link":"https:\/\/www.equilac.com\/pt\/leite-de-egua-promove-a-flora-intestinal\/","title":{"rendered":"Leite de \u00e9gua promove a flora intestinal"},"content":{"rendered":"<p>O <a href=\"https:\/\/www.equilac.com\/pt\/leite-de-egua\/\">leite de \u00e9gua<\/a> promove a flora intestinal agindo como um probi\u00f3tico natural. Ajuda a manter um equil\u00edbrio saud\u00e1vel entre bact\u00e9rias boas e prejudiciais no intestino, o que \u00e9 essencial para uma digest\u00e3o ideal, absor\u00e7\u00e3o de nutrientes e sa\u00fade geral.<\/p>\n<p>O leite de \u00e9gua cont\u00e9m bact\u00e9rias ben\u00e9ficas, o que o torna um potente probi\u00f3tico natural. Essas bact\u00e9rias contribuem para a sa\u00fade da flora intestinal, tamb\u00e9m chamada de microbioma intestinal. Um microbioma intestinal equilibrado \u00e9 vital para um sistema digestivo que funcione bem, uma absor\u00e7\u00e3o eficaz de nutrientes e um <a href=\"https:\/\/www.equilac.com\/pt\/leite-de-egua-e-o-sistema-imunologico\/\">sistema imunol\u00f3gico forte<\/a>.<\/p>\n<p>Se sua flora intestinal ficar desequilibrada devido a doen\u00e7as ou antibi\u00f3ticos, voc\u00ea poder\u00e1 ter problemas digestivos como diarr\u00e9ia, pris\u00e3o de ventre e distens\u00e3o abdominal. O leite de \u00e9gua pode ajudar a restaurar esse equil\u00edbrio, repondo bact\u00e9rias boas e auxiliando na remo\u00e7\u00e3o de res\u00edduos. A lactoferrina, uma prote\u00edna do leite de \u00e9gua, potencializa ainda mais seus benef\u00edcios ao oferecer propriedades antiinflamat\u00f3rias e antimicrobianas que combatem bact\u00e9rias nocivas.<\/p>\n<p>Os efeitos positivos do leite de \u00e9gua v\u00e3o al\u00e9m do intestino. Existe uma rela\u00e7\u00e3o direta entre a sa\u00fade da flora intestinal e a condi\u00e7\u00e3o da pele, comumente chamada de eixo intestino-pele. Uma flora intestinal desequilibrada pode resultar em <a href=\"https:\/\/www.equilac.com\/pt\/capsulas-de-leite-de-egua-para-problemas-de-pele\/\">problemas de pele<\/a> como eczema, psor\u00edase e acne. O leite de \u00e9gua atua internamente para melhorar a sa\u00fade intestinal e as condi\u00e7\u00f5es da pele.<\/p>\n<p>Para benef\u00edcios duradouros na sa\u00fade intestinal e da pele, \u00e9 aconselh\u00e1vel usar <a href=\"https:\/\/www.equilac.com\/pt\/produto\/capsulas-de-leite-de-egua\/\">c\u00e1psulas de leite de \u00e9gua<\/a> durante pelo menos tr\u00eas meses consecutivos. Essas c\u00e1psulas facilitam a incorpora\u00e7\u00e3o do leite de \u00e9gua em sua rotina di\u00e1ria de sa\u00fade.<\/p>\n<p>O leite de \u00e9gua atua internamente para melhorar a flora intestinal, estimulando o sistema imunol\u00f3gico e promovendo o bem-estar geral. As suas propriedades \u00fanicas tornam-no numa excelente solu\u00e7\u00e3o natural para v\u00e1rios problemas de sa\u00fade, desde dist\u00farbios digestivos a problemas de pele. Ao promover uma flora intestinal saud\u00e1vel, o leite de \u00e9gua auxilia na decomposi\u00e7\u00e3o e absor\u00e7\u00e3o eficiente de nutrientes, permitindo um melhor funcionamento do corpo.<\/p>\n","protected":false},"excerpt":{"rendered":"<p>O leite de \u00e9gua promove a flora intestinal agindo como um probi\u00f3tico natural. Ajuda a manter um equil\u00edbrio saud\u00e1vel entre bact\u00e9rias boas e prejudiciais no intestino, o que \u00e9 essencial para uma digest\u00e3o ideal, absor\u00e7\u00e3o de nutrientes e sa\u00fade geral. O leite de \u00e9gua cont\u00e9m bact\u00e9rias ben\u00e9ficas, o que o torna um potente probi\u00f3tico natural. [&hellip;]<\/p>\n","protected":false},"author":1,"featured_media":6195,"parent":0,"menu_order":0,"comment_status":"closed","ping_status":"closed","template":"","meta":{"_uf_show_specific_survey":0,"_uf_disable_surveys":false,"footnotes":""},"categories":[166],"tags":[186],"class_list":["post-7653","page","type-page","status-publish","has-post-thumbnail","hentry","category-flora-intestinal","tag-related-pt"],"jetpack_sharing_enabled":true,"_links":{"self":[{"href":"https:\/\/www.equilac.com\/pt\/wp-json\/wp\/v2\/pages\/7653","targetHints":{"allow":["GET"]}}],"collection":[{"href":"https:\/\/www.equilac.com\/pt\/wp-json\/wp\/v2\/pages"}],"about":[{"href":"https:\/\/www.equilac.com\/pt\/wp-json\/wp\/v2\/types\/page"}],"author":[{"embeddable":true,"href":"https:\/\/www.equilac.com\/pt\/wp-json\/wp\/v2\/users\/1"}],"replies":[{"embeddable":true,"href":"https:\/\/www.equilac.com\/pt\/wp-json\/wp\/v2\/comments?post=7653"}],"version-history":[{"count":1,"href":"https:\/\/www.equilac.com\/pt\/wp-json\/wp\/v2\/pages\/7653\/revisions"}],"predecessor-version":[{"id":13387,"href":"https:\/\/www.equilac.com\/pt\/wp-json\/wp\/v2\/pages\/7653\/revisions\/13387"}],"wp:featuredmedia":[{"embeddable":true,"href":"https:\/\/www.equilac.com\/pt\/wp-json\/wp\/v2\/media\/6195"}],"wp:attachment":[{"href":"https:\/\/www.equilac.com\/pt\/wp-json\/wp\/v2\/media?parent=7653"}],"wp:term":[{"taxonomy":"category","embeddable":true,"href":"https:\/\/www.equilac.com\/pt\/wp-json\/wp\/v2\/categories?post=7653"},{"taxonomy":"post_tag","embeddable":true,"href":"https:\/\/www.equilac.com\/pt\/wp-json\/wp\/v2\/tags?post=7653"}],"curies":[{"name":"wp","href":"https:\/\/api.w.org\/{rel}","templated":true}]}}