{"id":7777,"date":"2023-06-27T04:03:08","date_gmt":"2023-06-27T04:03:08","guid":{"rendered":"https:\/\/www.equilac.com\/paardenmelk-bijwerkingen\/"},"modified":"2023-09-06T17:56:21","modified_gmt":"2023-09-06T17:56:21","slug":"leite-de-egua-e-possiveis-efeitos-colaterais","status":"publish","type":"page","link":"https:\/\/www.equilac.com\/pt\/leite-de-egua-e-possiveis-efeitos-colaterais\/","title":{"rendered":"O leite de \u00e9gua \u00e9 seguro? Desvantagens e efeitos colaterais explicados"},"content":{"rendered":"<p>Para alguns usu\u00e1rios, as queixas podem piorar no primeiro m\u00eas ap\u00f3s o in\u00edcio do leite de \u00e9gua. Al\u00e9m disso, o <a href=\"https:\/\/www.equilac.com\/pt\/\">leite de \u00e9gua<\/a> cont\u00e9m lactose, o que pode ser um problema para pessoas com alergia \u00e0 lactose. Tamb\u00e9m n\u00e3o \u00e9 recomendado durante a gravidez.<\/p>\n<p>O leite de \u00e9gua \u00e9 geralmente seguro, mas apesar dos benef\u00edcios para a sa\u00fade do leite de \u00e9gua, \u00e9 importante conhecer os poss\u00edveis efeitos colaterais e desvantagens.<\/p>\n<p>No caso de intoler\u00e2ncia \u00e0 lactose, \u00e9 importante consultar um m\u00e9dico antes de iniciar o consumo de leite de \u00e9gua. Tamb\u00e9m \u00e9 poss\u00edvel que suas queixas piorem temporariamente porque seu corpo reage \u00e0 ingest\u00e3o de novas subst\u00e2ncias. Isso geralmente \u00e9 tempor\u00e1rio e significa que o corpo est\u00e1 ocupado removendo res\u00edduos.<\/p>\n<p>Tamb\u00e9m n\u00e3o \u00e9 recomendado o uso de leite de \u00e9gua se voc\u00ea for al\u00e9rgico a cavalos. Nesse caso, podem ocorrer rea\u00e7\u00f5es al\u00e9rgicas graves, apenas piorando a situa\u00e7\u00e3o. Se voc\u00ea tem alergia a cavalos, \u00e9 crucial considerar tratamentos alternativos e consultar um especialista para obter conselhos personalizados.<\/p>\n<p><strong>Quer saber mais sobre o leite de \u00e9gua?<\/strong><\/p>\n<ul>\n<li><a href=\"https:\/\/www.equilac.com\/pt\/leite-de-egua-e-lactose\/\">O leite de \u00e9gua \u00e9 sem lactose<\/a><\/li>\n<li><a href=\"https:\/\/www.equilac.com\/pt\/composicao-do-leite-de-egua\/\">O que h\u00e1 no leite de \u00e9gua<\/a><\/li>\n<\/ul>\n<p>O ponto importante \u00e9 que o leite de \u00e9gua precisa de um certo tempo para ser eficaz. Alguns usu\u00e1rios acham que o leite de \u00e9gua n\u00e3o funciona porque devem experiment\u00e1-lo por mais tempo. O per\u00edodo de ingest\u00e3o recomendado \u00e9 geralmente de tr\u00eas meses, durante os quais \u00e9 recomendado tomar duas c\u00e1psulas por dia. Se voc\u00ea fizer isso, poder\u00e1 ficar satisfeito com os resultados.<\/p>\n<p>O leite de \u00e9gua funciona por dentro e pode aliviar v\u00e1rias queixas. No entanto, \u00e9 essencial escolher uma c\u00e1psula de leite de \u00e9gua de alta qualidade. Existem muitos tipos diferentes no mercado e nem todos cont\u00eam uma dose alta de leite de \u00e9gua em p\u00f3 concentrado.<\/p>\n","protected":false},"excerpt":{"rendered":"<p>Para alguns usu\u00e1rios, as queixas podem piorar no primeiro m\u00eas ap\u00f3s o in\u00edcio do leite de \u00e9gua. Al\u00e9m disso, o leite de \u00e9gua cont\u00e9m lactose, o que pode ser um problema para pessoas com alergia \u00e0 lactose. Tamb\u00e9m n\u00e3o \u00e9 recomendado durante a gravidez. O leite de \u00e9gua \u00e9 geralmente seguro, mas apesar dos benef\u00edcios [&hellip;]<\/p>\n","protected":false},"author":1,"featured_media":1303,"parent":0,"menu_order":0,"comment_status":"closed","ping_status":"closed","template":"","meta":{"_uf_show_specific_survey":0,"_uf_disable_surveys":false,"footnotes":""},"categories":[221],"tags":[186],"class_list":["post-7777","page","type-page","status-publish","has-post-thumbnail","hentry","category-gebruik","tag-related-pt"],"jetpack_sharing_enabled":true,"_links":{"self":[{"href":"https:\/\/www.equilac.com\/pt\/wp-json\/wp\/v2\/pages\/7777","targetHints":{"allow":["GET"]}}],"collection":[{"href":"https:\/\/www.equilac.com\/pt\/wp-json\/wp\/v2\/pages"}],"about":[{"href":"https:\/\/www.equilac.com\/pt\/wp-json\/wp\/v2\/types\/page"}],"author":[{"embeddable":true,"href":"https:\/\/www.equilac.com\/pt\/wp-json\/wp\/v2\/users\/1"}],"replies":[{"embeddable":true,"href":"https:\/\/www.equilac.com\/pt\/wp-json\/wp\/v2\/comments?post=7777"}],"version-history":[{"count":0,"href":"https:\/\/www.equilac.com\/pt\/wp-json\/wp\/v2\/pages\/7777\/revisions"}],"wp:featuredmedia":[{"embeddable":true,"href":"https:\/\/www.equilac.com\/pt\/wp-json\/wp\/v2\/media\/1303"}],"wp:attachment":[{"href":"https:\/\/www.equilac.com\/pt\/wp-json\/wp\/v2\/media?parent=7777"}],"wp:term":[{"taxonomy":"category","embeddable":true,"href":"https:\/\/www.equilac.com\/pt\/wp-json\/wp\/v2\/categories?post=7777"},{"taxonomy":"post_tag","embeddable":true,"href":"https:\/\/www.equilac.com\/pt\/wp-json\/wp\/v2\/tags?post=7777"}],"curies":[{"name":"wp","href":"https:\/\/api.w.org\/{rel}","templated":true}]}}