{"id":8071,"date":"2023-06-11T17:42:01","date_gmt":"2023-06-11T17:42:01","guid":{"rendered":"https:\/\/www.equilac.com\/como-e-feito-o-leite-de-egua\/"},"modified":"2023-09-26T10:00:18","modified_gmt":"2023-09-26T10:00:18","slug":"como-e-feito-o-leite-de-egua","status":"publish","type":"page","link":"https:\/\/www.equilac.com\/pt\/como-e-feito-o-leite-de-egua\/","title":{"rendered":"Como \u00e9 feito o leite de \u00e9gua?"},"content":{"rendered":"<p>O leite de cavalo \u00e9 produzido em fazendas especializadas chamadas fazendas de latic\u00ednios. Ap\u00f3s o nascimento do potro, a \u00e9gua permanece com ele por dois meses para fornecer nutri\u00e7\u00e3o suficiente. Ap\u00f3s esse per\u00edodo, a \u00e9gua \u00e9 separada do potro diariamente por algumas horas para ser ordenhada.<\/p>\n<p>A produ\u00e7\u00e3o de leite de \u00e9gua \u00e9 um processo cuidadoso e amigo do animal, com m\u00e1quinas de leite especiais adaptadas ao \u00fabere da \u00e9gua. A ordenha da \u00e9gua acontece de 2 a 5 vezes ao dia, com intervalos de at\u00e9 tr\u00eas horas entre as ordenhas. Estas m\u00e1quinas cumprem as normas internacionais de higiene para garantir a qualidade do leite.<\/p>\n<p>Ap\u00f3s a ordenha, o leite cru de cavalo \u00e9 resfriado a 3\u00b0 Celsius ou congelado o mais r\u00e1pido poss\u00edvel para preservar seu frescor. Se necess\u00e1rio, o leite fresco pode ser transformado em leite de \u00e9gua em p\u00f3 e processado em c\u00e1psulas.<\/p>\n<p>Dependendo da ra\u00e7a da \u00e9gua, s\u00e3o produzidos at\u00e9 10 litros de leite de \u00e9gua por dia, e cerca de dois litros de leite de \u00e9gua s\u00e3o guardados para consumo humano; isso garante que os potros em crescimento ainda sejam suficientemente alimentados.<\/p>\n<p>O per\u00edodo de separa\u00e7\u00e3o permite que os potros comam ra\u00e7\u00e3o e feno e brinquem entre si, o que ajuda em seu desenvolvimento futuro.<\/p>\n","protected":false},"excerpt":{"rendered":"<p>O leite de cavalo \u00e9 produzido em fazendas especializadas chamadas fazendas de latic\u00ednios. Ap\u00f3s o nascimento do potro, a \u00e9gua permanece com ele por dois meses para fornecer nutri\u00e7\u00e3o suficiente. Ap\u00f3s esse per\u00edodo, a \u00e9gua \u00e9 separada do potro diariamente por algumas horas para ser ordenhada. A produ\u00e7\u00e3o de leite de \u00e9gua \u00e9 um processo [&hellip;]<\/p>\n","protected":false},"author":1,"featured_media":1321,"parent":0,"menu_order":0,"comment_status":"closed","ping_status":"closed","template":"","meta":{"_uf_show_specific_survey":0,"_uf_disable_surveys":false,"footnotes":""},"categories":[229],"tags":[186],"class_list":["post-8071","page","type-page","status-publish","has-post-thumbnail","hentry","category-informatie","tag-related-pt"],"jetpack_sharing_enabled":true,"_links":{"self":[{"href":"https:\/\/www.equilac.com\/pt\/wp-json\/wp\/v2\/pages\/8071","targetHints":{"allow":["GET"]}}],"collection":[{"href":"https:\/\/www.equilac.com\/pt\/wp-json\/wp\/v2\/pages"}],"about":[{"href":"https:\/\/www.equilac.com\/pt\/wp-json\/wp\/v2\/types\/page"}],"author":[{"embeddable":true,"href":"https:\/\/www.equilac.com\/pt\/wp-json\/wp\/v2\/users\/1"}],"replies":[{"embeddable":true,"href":"https:\/\/www.equilac.com\/pt\/wp-json\/wp\/v2\/comments?post=8071"}],"version-history":[{"count":1,"href":"https:\/\/www.equilac.com\/pt\/wp-json\/wp\/v2\/pages\/8071\/revisions"}],"predecessor-version":[{"id":12232,"href":"https:\/\/www.equilac.com\/pt\/wp-json\/wp\/v2\/pages\/8071\/revisions\/12232"}],"wp:featuredmedia":[{"embeddable":true,"href":"https:\/\/www.equilac.com\/pt\/wp-json\/wp\/v2\/media\/1321"}],"wp:attachment":[{"href":"https:\/\/www.equilac.com\/pt\/wp-json\/wp\/v2\/media?parent=8071"}],"wp:term":[{"taxonomy":"category","embeddable":true,"href":"https:\/\/www.equilac.com\/pt\/wp-json\/wp\/v2\/categories?post=8071"},{"taxonomy":"post_tag","embeddable":true,"href":"https:\/\/www.equilac.com\/pt\/wp-json\/wp\/v2\/tags?post=8071"}],"curies":[{"name":"wp","href":"https:\/\/api.w.org\/{rel}","templated":true}]}}