{"id":8092,"date":"2023-08-02T09:01:31","date_gmt":"2023-08-02T09:01:31","guid":{"rendered":"https:\/\/www.equilac.com\/leite-de-egua-e-o-sistema-imunologico\/"},"modified":"2023-10-06T14:28:43","modified_gmt":"2023-10-06T14:28:43","slug":"leite-de-egua-e-o-sistema-imunologico","status":"publish","type":"page","link":"https:\/\/www.equilac.com\/pt\/leite-de-egua-e-o-sistema-imunologico\/","title":{"rendered":"Leite de \u00e9gua e o sistema imunol\u00f3gico"},"content":{"rendered":"<p>O leite de \u00e9gua pode fortalecer o sistema imunol\u00f3gico e diminuir a probabilidade de voc\u00ea ficar doente. Um forte sistema de defesa \u00e9 vital para a sua sa\u00fade porque ajuda a combater germes nocivos como v\u00edrus e bact\u00e9rias. O leite de \u00e9gua faz isso ajudando a manter seu intestino saud\u00e1vel. Um <a href=\"https:\/\/www.equilac.com\/pt\/leite-de-egua-promove-a-flora-intestinal\/\">intestino saud\u00e1vel<\/a> remove os res\u00edduos do corpo e melhora a resist\u00eancia.<\/p>\n<p>A lactoferrina \u00e9 uma das principais subst\u00e2ncias do leite de \u00e9gua que ajuda o sistema imunol\u00f3gico. Al\u00e9m de ajudar o sistema imunol\u00f3gico, a lactoferrina tamb\u00e9m faz bem \u00e0 pele. Isto pode ser especialmente \u00fatil para problemas de pele como eczema ou acne.<\/p>\n<p>\u00c0s vezes, o estresse, n\u00e3o comer bem, n\u00e3o dormir o suficiente ou tomar certos medicamentos podem enfraquecer o sistema imunol\u00f3gico. Isso torna mais f\u00e1cil para voc\u00ea ficar doente. Se voc\u00ea estiver enfrentando esse problema, o leite de \u00e9gua pode ajudar a fortalecer o sistema imunol\u00f3gico.<\/p>\n<p>Os usu\u00e1rios de <a href=\"https:\/\/www.equilac.com\/pt\/produto\/capsulas-de-leite-de-egua\/\">c\u00e1psulas de leite de \u00e9gua<\/a> dizem que se sentem mais vitais e podem resistir melhor a ficar doentes. Se voc\u00ea experimentar c\u00e1psulas de leite de \u00e9gua, tomar duas por dia durante tr\u00eas meses \u00e9 o que a maioria das pessoas recomenda para obter os melhores resultados.<\/p>\n<p>Mas n\u00e3o basta cuidar da sa\u00fade apenas de fora; voc\u00ea tamb\u00e9m deve fortalecer seu corpo por dentro. <a href=\"https:\/\/www.equilac.com\/pt\/leite-de-egua\/\">Leite de cavalo<\/a> pode ser uma grande ajuda para fazer isso. Quer voc\u00ea beba leite de cavalo fresco ou tome-o em c\u00e1psulas, ele pode ajud\u00e1-lo a se tornar mais resistente a doen\u00e7as, estimular o sistema imunol\u00f3gico e apoiar a capacidade regenerativa da pele.<\/p>\n","protected":false},"excerpt":{"rendered":"<p>O leite de \u00e9gua pode fortalecer o sistema imunol\u00f3gico e diminuir a probabilidade de voc\u00ea ficar doente. Um forte sistema de defesa \u00e9 vital para a sua sa\u00fade porque ajuda a combater germes nocivos como v\u00edrus e bact\u00e9rias. O leite de \u00e9gua faz isso ajudando a manter seu intestino saud\u00e1vel. Um intestino saud\u00e1vel remove os [&hellip;]<\/p>\n","protected":false},"author":1,"featured_media":6255,"parent":0,"menu_order":0,"comment_status":"closed","ping_status":"closed","template":"","meta":{"_uf_show_specific_survey":0,"_uf_disable_surveys":false,"footnotes":""},"categories":[165],"tags":[186],"class_list":["post-8092","page","type-page","status-publish","has-post-thumbnail","hentry","category-sistema-imunologico","tag-related-pt"],"jetpack_sharing_enabled":true,"_links":{"self":[{"href":"https:\/\/www.equilac.com\/pt\/wp-json\/wp\/v2\/pages\/8092","targetHints":{"allow":["GET"]}}],"collection":[{"href":"https:\/\/www.equilac.com\/pt\/wp-json\/wp\/v2\/pages"}],"about":[{"href":"https:\/\/www.equilac.com\/pt\/wp-json\/wp\/v2\/types\/page"}],"author":[{"embeddable":true,"href":"https:\/\/www.equilac.com\/pt\/wp-json\/wp\/v2\/users\/1"}],"replies":[{"embeddable":true,"href":"https:\/\/www.equilac.com\/pt\/wp-json\/wp\/v2\/comments?post=8092"}],"version-history":[{"count":1,"href":"https:\/\/www.equilac.com\/pt\/wp-json\/wp\/v2\/pages\/8092\/revisions"}],"predecessor-version":[{"id":13372,"href":"https:\/\/www.equilac.com\/pt\/wp-json\/wp\/v2\/pages\/8092\/revisions\/13372"}],"wp:featuredmedia":[{"embeddable":true,"href":"https:\/\/www.equilac.com\/pt\/wp-json\/wp\/v2\/media\/6255"}],"wp:attachment":[{"href":"https:\/\/www.equilac.com\/pt\/wp-json\/wp\/v2\/media?parent=8092"}],"wp:term":[{"taxonomy":"category","embeddable":true,"href":"https:\/\/www.equilac.com\/pt\/wp-json\/wp\/v2\/categories?post=8092"},{"taxonomy":"post_tag","embeddable":true,"href":"https:\/\/www.equilac.com\/pt\/wp-json\/wp\/v2\/tags?post=8092"}],"curies":[{"name":"wp","href":"https:\/\/api.w.org\/{rel}","templated":true}]}}