{"id":8140,"date":"2023-07-02T12:28:44","date_gmt":"2023-07-02T12:28:44","guid":{"rendered":"https:\/\/www.equilac.com\/composicao-do-leite-de-egua\/"},"modified":"2023-10-10T17:51:53","modified_gmt":"2023-10-10T17:51:53","slug":"composicao-do-leite-de-egua","status":"publish","type":"page","link":"https:\/\/www.equilac.com\/pt\/composicao-do-leite-de-egua\/","title":{"rendered":"Valor nutricional do leite de \u00e9gua"},"content":{"rendered":"<p>A composi\u00e7\u00e3o do <a href=\"https:\/\/www.equilac.com\/pt\/leite-de-egua\/\">leite de \u00e9gua<\/a> \u00e9 \u00fanica, oferecendo muitos benef\u00edcios. \u00c9 notavelmente semelhante ao leite materno e \u00e9 uma fonte valiosa de vitaminas, minerais e oligoelementos. Cont\u00e9m altos n\u00edveis de ferro e prote\u00edna de soro de leite, o que ajuda na absor\u00e7\u00e3o e digest\u00e3o. Al\u00e9m disso, o <a href=\"https:\/\/www.equilac.com\/pt\/lactoferrina\/\">leite de \u00e9gua cont\u00e9m lactoferrina<\/a>, que auxilia o sistema imunol\u00f3gico.<\/p>\n<p><strong>Composi\u00e7\u00e3o do leite de \u00e9gua por 100 ml:<\/strong><\/p>\n<table border=\"1\">\n<thead>\n<tr>\n<th>Componente<\/th>\n<th>Composi\u00e7\u00e3o<\/th>\n<\/tr>\n<\/thead>\n<tbody><!-- Composi\u00e7\u00e3o Geral --><\/p>\n<tr>\n<td colspan=\"2\"><strong>Composi\u00e7\u00e3o Geral<\/strong><\/td>\n<\/tr>\n<tr>\n<td>\u00c1gua<\/td>\n<td>91,05 \u2013 91,27%<\/td>\n<\/tr>\n<tr>\n<td>Mat\u00e9ria Seca<\/td>\n<td>9,73 \u2013 9,95%<\/td>\n<\/tr>\n<tr>\n<td>Gorduras<\/td>\n<td>0,65 \u2013 1,25%<\/td>\n<\/tr>\n<tr>\n<td>\u00c1cidos Graxos Poli-insaturados<\/td>\n<td>18,7 \u2013 25,5%<\/td>\n<\/tr>\n<tr>\n<td>Total de Prote\u00ednas<\/td>\n<td>1,95 \u2013 2,13%<\/td>\n<\/tr>\n<tr>\n<td>Albumina e Globulina<\/td>\n<td>0,75% (45% do total de prote\u00ednas)<\/td>\n<\/tr>\n<tr>\n<td>Case\u00edna<\/td>\n<td>1,4%<\/td>\n<\/tr>\n<tr>\n<td>P\u00e9ptidos e Amino\u00e1cidos Livres<\/td>\n<td>961 ppm<\/td>\n<\/tr>\n<tr>\n<td>Nitrog\u00eanio n\u00e3o Proteico<\/td>\n<td>426 ppm<\/td>\n<\/tr>\n<tr>\n<td><a href=\"https:\/\/www.equilac.com\/pt\/leite-de-egua-e-lactose\/\">A\u00e7\u00facar do Leite<\/a><\/td>\n<td>6,26 \u2013 6,85%<\/td>\n<\/tr>\n<tr>\n<td>Minerais e Oligoelementos<\/td>\n<td>0,27 \u2013 0,38%<\/td>\n<\/tr>\n<p><!-- Composi\u00e7\u00e3o Elemental --><\/p>\n<tr>\n<td colspan=\"2\"><strong>Composi\u00e7\u00e3o Elemental<\/strong><\/td>\n<\/tr>\n<tr>\n<td>C\u00e1lcio<\/td>\n<td>Aprox. 1000 ppm (0,13 \u2013 0,5%)<\/td>\n<\/tr>\n<tr>\n<td>F\u00f3sforo<\/td>\n<td>Aprox. 536 ppm (0,03 \u2013 0,085%)<\/td>\n<\/tr>\n<tr>\n<td>Magn\u00e9sio<\/td>\n<td>Aprox. 120 ppm (0,004 \u2013 0,014%)<\/td>\n<\/tr>\n<p><!-- ... --><!-- Adicione mais linhas para cada componente --><\/p>\n<tr>\n<td>Ferro<\/td>\n<td>5,3 \u2013 14,4 ppm<\/td>\n<\/tr>\n<tr>\n<td>Pot\u00e1ssio<\/td>\n<td>484 \u2013 530 ppm<\/td>\n<\/tr>\n<tr>\n<td>S\u00f3dio<\/td>\n<td>116 \u2013 119 ppm<\/td>\n<\/tr>\n<tr>\n<td>Cloro<\/td>\n<td>302 \u2013 440 ppm<\/td>\n<\/tr>\n<tr>\n<td>\u00d3xido de Ferro<\/td>\n<td>20 ppm<\/td>\n<\/tr>\n<tr>\n<td>Cobre<\/td>\n<td>0,17 \u2013 0,36 ppm<\/td>\n<\/tr>\n<tr>\n<td>Mangan\u00eas<\/td>\n<td>0,03 \u2013 0,04 ppm<\/td>\n<\/tr>\n<tr>\n<td>Cobalto<\/td>\n<td>12,4 \u2013 16,0 ppb<\/td>\n<\/tr>\n<tr>\n<td>Zinco<\/td>\n<td>181 ppm<\/td>\n<\/tr>\n<tr>\n<td>S\u00edlica<\/td>\n<td>244 ppm<\/td>\n<\/tr>\n<tr>\n<td>Iodo<\/td>\n<td>1,9 ppm<\/td>\n<\/tr>\n<tr>\n<td>Sel\u00eanio<\/td>\n<td>1 ppm<\/td>\n<\/tr>\n<tr>\n<td>Cromo<\/td>\n<td>1 ppm<\/td>\n<\/tr>\n<tr>\n<td>Molibd\u00eanio<\/td>\n<td>1 ppm<\/td>\n<\/tr>\n<tr>\n<td>Alum\u00ednio<\/td>\n<td>209 ppm<\/td>\n<\/tr>\n<tr>\n<td>Tit\u00e2nio<\/td>\n<td>178 ppm<\/td>\n<\/tr>\n<p><!-- Vitaminas --><\/p>\n<tr>\n<td colspan=\"2\"><strong>Vitaminas<\/strong><\/td>\n<\/tr>\n<tr>\n<td>Vitamina A<\/td>\n<td>0,57 \u2013 0,89 ppm<\/td>\n<\/tr>\n<tr>\n<td>Vitamina B1<\/td>\n<td>100 \u2013 500 ppb<\/td>\n<\/tr>\n<tr>\n<td>Vitamina B2<\/td>\n<td>150 \u2013 650 ppb<\/td>\n<\/tr>\n<tr>\n<td>Vitamina B3<\/td>\n<td>85 ppb<\/td>\n<\/tr>\n<tr>\n<td>Vitamina B6<\/td>\n<td>300 ppn<\/td>\n<\/tr>\n<tr>\n<td>Vitamina B7<\/td>\n<td>1,4 ppb<\/td>\n<\/tr>\n<tr>\n<td>Vitamina B12<\/td>\n<td>3,3 ppb<\/td>\n<\/tr>\n<tr>\n<td>Vitamina B13<\/td>\n<td>300 m<\/td>\n<\/tr>\n<tr>\n<td>Vitamina C<\/td>\n<td>98 \u2013 151 ppm<\/td>\n<\/tr>\n<tr>\n<td>Vitamina D<\/td>\n<td>1,25 ppm<\/td>\n<\/tr>\n<tr>\n<td>Vitamina E<\/td>\n<td>0,65 \u2013 1,05 ppm<\/td>\n<\/tr>\n<tr>\n<td>Vitamina K<\/td>\n<td>1,2 ppb<\/td>\n<\/tr>\n<tr>\n<td>Vitamina T (Carnitina)<\/td>\n<td>1 \u2013 2 mg<\/td>\n<\/tr>\n<p><!-- Outros --><\/p>\n<tr>\n<td colspan=\"2\"><strong>Outros<\/strong><\/td>\n<\/tr>\n<tr>\n<td>\u00c1cido Pantot\u00eanico<\/td>\n<td>0,25 ppb<\/td>\n<\/tr>\n<tr>\n<td>\u00c1cido F\u00f3lico<\/td>\n<td>8 ppb<\/td>\n<\/tr>\n<tr>\n<td>\u00c1cido C\u00edtrico<\/td>\n<td>0,175%<\/td>\n<\/tr>\n<tr>\n<td>Acetilcolina<\/td>\n<td>1 mg\/l<\/td>\n<\/tr>\n<tr>\n<td>Lecitina<\/td>\n<td>0,109 \u2013 0,25 mg\/l<\/td>\n<\/tr>\n<tr>\n<td>Colina<\/td>\n<td>30 \u2013 40 mg\/l<\/td>\n<\/tr>\n<tr>\n<td>Colesterol<\/td>\n<td>94 \u2013 168 ppm<\/td>\n<\/tr>\n<p><!-- Enzimas e Fermentos --><\/p>\n<tr>\n<td colspan=\"2\"><strong>Enzimas e Fermentos<\/strong><\/td>\n<\/tr>\n<tr>\n<td>Peroxidase<\/td>\n<td>N\/A<\/td>\n<\/tr>\n<tr>\n<td>Oxidase<\/td>\n<td>N\/A<\/td>\n<\/tr>\n<tr>\n<td>Fosfatase<\/td>\n<td>N\/A<\/td>\n<\/tr>\n<tr>\n<td>Diatase<\/td>\n<td>N\/A<\/td>\n<\/tr>\n<tr>\n<td>Catalase<\/td>\n<td>N\/A<\/td>\n<\/tr>\n<tr>\n<td>Lipase<\/td>\n<td>N\/A<\/td>\n<\/tr>\n<tr>\n<td>Lisozima<\/td>\n<td>N\/A<\/td>\n<\/tr>\n<\/tbody>\n<\/table>\n<p>Cerca de 40 por cento da prote\u00edna no leite de \u00e9gua \u00e9 composta por prote\u00edna do soro, quase o dobro da quantidade presente no leite de vaca. A maior concentra\u00e7\u00e3o de soro leva a uma absor\u00e7\u00e3o e digest\u00e3o aprimoradas em compara\u00e7\u00e3o com produtos l\u00e1cteos.<\/p>\n<p>O leite de \u00e9gua cont\u00e9m aproximadamente metade da quantidade de case\u00edna em compara\u00e7\u00e3o com o leite de vaca. Beber leite de \u00e9gua com um teor mais baixo de case\u00edna pode proporcionar maior conforto para todos que t\u00eam rea\u00e7\u00f5es adversas \u00e0 case\u00edna, como rea\u00e7\u00f5es al\u00e9rgicas e dores gastrointestinais.<\/p>\n<p>O leite de \u00e9gua \u00e9 reconhecido pelo seu alto valor em vitaminas e minerais. \u00c9 rico em vitamina A, complexo B, C, E e D; minerais tamb\u00e9m est\u00e3o dispon\u00edveis. O leite de \u00e9gua tem uma propor\u00e7\u00e3o mais equilibrada de c\u00e1lcio para f\u00f3sforo do que a maioria dos outros tipos de leite, o que permite uma melhor absor\u00e7\u00e3o do c\u00e1lcio em todo o corpo.<\/p>\n<p>Comparado a outros leites, o leite de \u00e9gua tem bem menos calorias, contribuindo para um teor de gordura de 1,25 por cento, contra 3,7 por cento no leite de vaca.<\/p>\n<p>Devido ao baixo teor de gordura, o leite de \u00e9gua cont\u00e9m uma quantidade maior de \u00e1gua, o que resulta em <a href=\"https:\/\/www.equilac.com\/pt\/sabao-de-leite-de-egua-para-uma-pele-macia\/\">um sabor n\u00e3o familiar quando se bebe leite de \u00e9gua pela primeira vez<\/a>.<\/p>\n","protected":false},"excerpt":{"rendered":"<p>A composi\u00e7\u00e3o do leite de \u00e9gua \u00e9 \u00fanica, oferecendo muitos benef\u00edcios. \u00c9 notavelmente semelhante ao leite materno e \u00e9 uma fonte valiosa de vitaminas, minerais e oligoelementos. Cont\u00e9m altos n\u00edveis de ferro e prote\u00edna de soro de leite, o que ajuda na absor\u00e7\u00e3o e digest\u00e3o. Al\u00e9m disso, o leite de \u00e9gua cont\u00e9m lactoferrina, que auxilia [&hellip;]<\/p>\n","protected":false},"author":1,"featured_media":0,"parent":0,"menu_order":0,"comment_status":"closed","ping_status":"closed","template":"","meta":{"_uf_show_specific_survey":0,"_uf_disable_surveys":false,"footnotes":""},"categories":[242],"tags":[],"class_list":["post-8140","page","type-page","status-publish","hentry","category-composicao"],"jetpack_sharing_enabled":true,"_links":{"self":[{"href":"https:\/\/www.equilac.com\/pt\/wp-json\/wp\/v2\/pages\/8140","targetHints":{"allow":["GET"]}}],"collection":[{"href":"https:\/\/www.equilac.com\/pt\/wp-json\/wp\/v2\/pages"}],"about":[{"href":"https:\/\/www.equilac.com\/pt\/wp-json\/wp\/v2\/types\/page"}],"author":[{"embeddable":true,"href":"https:\/\/www.equilac.com\/pt\/wp-json\/wp\/v2\/users\/1"}],"replies":[{"embeddable":true,"href":"https:\/\/www.equilac.com\/pt\/wp-json\/wp\/v2\/comments?post=8140"}],"version-history":[{"count":4,"href":"https:\/\/www.equilac.com\/pt\/wp-json\/wp\/v2\/pages\/8140\/revisions"}],"predecessor-version":[{"id":13639,"href":"https:\/\/www.equilac.com\/pt\/wp-json\/wp\/v2\/pages\/8140\/revisions\/13639"}],"wp:attachment":[{"href":"https:\/\/www.equilac.com\/pt\/wp-json\/wp\/v2\/media?parent=8140"}],"wp:term":[{"taxonomy":"category","embeddable":true,"href":"https:\/\/www.equilac.com\/pt\/wp-json\/wp\/v2\/categories?post=8140"},{"taxonomy":"post_tag","embeddable":true,"href":"https:\/\/www.equilac.com\/pt\/wp-json\/wp\/v2\/tags?post=8140"}],"curies":[{"name":"wp","href":"https:\/\/api.w.org\/{rel}","templated":true}]}}