{"id":8198,"date":"2023-07-02T13:13:44","date_gmt":"2023-07-02T13:13:44","guid":{"rendered":"https:\/\/www.equilac.com\/leite-de-egua-em-po\/"},"modified":"2023-10-09T08:49:07","modified_gmt":"2023-10-09T08:49:07","slug":"leite-de-egua-em-po","status":"publish","type":"page","link":"https:\/\/www.equilac.com\/pt\/leite-de-egua-em-po\/","title":{"rendered":"Como \u00e9 feito o leite em p\u00f3 de \u00e9gua?"},"content":{"rendered":"<p>O leite em p\u00f3 de \u00e9gua \u00e9 uma maneira vers\u00e1til e conveniente de aproveitar os benef\u00edcios do leite de \u00e9gua para a sa\u00fade. O p\u00f3 ret\u00e9m suas vitaminas e minerais naturais, com 91% da \u00e1gua removida por meio de m\u00e9todos de liofiliza\u00e7\u00e3o ou secagem por spray.<\/p>\n<p>O leite em p\u00f3 de \u00e9gua \u00e9 obtido transformando o <a href=\"https:\/\/www.equilac.com\/pt\/leite-de-egua\/\">leite de \u00e9gua<\/a>\u00a0l\u00edquido em p\u00f3. Isto pode ser feito por dois processos de transforma\u00e7\u00e3o: liofiliza\u00e7\u00e3o ou secagem por pulveriza\u00e7\u00e3o. Ambas as t\u00e9cnicas mant\u00eam a temperatura abaixo de 38\u00b0C para preservar o conte\u00fado nutricional do leite. No m\u00e9todo de secagem por pulveriza\u00e7\u00e3o, o leite \u00e9 aquecido a uma temperatura espec\u00edfica para matar bact\u00e9rias indesejadas, preservando elementos valiosos. O processo de liofiliza\u00e7\u00e3o envolve congelar o leite e depois sec\u00e1-lo em temperaturas muito baixas, o que garante que todas as vitaminas, minerais e prote\u00ednas sejam mantidos intactos.<\/p>\n<p>Uma das vantagens do leite em p\u00f3 de \u00e9gua \u00e9 a facilidade de uso. Misture com \u00e1gua morna ou iogurte, ou seque o p\u00f3 e enx\u00e1gue com \u00e1gua. \u00c9 importante evitar aquecer o produto para manter seus benef\u00edcios \u00e0 sa\u00fade.<\/p>\n<p><strong>Quer saber mais sobre leite de \u00e9gua?<\/strong><\/p>\n<ul>\n<li><a href=\"https:\/\/www.equilac.com\/pt\/beber-leite-de-cavalo-fresco\/\">Beber leite de cavalo fresco<\/a><\/li>\n<li><a href=\"https:\/\/www.equilac.com\/pt\/voce-pode-fazer-queijo-com-leite-de-egua\/\">Voc\u00ea pode fazer queijo com leite de \u00e9gua<\/a><\/li>\n<\/ul>\n<p>O leite em p\u00f3 de \u00e9gua tamb\u00e9m est\u00e1 dispon\u00edvel em c\u00e1psulas ou comprimidos para quem acha a forma em p\u00f3 um desafio. Essas c\u00e1psulas s\u00e3o f\u00e1ceis de armazenar, t\u00eam longa vida \u00fatil de at\u00e9 18 meses e podem ser facilmente enviadas.<\/p>\n<p>O leite em p\u00f3 de \u00e9gua oferece uma forma sustent\u00e1vel e conveniente de apoiar a sua sa\u00fade. Quer opte por consumi-lo em p\u00f3 ou em c\u00e1psulas, est\u00e1 a usufruir de um produto natural vers\u00e1til e ben\u00e9fico.<\/p>\n","protected":false},"excerpt":{"rendered":"<p>O leite em p\u00f3 de \u00e9gua \u00e9 uma maneira vers\u00e1til e conveniente de aproveitar os benef\u00edcios do leite de \u00e9gua para a sa\u00fade. O p\u00f3 ret\u00e9m suas vitaminas e minerais naturais, com 91% da \u00e1gua removida por meio de m\u00e9todos de liofiliza\u00e7\u00e3o ou secagem por spray. O leite em p\u00f3 de \u00e9gua \u00e9 obtido transformando [&hellip;]<\/p>\n","protected":false},"author":1,"featured_media":6330,"parent":0,"menu_order":0,"comment_status":"closed","ping_status":"closed","template":"","meta":{"_uf_show_specific_survey":0,"_uf_disable_surveys":false,"footnotes":""},"categories":[217],"tags":[186],"class_list":["post-8198","page","type-page","status-publish","has-post-thumbnail","hentry","category-produtos","tag-related-pt"],"jetpack_sharing_enabled":true,"_links":{"self":[{"href":"https:\/\/www.equilac.com\/pt\/wp-json\/wp\/v2\/pages\/8198","targetHints":{"allow":["GET"]}}],"collection":[{"href":"https:\/\/www.equilac.com\/pt\/wp-json\/wp\/v2\/pages"}],"about":[{"href":"https:\/\/www.equilac.com\/pt\/wp-json\/wp\/v2\/types\/page"}],"author":[{"embeddable":true,"href":"https:\/\/www.equilac.com\/pt\/wp-json\/wp\/v2\/users\/1"}],"replies":[{"embeddable":true,"href":"https:\/\/www.equilac.com\/pt\/wp-json\/wp\/v2\/comments?post=8198"}],"version-history":[{"count":1,"href":"https:\/\/www.equilac.com\/pt\/wp-json\/wp\/v2\/pages\/8198\/revisions"}],"predecessor-version":[{"id":13473,"href":"https:\/\/www.equilac.com\/pt\/wp-json\/wp\/v2\/pages\/8198\/revisions\/13473"}],"wp:featuredmedia":[{"embeddable":true,"href":"https:\/\/www.equilac.com\/pt\/wp-json\/wp\/v2\/media\/6330"}],"wp:attachment":[{"href":"https:\/\/www.equilac.com\/pt\/wp-json\/wp\/v2\/media?parent=8198"}],"wp:term":[{"taxonomy":"category","embeddable":true,"href":"https:\/\/www.equilac.com\/pt\/wp-json\/wp\/v2\/categories?post=8198"},{"taxonomy":"post_tag","embeddable":true,"href":"https:\/\/www.equilac.com\/pt\/wp-json\/wp\/v2\/tags?post=8198"}],"curies":[{"name":"wp","href":"https:\/\/api.w.org\/{rel}","templated":true}]}}