{"id":8217,"date":"2023-07-02T12:23:22","date_gmt":"2023-07-02T12:23:22","guid":{"rendered":"https:\/\/www.equilac.com\/pesquisa-sobre-leite-de-egua\/"},"modified":"2023-10-09T08:30:55","modified_gmt":"2023-10-09T08:30:55","slug":"pesquisa-sobre-leite-de-egua","status":"publish","type":"page","link":"https:\/\/www.equilac.com\/pt\/pesquisa-sobre-leite-de-egua\/","title":{"rendered":"Pesquisa sobre leite de \u00e9gua"},"content":{"rendered":"<ul>\n<li>Estudos da Universidade Friedrich-Schiller de Jena mostram que o leite de \u00e9gua pode ajudar a tratar problemas de pele.<\/li>\n<li>O leite de \u00e9gua tamb\u00e9m mostrou efeitos positivos no tratamento de problemas internos de sa\u00fade, como problemas intestinais, respirat\u00f3rios e hep\u00e1ticos.<\/li>\n<li>Crian\u00e7as com alergia ao leite de vaca toleram bem o leite de \u00e9gua, e \u00e9 o mais semelhante ao leite materno humano de todos os tipos de leite de mam\u00edferos.<\/li>\n<\/ul>\n<h2 id=\"elementor-tab-title-1091\" role=\"button\" data-tab=\"1\" aria-controls=\"elementor-tab-content-1091\" aria-expanded=\"false\"><a tabindex=\"0\">Pesquisa sobre os benef\u00edcios do leite de \u00e9gua<\/a><\/h2>\n<p>A pesquisa mais importante sobre os benef\u00edcios do leite de \u00e9gua para a sa\u00fade vem da Universidade Friedrich-Schiller em Jena, Alemanha. Esta universidade passou mais de uma d\u00e9cada pesquisando os benef\u00edcios do leite de \u00e9gua como tratamento de suporte. Esses estudos indicam os benef\u00edcios da ingest\u00e3o a longo prazo de leite de \u00e9gua por pelo menos seis meses.<\/p>\n<h2 id=\"elementor-tab-title-1092\" role=\"button\" data-tab=\"2\" aria-controls=\"elementor-tab-content-1092\" aria-expanded=\"false\"><a tabindex=\"0\">Leite de \u00e9gua e problemas de pele<\/a><\/h2>\n<p>Um estudo de 2009 descobriu que mais de 90% dos pacientes com v\u00e1rias doen\u00e7as de pele relataram que a gravidade de seus sintomas diminuiu drasticamente ap\u00f3s beber leite de \u00e9gua. Uma melhora nos sintomas como coceira e dist\u00farbios do sono pode ser apoiada clinicamente, com os pacientes relatando uma melhora de \u201csemi-grave\/grave\u201d para \u201cleve\/inexistente\u201d ap\u00f3s seis meses de tratamento. Alguns pacientes conseguiram at\u00e9 reduzir a ingest\u00e3o de medicamentos.<\/p>\n<h2 id=\"elementor-tab-title-1093\" role=\"button\" data-tab=\"3\" aria-controls=\"elementor-tab-content-1093\" aria-expanded=\"false\"><a tabindex=\"0\">Leite de \u00e9gua e sa\u00fade interna<\/a><\/h2>\n<p>A Universidade Friedrich-Schiller de Jena tamb\u00e9m descobriu que 75% dos consumidores com problemas intestinais, respirat\u00f3rios ou hep\u00e1ticos responderam positivamente ao consumo de leite de \u00e9gua. Especialmente para pessoas com dist\u00farbios intestinais, a ingest\u00e3o de leite de \u00e9gua levou \u00e0 diminui\u00e7\u00e3o dos sintomas e melhora da sa\u00fade.<\/p>\n<h2 id=\"elementor-tab-title-1094\" role=\"button\" data-tab=\"4\" aria-controls=\"elementor-tab-content-1094\" aria-expanded=\"false\"><a tabindex=\"0\">Leite de \u00e9gua para alergia ao leite de vaca<\/a><\/h2>\n<p>Outro estudo publicado na Pediatric Allergy and Immunology mostrou que o leite de \u00e9gua \u00e9 bem tolerado por quase 96% das crian\u00e7as al\u00e9rgicas ao leite de vaca. Dr. Rene Madeleyn, um pediatra, afirmou que o leite de \u00e9gua cont\u00e9m muitos anticorpos que neutralizam bact\u00e9rias e v\u00edrus e \u00e9 o mais semelhante de todos os mam\u00edferos ao leite materno humano.<\/p>\n","protected":false},"excerpt":{"rendered":"<p>Estudos da Universidade Friedrich-Schiller de Jena mostram que o leite de \u00e9gua pode ajudar a tratar problemas de pele. O leite de \u00e9gua tamb\u00e9m mostrou efeitos positivos no tratamento de problemas internos de sa\u00fade, como problemas intestinais, respirat\u00f3rios e hep\u00e1ticos. Crian\u00e7as com alergia ao leite de vaca toleram bem o leite de \u00e9gua, e \u00e9 [&hellip;]<\/p>\n","protected":false},"author":1,"featured_media":1401,"parent":0,"menu_order":0,"comment_status":"closed","ping_status":"closed","template":"","meta":{"_uf_show_specific_survey":0,"_uf_disable_surveys":false,"footnotes":""},"categories":[229],"tags":[186],"class_list":["post-8217","page","type-page","status-publish","has-post-thumbnail","hentry","category-informatie","tag-related-pt"],"jetpack_sharing_enabled":true,"_links":{"self":[{"href":"https:\/\/www.equilac.com\/pt\/wp-json\/wp\/v2\/pages\/8217","targetHints":{"allow":["GET"]}}],"collection":[{"href":"https:\/\/www.equilac.com\/pt\/wp-json\/wp\/v2\/pages"}],"about":[{"href":"https:\/\/www.equilac.com\/pt\/wp-json\/wp\/v2\/types\/page"}],"author":[{"embeddable":true,"href":"https:\/\/www.equilac.com\/pt\/wp-json\/wp\/v2\/users\/1"}],"replies":[{"embeddable":true,"href":"https:\/\/www.equilac.com\/pt\/wp-json\/wp\/v2\/comments?post=8217"}],"version-history":[{"count":1,"href":"https:\/\/www.equilac.com\/pt\/wp-json\/wp\/v2\/pages\/8217\/revisions"}],"predecessor-version":[{"id":13457,"href":"https:\/\/www.equilac.com\/pt\/wp-json\/wp\/v2\/pages\/8217\/revisions\/13457"}],"wp:featuredmedia":[{"embeddable":true,"href":"https:\/\/www.equilac.com\/pt\/wp-json\/wp\/v2\/media\/1401"}],"wp:attachment":[{"href":"https:\/\/www.equilac.com\/pt\/wp-json\/wp\/v2\/media?parent=8217"}],"wp:term":[{"taxonomy":"category","embeddable":true,"href":"https:\/\/www.equilac.com\/pt\/wp-json\/wp\/v2\/categories?post=8217"},{"taxonomy":"post_tag","embeddable":true,"href":"https:\/\/www.equilac.com\/pt\/wp-json\/wp\/v2\/tags?post=8217"}],"curies":[{"name":"wp","href":"https:\/\/api.w.org\/{rel}","templated":true}]}}