{"id":8274,"date":"2023-07-02T13:21:36","date_gmt":"2023-07-02T13:21:36","guid":{"rendered":"https:\/\/www.equilac.com\/historia-do-leite-de-egua\/"},"modified":"2023-10-09T08:14:52","modified_gmt":"2023-10-09T08:14:52","slug":"historia-do-leite-de-egua","status":"publish","type":"page","link":"https:\/\/www.equilac.com\/pt\/historia-do-leite-de-egua\/","title":{"rendered":"Origem do leite de \u00e9gua"},"content":{"rendered":"<p>Com uma hist\u00f3ria de mais de 2.000 anos, o leite de \u00e9gua teve um impacto significativo na sa\u00fade e no bem-estar de muitas pessoas.<\/p>\n<p>A origem do <a href=\"https:\/\/www.equilac.com\/pt\/leite-de-egua\/\">leite de cavalo<\/a> remonta aos antigos gregos. Eles acreditavam que as Amazonas, uma tribo lend\u00e1ria de guerreiras, alimentavam seus filhos com leite de \u00e9gua, entre outras coisas.<\/p>\n<p>Os citas eram guerreiros viajantes que viviam no sul da Sib\u00e9ria e dependiam de seus cavalos para transporte. Os pesquisadores descobriram que essas tribos criavam cavalos para obter for\u00e7a e mobilidade e para produzir leite para alimentar seus filhos.<\/p>\n<p>A rainha eg\u00edpcia Cle\u00f3patra banhou-se em leite azedo de burra para reduzir rugas e manter sua beleza jovem. O leite azedo atua como um esfoliante suave, removendo as c\u00e9lulas mortas da pele e revelando uma pele mais lisa e radiante. Cle\u00f3patra \u00e9 lembrada como uma das mulheres mais bonitas de todos os tempos; seu ritual de beleza deve ter produzido os resultados desejados.<\/p>\n<p>Contudo, na R\u00fassia, no final do s\u00e9culo XIX e in\u00edcio do s\u00e9culo XX, a produ\u00e7\u00e3o e o consumo organizado de leite de \u00e9gua come\u00e7aram a crescer, principalmente para tratar a tuberculose. Naquela \u00e9poca, a tuberculose era considerada uma das doen\u00e7as mais temidas e para a qual ainda n\u00e3o havia tratamento eficaz. Os m\u00e9dicos russos notaram que alguns pacientes que bebiam leite de \u00e9gua pareciam ter melhor resist\u00eancia \u00e0 doen\u00e7a. Esta observa\u00e7\u00e3o levou \u00e0 cria\u00e7\u00e3o de sanat\u00f3rios, uma casa de convalescen\u00e7a onde os pacientes ficam temporariamente para se recuperarem desta condi\u00e7\u00e3o.<\/p>\n<p>Na d\u00e9cada de 1990, o leite de \u00e9gua tornou-se mais conhecido na Europa, especialmente em pa\u00edses como Alemanha, B\u00e9lgica, Holanda e Fran\u00e7a, onde as f\u00e1bricas de latic\u00ednios de \u00e9gua ofereciam <a href=\"https:\/\/www.equilac.com\/pt\/beber-leite-de-cavalo-fresco\/\">leite de cavalo fresco ou congelado<\/a> para usu\u00e1rios com problemas de sa\u00fade.<\/p>\n<p>Em 1999, nosso produto Equilac\u00ae chegou ao mercado; foi o primeiro suplemento alimentar \u00e0 base de leite de \u00e9gua, tornando-o acess\u00edvel a todos atrav\u00e9s das farm\u00e1cias. <a href=\"https:\/\/www.equilac.com\/pt\/historia\/\">Leia mais sobre a hist\u00f3ria da fam\u00edlia por tr\u00e1s do Equilac<\/a>.<\/p>\n","protected":false},"excerpt":{"rendered":"<p>Com uma hist\u00f3ria de mais de 2.000 anos, o leite de \u00e9gua teve um impacto significativo na sa\u00fade e no bem-estar de muitas pessoas. A origem do leite de cavalo remonta aos antigos gregos. Eles acreditavam que as Amazonas, uma tribo lend\u00e1ria de guerreiras, alimentavam seus filhos com leite de \u00e9gua, entre outras coisas. Os [&hellip;]<\/p>\n","protected":false},"author":1,"featured_media":6073,"parent":0,"menu_order":0,"comment_status":"closed","ping_status":"closed","template":"","meta":{"_uf_show_specific_survey":0,"_uf_disable_surveys":false,"footnotes":""},"categories":[229],"tags":[186],"class_list":["post-8274","page","type-page","status-publish","has-post-thumbnail","hentry","category-informatie","tag-related-pt"],"jetpack_sharing_enabled":true,"_links":{"self":[{"href":"https:\/\/www.equilac.com\/pt\/wp-json\/wp\/v2\/pages\/8274","targetHints":{"allow":["GET"]}}],"collection":[{"href":"https:\/\/www.equilac.com\/pt\/wp-json\/wp\/v2\/pages"}],"about":[{"href":"https:\/\/www.equilac.com\/pt\/wp-json\/wp\/v2\/types\/page"}],"author":[{"embeddable":true,"href":"https:\/\/www.equilac.com\/pt\/wp-json\/wp\/v2\/users\/1"}],"replies":[{"embeddable":true,"href":"https:\/\/www.equilac.com\/pt\/wp-json\/wp\/v2\/comments?post=8274"}],"version-history":[{"count":1,"href":"https:\/\/www.equilac.com\/pt\/wp-json\/wp\/v2\/pages\/8274\/revisions"}],"predecessor-version":[{"id":13445,"href":"https:\/\/www.equilac.com\/pt\/wp-json\/wp\/v2\/pages\/8274\/revisions\/13445"}],"wp:featuredmedia":[{"embeddable":true,"href":"https:\/\/www.equilac.com\/pt\/wp-json\/wp\/v2\/media\/6073"}],"wp:attachment":[{"href":"https:\/\/www.equilac.com\/pt\/wp-json\/wp\/v2\/media?parent=8274"}],"wp:term":[{"taxonomy":"category","embeddable":true,"href":"https:\/\/www.equilac.com\/pt\/wp-json\/wp\/v2\/categories?post=8274"},{"taxonomy":"post_tag","embeddable":true,"href":"https:\/\/www.equilac.com\/pt\/wp-json\/wp\/v2\/tags?post=8274"}],"curies":[{"name":"wp","href":"https:\/\/api.w.org\/{rel}","templated":true}]}}