{"id":8292,"date":"2023-07-02T13:09:59","date_gmt":"2023-07-02T13:09:59","guid":{"rendered":"https:\/\/www.equilac.com\/beber-leite-de-cavalo-fresco\/"},"modified":"2023-09-07T07:53:52","modified_gmt":"2023-09-07T07:53:52","slug":"beber-leite-de-cavalo-fresco","status":"publish","type":"page","link":"https:\/\/www.equilac.com\/pt\/beber-leite-de-cavalo-fresco\/","title":{"rendered":"Beber leite de \u00e9gua fresco"},"content":{"rendered":"<p>O leite de \u00e9gua \u00e9 um produto \u00fanico obtido atrav\u00e9s da ordenha manual de uma \u00e9gua ou atrav\u00e9s de uma ordenhadeira adaptada ao \u00fabere da \u00e9gua. O leite de cavalo fresco \u00e9 cru e n\u00e3o pasteurizado. Como resultado, mant\u00e9m o seu valor nutricional e cont\u00e9m muitos nutrientes essenciais.<\/p>\n<p>Se preferir beber leite de \u00e9gua em vez de tomar c\u00e1psulas de leite de \u00e9gua, a quantidade di\u00e1ria recomendada \u00e9 de 250 ml por dia. Voc\u00ea pode beber leite de cavalo puro, mas \u00e9 poss\u00edvel dilu\u00ed-lo com xarope, cacau, a\u00e7\u00facar ou fazer mingau. Tenha em aten\u00e7\u00e3o que o leite de \u00e9gua nunca deve ser aquecido acima dos 37 \u00b0C.<\/p>\n<p>O leite de cavalo fresco e n\u00e3o pasteurizado pode ser armazenado fresco por tr\u00eas dias. \u00c9 por isso que o leite de \u00e9gua \u00e9 imediatamente congelado ou seco em p\u00f3 para preservar os muitos nutrientes essenciais que o leite de \u00e9gua cont\u00e9m. O leite congelado conserva-se durante seis meses a -18 \u00b0C. Se congelado, o leite deve ser descongelado na geladeira. Ap\u00f3s o descongelamento, o leite n\u00e3o deve ser congelado novamente.<\/p>\n<p>Recomenda-se n\u00e3o beber leite de cavalo cru (n\u00e3o pasteurizado) durante a gravidez.<\/p>\n<p><strong>Quer saber mais sobre leite de \u00e9gua?<\/strong><\/p>\n<ul>\n<li><a href=\"https:\/\/www.equilac.com\/pt\/como-e-feito-o-leite-de-egua\/\">Como \u00e9 feito o leite de \u00e9gua<\/a><\/li>\n<li><a href=\"https:\/\/www.equilac.com\/pt\/leite-de-egua-em-po\/\">Como \u00e9 feito o leite em p\u00f3 de \u00e9gua<\/a><\/li>\n<\/ul>\n","protected":false},"excerpt":{"rendered":"<p>O leite de \u00e9gua \u00e9 um produto \u00fanico obtido atrav\u00e9s da ordenha manual de uma \u00e9gua ou atrav\u00e9s de uma ordenhadeira adaptada ao \u00fabere da \u00e9gua. O leite de cavalo fresco \u00e9 cru e n\u00e3o pasteurizado. Como resultado, mant\u00e9m o seu valor nutricional e cont\u00e9m muitos nutrientes essenciais. Se preferir beber leite de \u00e9gua em [&hellip;]<\/p>\n","protected":false},"author":1,"featured_media":6120,"parent":0,"menu_order":0,"comment_status":"closed","ping_status":"closed","template":"","meta":{"_uf_show_specific_survey":0,"_uf_disable_surveys":false,"footnotes":""},"categories":[217],"tags":[186],"class_list":["post-8292","page","type-page","status-publish","has-post-thumbnail","hentry","category-produtos","tag-related-pt"],"jetpack_sharing_enabled":true,"_links":{"self":[{"href":"https:\/\/www.equilac.com\/pt\/wp-json\/wp\/v2\/pages\/8292","targetHints":{"allow":["GET"]}}],"collection":[{"href":"https:\/\/www.equilac.com\/pt\/wp-json\/wp\/v2\/pages"}],"about":[{"href":"https:\/\/www.equilac.com\/pt\/wp-json\/wp\/v2\/types\/page"}],"author":[{"embeddable":true,"href":"https:\/\/www.equilac.com\/pt\/wp-json\/wp\/v2\/users\/1"}],"replies":[{"embeddable":true,"href":"https:\/\/www.equilac.com\/pt\/wp-json\/wp\/v2\/comments?post=8292"}],"version-history":[{"count":0,"href":"https:\/\/www.equilac.com\/pt\/wp-json\/wp\/v2\/pages\/8292\/revisions"}],"wp:featuredmedia":[{"embeddable":true,"href":"https:\/\/www.equilac.com\/pt\/wp-json\/wp\/v2\/media\/6120"}],"wp:attachment":[{"href":"https:\/\/www.equilac.com\/pt\/wp-json\/wp\/v2\/media?parent=8292"}],"wp:term":[{"taxonomy":"category","embeddable":true,"href":"https:\/\/www.equilac.com\/pt\/wp-json\/wp\/v2\/categories?post=8292"},{"taxonomy":"post_tag","embeddable":true,"href":"https:\/\/www.equilac.com\/pt\/wp-json\/wp\/v2\/tags?post=8292"}],"curies":[{"name":"wp","href":"https:\/\/api.w.org\/{rel}","templated":true}]}}