{"id":10285,"date":"2023-08-28T16:35:38","date_gmt":"2023-08-28T16:35:38","guid":{"rendered":"https:\/\/www.equilac.com\/vad-kostar-hastmjolk\/"},"modified":"2023-09-18T16:27:15","modified_gmt":"2023-09-18T16:27:15","slug":"vad-kostar-hastmjolk","status":"publish","type":"page","link":"https:\/\/www.equilac.com\/sv\/vad-kostar-hastmjolk\/","title":{"rendered":"Vad kostar h\u00e4stmj\u00f6lk?"},"content":{"rendered":"<p>Med tanke p\u00e5 komplexiteten i produktionsprocessen och det begr\u00e4nsade utbudet \u00e4r priset f\u00f6r r\u00e5 h\u00e4stmj\u00f6lk dyrt j\u00e4mf\u00f6rt med andra typer av mj\u00f6lk.<\/p>\n<p>Det genomsnittliga priset p\u00e5 h\u00e4stmj\u00f6lk (r\u00e5, fryst och kapslar) \u00e4r:<\/p>\n<table border=\"1\">\n<thead>\n<tr>\n<th>Produkt<\/th>\n<th>Pris\/Liter<\/th>\n<th>Pris\/Dag<\/th>\n<th>Pris\/M\u00e5nad<\/th>\n<\/tr>\n<\/thead>\n<tbody>\n<tr>\n<td>R\u00e5 h\u00e4stmj\u00f6lk<\/td>\n<td>\u20ac10<\/td>\n<td>\u20ac2,5 (250 ml\/dag)<\/td>\n<td>\u20ac75<\/td>\n<\/tr>\n<tr>\n<td>Frusen h\u00e4stmj\u00f6lk<\/td>\n<td>\u20ac10<\/td>\n<td>\u20ac2,5 (250 ml\/dag)<\/td>\n<td>\u20ac75<\/td>\n<\/tr>\n<tr>\n<td>H\u00e4stmj\u00f6lkkapslar<\/td>\n<td>&#8211;<\/td>\n<td>\u20ac1,33 (2 kapslar\/dag)<\/td>\n<td>\u20ac40<\/td>\n<\/tr>\n<\/tbody>\n<\/table>\n<p>&nbsp;<\/p>\n<p>&nbsp;<\/p>\n","protected":false},"excerpt":{"rendered":"<p>Med tanke p\u00e5 komplexiteten i produktionsprocessen och det begr\u00e4nsade utbudet \u00e4r priset f\u00f6r r\u00e5 h\u00e4stmj\u00f6lk dyrt j\u00e4mf\u00f6rt med andra typer av mj\u00f6lk. Det genomsnittliga priset p\u00e5 h\u00e4stmj\u00f6lk (r\u00e5, fryst och kapslar) \u00e4r: Produkt Pris\/Liter Pris\/Dag Pris\/M\u00e5nad R\u00e5 h\u00e4stmj\u00f6lk \u20ac10 \u20ac2,5 (250 ml\/dag) \u20ac75 Frusen h\u00e4stmj\u00f6lk \u20ac10 \u20ac2,5 (250 ml\/dag) \u20ac75 H\u00e4stmj\u00f6lkkapslar &#8211; \u20ac1,33 (2 kapslar\/dag) [&hellip;]<\/p>\n","protected":false},"author":1,"featured_media":0,"parent":0,"menu_order":0,"comment_status":"closed","ping_status":"closed","template":"","meta":{"_uf_show_specific_survey":0,"_uf_disable_surveys":false,"footnotes":""},"categories":[229],"tags":[],"class_list":["post-10285","page","type-page","status-publish","hentry","category-informatie"],"jetpack_sharing_enabled":true,"_links":{"self":[{"href":"https:\/\/www.equilac.com\/sv\/wp-json\/wp\/v2\/pages\/10285","targetHints":{"allow":["GET"]}}],"collection":[{"href":"https:\/\/www.equilac.com\/sv\/wp-json\/wp\/v2\/pages"}],"about":[{"href":"https:\/\/www.equilac.com\/sv\/wp-json\/wp\/v2\/types\/page"}],"author":[{"embeddable":true,"href":"https:\/\/www.equilac.com\/sv\/wp-json\/wp\/v2\/users\/1"}],"replies":[{"embeddable":true,"href":"https:\/\/www.equilac.com\/sv\/wp-json\/wp\/v2\/comments?post=10285"}],"version-history":[{"count":0,"href":"https:\/\/www.equilac.com\/sv\/wp-json\/wp\/v2\/pages\/10285\/revisions"}],"wp:attachment":[{"href":"https:\/\/www.equilac.com\/sv\/wp-json\/wp\/v2\/media?parent=10285"}],"wp:term":[{"taxonomy":"category","embeddable":true,"href":"https:\/\/www.equilac.com\/sv\/wp-json\/wp\/v2\/categories?post=10285"},{"taxonomy":"post_tag","embeddable":true,"href":"https:\/\/www.equilac.com\/sv\/wp-json\/wp\/v2\/tags?post=10285"}],"curies":[{"name":"wp","href":"https:\/\/api.w.org\/{rel}","templated":true}]}}