{"id":11636,"date":"2023-09-18T13:53:19","date_gmt":"2023-09-18T13:53:19","guid":{"rendered":"https:\/\/www.equilac.com\/hastmjolkskram-for-torr-och-kanslig-hud\/"},"modified":"2023-09-29T16:50:17","modified_gmt":"2023-09-29T16:50:17","slug":"hastmjolkskram-for-torr-och-kanslig-hud","status":"publish","type":"page","link":"https:\/\/www.equilac.com\/sv\/hastmjolkskram-for-torr-och-kanslig-hud\/","title":{"rendered":"H\u00e4stmj\u00f6lkskr\u00e4m f\u00f6r torr och k\u00e4nslig hud"},"content":{"rendered":"\n<p>H\u00e4stmj\u00f6lkskr\u00e4m \u00e4r en naturlig <a href=\"https:\/\/www.equilac.com\/sv\/hudvardsprodukter-baserade-pa-hastmjolk\/\" data-type=\"page\" data-id=\"12270\">hudv\u00e5rdsprodukt baserad p\u00e5 h\u00e4stmj\u00f6lk<\/a>. Den \u00e4r en effektiv l\u00f6sning f\u00f6r att lugna psoriasis, eksem, akne, torr hud och k\u00e4nslig hud.<\/p>\n\n\n\n<p>Kr\u00e4mer baserade p\u00e5 h\u00e4stmj\u00f6lk finns tillg\u00e4ngliga i olika typer, inklusive dagkr\u00e4m, nattkr\u00e4m, handkr\u00e4m och bodylotion. De passar f\u00f6r alla hudtyper, fr\u00e5n torr till oljig, och kan appliceras p\u00e5 ansiktet, armb\u00e5garna, kn\u00e4na och andra omr\u00e5den som \u00e4r k\u00e4nsliga f\u00f6r uttorkning eller irritation. Dessa kr\u00e4mer st\u00f6djer hudens naturliga \u00e5terh\u00e4mtningsf\u00f6rm\u00e5ga.<\/p>\n\n\n\n<p>Dagkr\u00e4men \u00e4r l\u00e4mplig f\u00f6r allm\u00e4nt bruk och kan appliceras p\u00e5 morgonen. Den \u00e4r perfekt f\u00f6r k\u00e4nslig, torr eller sprucken hud och ger extra lindring i kallt v\u00e4der. Nattkr\u00e4men n\u00e4ringar din hud medan du sover och absorberas snabbt in i huden utan att p\u00e5verka det naturliga lagret. Handkr\u00e4men absorberas snabbt och \u00e4r idealisk f\u00f6r personer med hudproblem p\u00e5 h\u00e4nderna.<\/p>\n\n\n\n<p>Tillverkad av 100% naturlig h\u00e4stmj\u00f6lk inneh\u00e5ller dessa kr\u00e4mer inga skadliga parabener. De \u00e4r pH-neutrala, uppr\u00e4tth\u00e5ller hudens naturliga pH-balans, minimerar risken f\u00f6r uttorkning och g\u00f6r huden l\u00e4mplig f\u00f6r alla hudtyper.<\/p>\n\n\n\n<p>Fri fr\u00e5n parabener och andra skadliga kemikalier s\u00e4kerst\u00e4lls dessa h\u00e4stmj\u00f6lksprodukters h\u00e5llbarhet av naturliga, ekologiska ingredienser. De \u00e4r idealiska f\u00f6r daglig anv\u00e4ndning, st\u00f6djer hudens naturliga l\u00e4kningsprocess och kan anv\u00e4ndas som kr\u00e4m eller salva.<\/p>\n\n\n\n<p>H\u00e4stmj\u00f6lkskr\u00e4m kommer att g\u00f6ra din hud mjuk, sund och vacker. Den \u00e4r endast f\u00f6r utv\u00e4rtes bruk och \u00e4r s\u00e4rskilt l\u00e4mplig f\u00f6r torr och k\u00e4nslig hud. F\u00f6r extra h\u00e5rv\u00e5rd, \u00f6verv\u00e4g <a href=\"https:\/\/www.equilac.com\/sv\/hastmjolkschampo-for-friskt-har\/\" data-type=\"page\" data-id=\"11923\">h\u00e4stmj\u00f6lksschampo<\/a> f\u00f6r h\u00e4lsosamt h\u00e5r och <a href=\"https:\/\/www.equilac.com\/sv\/hastmjolktval-for-mjuk-hud\/\" data-type=\"page\" data-id=\"12206\">h\u00e4stmj\u00f6lks\u00e5pa<\/a> f\u00f6r mjuk hud.<\/p>\n","protected":false},"excerpt":{"rendered":"<p>H\u00e4stmj\u00f6lkskr\u00e4m \u00e4r en naturlig hudv\u00e5rdsprodukt baserad p\u00e5 h\u00e4stmj\u00f6lk. Den \u00e4r en effektiv l\u00f6sning f\u00f6r att lugna psoriasis, eksem, akne, torr hud och k\u00e4nslig hud. Kr\u00e4mer baserade p\u00e5 h\u00e4stmj\u00f6lk finns tillg\u00e4ngliga i olika typer, inklusive dagkr\u00e4m, nattkr\u00e4m, handkr\u00e4m och bodylotion. De passar f\u00f6r alla hudtyper, fr\u00e5n torr till oljig, och kan appliceras p\u00e5 ansiktet, armb\u00e5garna, kn\u00e4na [&hellip;]<\/p>\n","protected":false},"author":1,"featured_media":11622,"parent":0,"menu_order":0,"comment_status":"closed","ping_status":"closed","template":"","meta":{"_uf_show_specific_survey":0,"_uf_disable_surveys":false,"footnotes":""},"categories":[168,140],"tags":[188],"class_list":["post-11636","page","type-page","status-publish","has-post-thumbnail","hentry","category-stosmjolk","category-horse-milk","tag-related-sv"],"jetpack_sharing_enabled":true,"_links":{"self":[{"href":"https:\/\/www.equilac.com\/sv\/wp-json\/wp\/v2\/pages\/11636","targetHints":{"allow":["GET"]}}],"collection":[{"href":"https:\/\/www.equilac.com\/sv\/wp-json\/wp\/v2\/pages"}],"about":[{"href":"https:\/\/www.equilac.com\/sv\/wp-json\/wp\/v2\/types\/page"}],"author":[{"embeddable":true,"href":"https:\/\/www.equilac.com\/sv\/wp-json\/wp\/v2\/users\/1"}],"replies":[{"embeddable":true,"href":"https:\/\/www.equilac.com\/sv\/wp-json\/wp\/v2\/comments?post=11636"}],"version-history":[{"count":2,"href":"https:\/\/www.equilac.com\/sv\/wp-json\/wp\/v2\/pages\/11636\/revisions"}],"predecessor-version":[{"id":12752,"href":"https:\/\/www.equilac.com\/sv\/wp-json\/wp\/v2\/pages\/11636\/revisions\/12752"}],"wp:featuredmedia":[{"embeddable":true,"href":"https:\/\/www.equilac.com\/sv\/wp-json\/wp\/v2\/media\/11622"}],"wp:attachment":[{"href":"https:\/\/www.equilac.com\/sv\/wp-json\/wp\/v2\/media?parent=11636"}],"wp:term":[{"taxonomy":"category","embeddable":true,"href":"https:\/\/www.equilac.com\/sv\/wp-json\/wp\/v2\/categories?post=11636"},{"taxonomy":"post_tag","embeddable":true,"href":"https:\/\/www.equilac.com\/sv\/wp-json\/wp\/v2\/tags?post=11636"}],"curies":[{"name":"wp","href":"https:\/\/api.w.org\/{rel}","templated":true}]}}