{"id":11682,"date":"2023-09-18T15:45:24","date_gmt":"2023-09-18T15:45:24","guid":{"rendered":"https:\/\/www.equilac.com\/vad-ar-fermenterad-hastmjolk-eller-kumis\/"},"modified":"2023-09-28T10:51:27","modified_gmt":"2023-09-28T10:51:27","slug":"vad-ar-fermenterad-hastmjolk-eller-kumis","status":"publish","type":"page","link":"https:\/\/www.equilac.com\/sv\/vad-ar-fermenterad-hastmjolk-eller-kumis\/","title":{"rendered":"Vad \u00e4r fermenterad h\u00e4stmj\u00f6lk eller kumis?"},"content":{"rendered":"\n<p>Fermenterad h\u00e4stmj\u00f6lk, k\u00e4nd som kumis eller airag i Mongoliet, \u00e4r en traditionell mejeridryck gjord p\u00e5 h\u00e4stmj\u00f6lk. Det \u00e4r en mild alkoholhaltig dryck popul\u00e4r i Centralasien, s\u00e4rskilt i Mongoliet, Kazakstan och Kirgizistan. Att g\u00f6ra kumis inneb\u00e4r att j\u00e4sa r\u00e5, opast\u00f6riserad h\u00e4stmj\u00f6lk med hj\u00e4lp av specifika mj\u00f6lksyrabakterier och j\u00e4st.&#13;\n&#13;\n<\/p>\n\n<p>Ursprunget till kumis g\u00e5r tillbaka till nomadkulturer i Centralasien. Dessa samh\u00e4llen f\u00f6rlitade sig fr\u00e4mst p\u00e5 sin boskap f\u00f6r n\u00e4ring och fann att fermentering av h\u00e4stmj\u00f6lk f\u00f6rl\u00e4ngde dess h\u00e5llbarhet. Med tiden blev kumis en integrerad del av olika centralasiatiska dieter och ceremonier. I Mongoliet \u00e4r det ocks\u00e5 k\u00e4nt som airag och konsumeras traditionellt under sociala sammankomster och speciella tillf\u00e4llen.<\/p>\n\n<p>En av de unika egenskaperna hos kumis \u00e4r dess alkoholhalt. \u00c4ven om alkoholhalten \u00e4r relativt l\u00e5g, fr\u00e5n 0,5 % till 2,5 %, r\u00e4cker det f\u00f6r att bevara mj\u00f6lken och ge den en distinkt smak. Fermentering producerar ocks\u00e5 nyttiga n\u00e4rings\u00e4mnen, inklusive probiotika, som kan hj\u00e4lpa matsm\u00e4ltningen och st\u00e4rka immunf\u00f6rsvaret.<\/p>\n\n<p>N\u00e4r det g\u00e4ller n\u00e4ringsv\u00e4rdet \u00e4r kumis rik p\u00e5 vitaminer och mineraler, s\u00e4rskilt B-vitaminer och kalcium. Drycken \u00e4r \u00e4ven laktosfri, vilket g\u00f6r den mer sm\u00e4ltbar f\u00f6r personer som \u00e4r laktosintoleranta. M\u00e5nga h\u00e4vdar att kumis har h\u00e4lsof\u00f6rdelar, som att hj\u00e4lpa matsm\u00e4ltningen och \u00f6ka energiniv\u00e5erna, \u00e4ven om vetenskapliga studier \u00e4r begr\u00e4nsade p\u00e5 detta omr\u00e5de.<\/p>\n\n<p>Idag vinner kumis internationellt erk\u00e4nnande och produceras till och med i l\u00e4nder utanf\u00f6r Centralasien. Med sin unika smak och potentiella h\u00e4lsof\u00f6rdelar \u00e4r kumis mer \u00e4n bara en kulturell relik; det \u00e4r ett fascinerande exempel p\u00e5 hur traditionell mat och dryck kan anpassa sig och frodas i den moderna v\u00e4rlden. Oavsett om den konsumeras f\u00f6r sin smak, n\u00e4ringsv\u00e4rde eller kulturella betydelse, f\u00f6rblir kumis en \u00e4lskad dryck f\u00f6r m\u00e5nga m\u00e4nniskor runt om i v\u00e4rlden.<\/p>\n","protected":false},"excerpt":{"rendered":"<p>Fermenterad h\u00e4stmj\u00f6lk, k\u00e4nd som kumis eller airag i Mongoliet, \u00e4r en traditionell mejeridryck gjord p\u00e5 h\u00e4stmj\u00f6lk. Det \u00e4r en mild alkoholhaltig dryck popul\u00e4r i Centralasien, s\u00e4rskilt i Mongoliet, Kazakstan och Kirgizistan. Att g\u00f6ra kumis inneb\u00e4r att j\u00e4sa r\u00e5, opast\u00f6riserad h\u00e4stmj\u00f6lk med hj\u00e4lp av specifika mj\u00f6lksyrabakterier och j\u00e4st.&#13; &#13; Ursprunget till kumis g\u00e5r tillbaka till nomadkulturer [&hellip;]<\/p>\n","protected":false},"author":1,"featured_media":11668,"parent":0,"menu_order":0,"comment_status":"closed","ping_status":"closed","template":"","meta":{"_uf_show_specific_survey":0,"_uf_disable_surveys":false,"footnotes":""},"categories":[168],"tags":[188],"class_list":["post-11682","page","type-page","status-publish","has-post-thumbnail","hentry","category-stosmjolk","tag-related-sv"],"jetpack_sharing_enabled":true,"_links":{"self":[{"href":"https:\/\/www.equilac.com\/sv\/wp-json\/wp\/v2\/pages\/11682","targetHints":{"allow":["GET"]}}],"collection":[{"href":"https:\/\/www.equilac.com\/sv\/wp-json\/wp\/v2\/pages"}],"about":[{"href":"https:\/\/www.equilac.com\/sv\/wp-json\/wp\/v2\/types\/page"}],"author":[{"embeddable":true,"href":"https:\/\/www.equilac.com\/sv\/wp-json\/wp\/v2\/users\/1"}],"replies":[{"embeddable":true,"href":"https:\/\/www.equilac.com\/sv\/wp-json\/wp\/v2\/comments?post=11682"}],"version-history":[{"count":1,"href":"https:\/\/www.equilac.com\/sv\/wp-json\/wp\/v2\/pages\/11682\/revisions"}],"predecessor-version":[{"id":12532,"href":"https:\/\/www.equilac.com\/sv\/wp-json\/wp\/v2\/pages\/11682\/revisions\/12532"}],"wp:featuredmedia":[{"embeddable":true,"href":"https:\/\/www.equilac.com\/sv\/wp-json\/wp\/v2\/media\/11668"}],"wp:attachment":[{"href":"https:\/\/www.equilac.com\/sv\/wp-json\/wp\/v2\/media?parent=11682"}],"wp:term":[{"taxonomy":"category","embeddable":true,"href":"https:\/\/www.equilac.com\/sv\/wp-json\/wp\/v2\/categories?post=11682"},{"taxonomy":"post_tag","embeddable":true,"href":"https:\/\/www.equilac.com\/sv\/wp-json\/wp\/v2\/tags?post=11682"}],"curies":[{"name":"wp","href":"https:\/\/api.w.org\/{rel}","templated":true}]}}