{"id":11731,"date":"2023-09-19T16:05:31","date_gmt":"2023-09-19T16:05:31","guid":{"rendered":"https:\/\/www.equilac.com\/vad-ar-hastmjolk\/"},"modified":"2023-10-12T19:17:09","modified_gmt":"2023-10-12T19:17:09","slug":"hastmjolk","status":"publish","type":"page","link":"https:\/\/www.equilac.com\/sv\/hastmjolk\/","title":{"rendered":"H\u00e4stmj\u00f6lk: allt du beh\u00f6ver veta om stosmj\u00f6lk"},"content":{"rendered":"\n<p>H\u00e4stmj\u00f6lk, \u00e4ven kallad h\u00e4stmj\u00f6lk eller equine mj\u00f6lk, har anv\u00e4nts i \u00e5rhundraden som en n\u00e4ringsrik dryck och, mer nyligen, som ett kosttillskott som kan hj\u00e4lpa med m\u00e5nga h\u00e4lsoproblem.<\/p>\n\n\n\n<p><strong>P\u00e5 Equilac\u00ae har vi sammanfattat de viktigaste fakta om h\u00e4stmj\u00f6lk.<\/strong><\/p>\n\n\n\n<div class=\"wp-block-rank-math-toc-block\" id=\"rank-math-toc\"><nav><ul><li class=\"\"><a href=\"#historia-om-hastmjolk\">Historia om h\u00e4stmj\u00f6lk<\/a><\/li><li class=\"\"><a href=\"#hastmjolk-idag\">H\u00e4stmj\u00f6lk idag<\/a><\/li><li class=\"\"><a href=\"#sammansattningen-av-hastmjolk\">Sammans\u00e4ttningen av h\u00e4stmj\u00f6lk<\/a><\/li><li class=\"\"><a href=\"#halsosamma-fordelar-med-hastmjolk\">H\u00e4lsosamma f\u00f6rdelar med h\u00e4stmj\u00f6lk<\/a><ul><li class=\"\"><a href=\"#1-hastmjolk-och-hudproblem\">1. H\u00e4stmj\u00f6lk och hudproblem<\/a><\/li><li class=\"\"><a href=\"#2-hastmjolk-och-immunsystemet\">2. H\u00e4stmj\u00f6lk och immunsystemet<\/a><\/li><li class=\"\"><a href=\"#3-hastmjolk-och-tarmfloran\">3. H\u00e4stmj\u00f6lk och tarmfloran<\/a><\/li><li class=\"\"><a href=\"#4-hastmjolk-mot-allergier\">4. H\u00e4stmj\u00f6lk mot allergier<\/a><\/li><\/ul><\/li><li class=\"\"><a href=\"#hastmjolksprodukter\">H\u00e4stmj\u00f6lksprodukter<\/a><ul><li class=\"\"><a href=\"#1-farsk-eller-frusen-hastmjolk\">1. F\u00e4rsk eller frusen h\u00e4stmj\u00f6lk<\/a><\/li><li class=\"\"><a href=\"#2-fermenterad-hastmjolk-eller-kumis\">2. Fermenterad h\u00e4stmj\u00f6lk eller kumis<\/a><\/li><li class=\"\"><a href=\"#3-hastmjolk-i-kapslar\">3. H\u00e4stmj\u00f6lk i kapslar<\/a><\/li><li class=\"\"><a href=\"#4-hastmjolkspulver\">4. H\u00e4stmj\u00f6lkspulver<\/a><\/li><li class=\"\"><a href=\"#5-hastmjolkskosmetika\">5. H\u00e4stmj\u00f6lkskosmetika<\/a><\/li><li class=\"\"><a href=\"#6-hastmjolksost\">6. H\u00e4stmj\u00f6lksost<\/a><\/li><\/ul><\/li><li class=\"\"><a href=\"#hastmjolksproduktion\">H\u00e4stmj\u00f6lksproduktion<\/a><\/li><li class=\"\"><a href=\"#hastmjolk-for-husdjur\">H\u00e4stmj\u00f6lk f\u00f6r husdjur<\/a><\/li><li class=\"\"><a href=\"#hastmjolkspris\">H\u00e4stmj\u00f6lkspris<\/a><\/li><\/ul><\/nav><\/div>\n\n\n\n<h2 class=\"wp-block-heading\" id=\"historia-om-hastmjolk\">Historia om h\u00e4stmj\u00f6lk<\/h2>\n\n\n\n<p>Med en historia p\u00e5 mer \u00e4n 2 000 \u00e5r har h\u00e4stmj\u00f6lk haft en p\u00e5taglig inverkan p\u00e5 h\u00e4lsan och v\u00e4lbefinnandet hos m\u00e5nga m\u00e4nniskor genom tiderna. <a href=\"https:\/\/www.equilac.com\/sv\/hastmjolks-historia\/\" data-type=\"page\" data-id=\"8278\">Ursprunget till h\u00e4stmj\u00f6lk<\/a> g\u00e5r tillbaka till de antika grekerna. De trodde att Amazonerna, en legendarisk stam av kvinnliga krigare, ammade sina barn med h\u00e4stmj\u00f6lk.<\/p>\n\n\n\n<p>Den egyptiska drottningen Cleopatra badade i sur \u00e5snemj\u00f6lk f\u00f6r att minska rynkor och beh\u00e5lla sin ungdomliga sk\u00f6nhet. Den sura mj\u00f6lken fungerar som en mild peeling, tar bort d\u00f6da hudceller och avsl\u00f6jar en sl\u00e4tare, str\u00e5lande hud under. <\/p>\n\n\n\n<p>I mitten av 1800-talet rekommenderade ryska l\u00e4kare fermenterad h\u00e4stmj\u00f6lk som behandling mot tuberkulos. \u00c4ven om effektiviteten av denna sjukdom inte \u00e4r k\u00e4nd, var ryska f\u00f6rfattare som Leo Tolstoj och Anton Tjechov f\u00f6respr\u00e5kare f\u00f6r h\u00e4stmj\u00f6lk som en nyckel till f\u00f6rb\u00e4ttrad h\u00e4lsa och l\u00e5ng livsl\u00e4ngd.<\/p>\n\n\n\n<h2 class=\"wp-block-heading\" id=\"hastmjolk-idag\">H\u00e4stmj\u00f6lk idag<\/h2>\n\n\n\n<p>P\u00e5 1990-talet blev h\u00e4stmj\u00f6lk mer k\u00e4nt i Europa, s\u00e4rskilt i l\u00e4nder som Tyskland, Belgien, Nederl\u00e4nderna och Frankrike, d\u00e4r h\u00e4stmejerier erbj\u00f6d f\u00e4rsk eller frusen h\u00e4stmj\u00f6lk till anv\u00e4ndare med h\u00e4lsoproblem.<\/p>\n\n\n\n<p>\u00c5r 1999 var v\u00e5r Equilac\u00ae h\u00e4stmejerig\u00e5rd den f\u00f6rsta att producera h\u00e4stmj\u00f6lk i kapslar, vilket gjorde h\u00e4stmj\u00f6lk tillg\u00e4nglig f\u00f6r alla genom apotek.<\/p>\n\n\n\n<h2 class=\"wp-block-heading\" id=\"sammansattningen-av-hastmjolk\"><a href=\"https:\/\/www.equilac.com\/sv\/stosmjolk\/sammansattning\/\">Sammans\u00e4ttningen av h\u00e4stmj\u00f6lk<\/a><\/h2>\n\n\n\n<p>N\u00e4ringsv\u00e4rde av h\u00e4stmj\u00f6lk \u00e4r mycket n\u00e4ra br\u00f6stmj\u00f6lk. De v\u00e4lbalanserade n\u00e4rings\u00e4mnena i h\u00e4stmj\u00f6lk st\u00e4rker immunf\u00f6rsvaret och st\u00f6djer matsm\u00e4ltningssystemet och tarmfloran. Olika h\u00e4lsoproblem kan uppst\u00e5 n\u00e4r dessa f\u00f6rsvagas.<\/p>\n\n\n\n<p>En viktig ingrediens i h\u00e4stmj\u00f6lk \u00e4r <a href=\"https:\/\/www.equilac.com\/sv\/laktoferrin\/\" data-type=\"page\" data-id=\"2544\">laktoferrin<\/a>, ett antiinflammatoriskt protein som ocks\u00e5 kan hittas i br\u00f6stmj\u00f6lk och r\u00e5mj\u00f6lk. En studie av <a href=\"https:\/\/link.springer.com\/article\/10.1007\/s00217-014-2299-4\" target=\"_blank\" rel=\"noreferrer noopener nofollow\">European Food Research and Technology<\/a> visar att laktorferrin, lysozym och kalcium arbetar tillsammans som en antiinflammatorisk, svampd\u00f6dande och antibakteriell substans. De \u00e4r anv\u00e4ndbara f\u00f6r dem med autoimmuna st\u00f6rningar relaterade till hud, allergier och andra h\u00e4lsoproblem.<\/p>\n\n\n\n<h2 class=\"wp-block-heading\" id=\"halsosamma-fordelar-med-hastmjolk\"><a href=\"https:\/\/www.equilac.com\/sv\/stosmjolk\/halsa\/\">H\u00e4lsosamma f\u00f6rdelar med h\u00e4stmj\u00f6lk<\/a><\/h2>\n\n\n\n<p>H\u00e4stmj\u00f6lk erbjuder m\u00e5nga h\u00e4lsof\u00f6rdelar f\u00f6r de som tar Equilac\u00ae kapslar eller dricker f\u00e4rsk h\u00e4stmj\u00f6lk. Det kan vara ett naturligt botemedel f\u00f6r att lindra hudproblem, st\u00e4rka immunsystemet, f\u00f6rb\u00e4ttra tarmfloran och hj\u00e4lpa mot allergier.<\/p>\n\n\n\n<p><strong>H\u00e4stmj\u00f6lk rekommenderas f\u00f6r f\u00f6ljande h\u00e4lsoproblem:<\/strong><\/p>\n\n\n\n<ul class=\"wp-block-list\">\n<li>Hudrelaterade autoimmuna st\u00f6rningar (psoriasis, <a href=\"https:\/\/www.equilac.com\/sv\/hastmjolk-mot-eksem\/\" data-type=\"page\" data-id=\"6989\">eksem<\/a>, akne)<\/li>\n\n\n\n<li>St\u00e4rker ett f\u00f6rsvagat immunsystem<\/li>\n\n\n\n<li>F\u00f6rb\u00e4ttrar matsm\u00e4ltningssystemet och tarmfloran<\/li>\n\n\n\n<li>Lindrar symptom av Crohns sjukdom<\/li>\n\n\n\n<li>Astma, <a href=\"https:\/\/www.equilac.com\/sv\/hastmjolk-ett-naturligt-botemedel-mot-hosnuva\/\" data-type=\"page\" data-id=\"12353\">h\u00f6snuva<\/a> och andra andningssjukdomar<\/li>\n\n\n\n<li>Allergier eller k\u00e4nslighet f\u00f6r komj\u00f6lk<\/li>\n<\/ul>\n\n\n\n<p>\u00c4ven om alla k\u00e4nda f\u00f6rdelar med h\u00e4stmj\u00f6lk inte har unders\u00f6kts noggrant, indikerar befintliga <a href=\"https:\/\/www.equilac.com\/sv\/forskning-om-hastmjolk\/\" data-type=\"page\" data-id=\"8221\">studier om h\u00e4stmj\u00f6lk<\/a> att den kan ha betydande f\u00f6rdelar.<\/p>\n\n\n\n<h3 class=\"wp-block-heading\" id=\"1-hastmjolk-och-hudproblem\">1. <a href=\"https:\/\/www.equilac.com\/sv\/stosmjolk\/halsa\/hudproblem\/\">H\u00e4stmj\u00f6lk och hudproblem<\/a><\/h3>\n\n\n\n<p>H\u00e4stmj\u00f6lk lindrar hudproblem inifr\u00e5n, vid k\u00e4llan till hudproblemet, ist\u00e4llet f\u00f6r att bara undertrycka de yttre symptomen med topiska behandlingar som hydrokortison. H\u00e4stmj\u00f6lk kan komplettera andra (medicinska) behandlingar och hj\u00e4lpa till att hantera symtom p\u00e5 hudrelaterade autoimmuna sjukdomar.<\/p>\n\n\n\n<p><strong>H\u00e4stmj\u00f6lk har visat positiva resultat vid behandling av f\u00f6ljande hudproblem:<\/strong><\/p>\n\n\n\n<ul class=\"wp-block-list\">\n<li><strong>Psoriasis:<\/strong> H\u00e4stmj\u00f6lk kan vara ett alternativt behandlingsalternativ, s\u00e4rskilt n\u00e4r traditionella behandlingar inte ger resultat. Den kan lindra psoriasis symptom inifr\u00e5n, hj\u00e4lpa till att f\u00f6rhindra utbrott och ge l\u00e5ngvarig lindring fr\u00e5n psoriasis.<\/li>\n\n\n\n<li><strong>Eksem:<\/strong> Som en naturlig kur kan h\u00e4stmj\u00f6lk hj\u00e4lpa till att bek\u00e4mpa symtom och orsaker till eksem inifr\u00e5n.<\/li>\n\n\n\n<li><strong>Acne:<\/strong> H\u00e4stmj\u00f6lk kan hj\u00e4lpa till att bek\u00e4mpa acne inifr\u00e5n och ut, vilket ger ett omfattande tillv\u00e4gag\u00e5ngss\u00e4tt f\u00f6r en klarare hud.<\/li>\n<\/ul>\n\n\n\n<h3 class=\"wp-block-heading\" id=\"2-hastmjolk-och-immunsystemet\">2. <a href=\"https:\/\/www.equilac.com\/sv\/stosmjolk\/halsa\/immunforsvar\/\">H\u00e4stmj\u00f6lk och immunsystemet<\/a><\/h3>\n\n\n\n<p>H\u00e4stmj\u00f6lk kan \u00f6ka ditt motst\u00e5nd mot bakteriella sjukdomar och virus, s\u00e4rskilt f\u00f6r sp\u00e4dbarn och barn. H\u00e4stmj\u00f6lk \u00e4r rik p\u00e5 immunoglobuliner (antikroppar), laktorferrin och lysozym, som \u00e4r proteiner som st\u00f6djer immunsystemet.<\/p>\n\n\n\n<h3 class=\"wp-block-heading\" id=\"3-hastmjolk-och-tarmfloran\">3. <a href=\"https:\/\/www.equilac.com\/sv\/stosmjolk\/halsa\/tarmflora\/\">H\u00e4stmj\u00f6lk och tarmfloran<\/a><\/h3>\n\n\n\n<p>Den antibakteriella naturen av h\u00e4stmj\u00f6lk kan fr\u00e4mja en h\u00e4lsosam balans av bakterier i tarmen, vilket leder till en frisk tarmflora och matsm\u00e4ltningssystem.<\/p>\n\n\n\n<p>Ett friskt tarm kan f\u00f6rb\u00e4ttra funktionen av mag-tarmkanalen. Det kan minska symtomen p\u00e5 vissa matsm\u00e4ltningssjukdomar, inklusive Crohns sjukdom och andra kroniska mag- och tarmsjukdomar.<\/p>\n\n\n\n<p>Enligt forskning kan dricka h\u00e4stmj\u00f6lk f\u00f6r personer med Crohns sjukdom minska buksm\u00e4rta, minska blod synligt i avf\u00f6ring och minska beroendet av andra mediciner.<\/p>\n\n\n\n<p>De fr\u00e4msta anledningarna till dessa positiva effekter \u00e4r h\u00e4stmj\u00f6lks antiinflammatoriska och antibakteriella egenskaper. Genom att dricka h\u00e4stmj\u00f6lk kan patienter kunna stoppa framstegen av Crohns sjukdom eller till och med v\u00e4nda n\u00e5gra av dess symptom.<\/p>\n\n\n\n<h3 class=\"wp-block-heading\" id=\"4-hastmjolk-mot-allergier\">4. <a href=\"https:\/\/www.equilac.com\/sv\/stosmjolk\/halsa\/allergier\/\">H\u00e4stmj\u00f6lk mot allergier<\/a><\/h3>\n\n\n\n<p>En studie i <a href=\"https:\/\/onlinelibrary.wiley.com\/doi\/abs\/10.1111\/j.1399-3038.2007.00567.x\" target=\"_blank\" rel=\"noreferrer noopener nofollow\">Pediatric Allergy and Immunology<\/a> har visat att h\u00e4stmj\u00f6lk t\u00e5l v\u00e4l av n\u00e4stan 96 procent av barn med <a href=\"https:\/\/www.equilac.com\/sv\/hastmjolk-mot-komjolksallergi\/\" data-type=\"page\" data-id=\"8259\">komj\u00f6lksallergi<\/a>. Dessa resultat relaterar inte till laktosintolerans, k\u00e4nslighet eller en allergisk reaktion.<\/p>\n\n\n\n<p>Forskningen fann att tills\u00e4ttning av h\u00e4stmj\u00f6lk till en diet \u00f6kade antalet f\u00f6rdelaktiga mikrober i tarmen, vilket kan vara v\u00e4sentligt f\u00f6r att minska allergiska reaktioner mot livsmedel.<\/p>\n\n\n\n<p>De antiinflammatoriska egenskaperna hos h\u00e4stmj\u00f6lk kan ocks\u00e5 ge ett extra skydd mot vissa former av <a href=\"https:\/\/www.equilac.com\/sv\/naturlig-lindring-fran-astma-med-hastmjolk\/\" data-type=\"page\" data-id=\"12371\">astma<\/a> hos sp\u00e4dbarn och barn.<\/p>\n\n\n\n<h2 class=\"wp-block-heading\" id=\"hastmjolksprodukter\"><a href=\"https:\/\/www.equilac.com\/sv\/stosmjolk\/produkter\/\">H\u00e4stmj\u00f6lksprodukter<\/a><\/h2>\n\n\n\n<p>Det finns flera s\u00e4tt att anv\u00e4nda h\u00e4stmj\u00f6lk, beroende p\u00e5 din region och varf\u00f6r du vill konsumera h\u00e4stmj\u00f6lk.<\/p>\n\n\n\n<p>H\u00e4stmj\u00f6lk kan anv\u00e4ndas som ett kosttillskott f\u00f6r b\u00e4ttre h\u00e4lsa, en sk\u00f6nhetsprodukt, eller en gastronomisk upplevelse n\u00e4r du reser genom Mongoliet.<\/p>\n\n\n\n<p><strong>Nedan \u00e4r en sammanfattning av de h\u00e4stmj\u00f6lksprodukter som finns tillg\u00e4ngliga idag:<\/strong><\/p>\n\n\n\n<h3 class=\"wp-block-heading\" id=\"1-farsk-eller-frusen-hastmjolk\">1. <a href=\"https:\/\/www.equilac.com\/sv\/dricker-farsk-hastmjolk\/\">F\u00e4rsk eller frusen h\u00e4stmj\u00f6lk<\/a><\/h3>\n\n\n\n<p>R\u00e5 h\u00e4stmj\u00f6lk \u00e4r b\u00e4st f\u00f6r alla som har turen att bo n\u00e4ra en h\u00e4stmj\u00f6lksfarm.<\/p>\n\n\n\n<p>F\u00e4rsk och opast\u00f6riserad h\u00e4stmj\u00f6lk, som finns p\u00e5 europeiska h\u00e4stmj\u00f6lksfarmer, g\u00e5r bra att dricka upp till tre dagar, och fryst h\u00e4stmj\u00f6lk kan f\u00f6rvaras i upp till 6 m\u00e5nader vid -18 \u00b0C (-0.4 \u00b0F).<\/p>\n\n\n\n<h3 class=\"wp-block-heading\" id=\"2-fermenterad-hastmjolk-eller-kumis\">2. <a href=\"https:\/\/www.equilac.com\/sv\/vad-ar-fermenterad-hastmjolk-eller-kumis\/\">Fermenterad h\u00e4stmj\u00f6lk eller kumis<\/a><\/h3>\n\n\n\n<p>Fermenterad h\u00e4stmj\u00f6lk eller kumis produceras genom att fermentera r\u00e5 opast\u00f6riserad h\u00e4stmj\u00f6lk i upp till fem timmar vid en temperatur av 27 \u00b0C (81 \u00b0F). Denna fermenterade h\u00e4stmj\u00f6lk har en l\u00e5g alkoholvolym och kan lagras under l\u00e4ngre perioder. Kumis kan hittas i Mongoliet, Kazakstan, Kirgizistan och vissa centralasiatiska l\u00e4nder.<\/p>\n\n\n\n<p>Du kan ocks\u00e5 g\u00f6ra yoghurt av h\u00e4stmj\u00f6lk; detta finns tillg\u00e4ngligt p\u00e5 vissa h\u00e4stmj\u00f6lksfarmer i Europa.<\/p>\n\n\n\n<h3 class=\"wp-block-heading\" id=\"3-hastmjolk-i-kapslar\">3. <a href=\"https:\/\/www.equilac.com\/sv\/produkt\/hastmjolk-kapslar\/\">H\u00e4stmj\u00f6lk i kapslar<\/a><\/h3>\n\n\n\n<p>H\u00e4stmj\u00f6lk i f\u00e4rsk eller frusen form \u00e4r sv\u00e5r att k\u00f6pa i de flesta l\u00e4nder. Som ett resultat \u00e4r kosttillskott med h\u00e4stmj\u00f6lkspulver i kapslar eller tabletter en b\u00e4ttre l\u00f6sning f\u00f6r dagligt intag.<\/p>\n\n\n\n<p>De l\u00e4tta att ta h\u00e4stmj\u00f6lkskapslarna ger fler m\u00e4nniskor tillg\u00e5ng till h\u00e4stmj\u00f6lk eftersom de \u00e4r l\u00e4tta att skicka, har en l\u00e5ng h\u00e5llbarhet upp till 18 m\u00e5nader, och finns tillg\u00e4ngliga p\u00e5 apotek.<\/p>\n\n\n\n<h3 class=\"wp-block-heading\" id=\"4-hastmjolkspulver\">4. <a href=\"https:\/\/www.equilac.com\/sv\/hastmjolkspulver\/\">H\u00e4stmj\u00f6lkspulver<\/a><\/h3>\n\n\n\n<p>Pulveriserad h\u00e4stmj\u00f6lk g\u00f6rs genom att frysa eller spraya f\u00e4rsk h\u00e4stmj\u00f6lk, s\u00e5 att 91% av vattnet som finns torkas fr\u00e5n h\u00e4stmj\u00f6lken. B\u00e5da processerna g\u00f6rs noggrant utan att skada n\u00e4ringsv\u00e4rdet i det f\u00e4rdiga h\u00e4stmj\u00f6lkspulvret, s\u00e5 pulvret beh\u00e5ller sina h\u00e4lsof\u00f6rdelar.<\/p>\n\n\n\n<p>H\u00e4stmj\u00f6lk i pulverform \u00e4r en mer praktisk l\u00f6sning f\u00f6r l\u00e5ng h\u00e5llbarhet, utan att tills\u00e4tta konserveringsmedel, och kan blandas f\u00f6r konsumtion i kallt vatten eller kall mat som yoghurt.<\/p>\n\n\n\n<h3 class=\"wp-block-heading\" id=\"5-hastmjolkskosmetika\">5. <a href=\"https:\/\/www.equilac.com\/sv\/hudvardsprodukter-baserade-pa-hastmjolk\/\">H\u00e4stmj\u00f6lkskosmetika<\/a><\/h3>\n\n\n\n<p>H\u00e4stmj\u00f6lks antioxidanta och antibakteriella egenskaper har gjort den till en attraktiv ingrediens i <a href=\"https:\/\/www.equilac.com\/sv\/hastmjolkskram-for-torr-och-kanslig-hud\/\" data-type=\"page\" data-id=\"11636\">hudkr\u00e4m<\/a>, kroppslotion, <a href=\"https:\/\/www.equilac.com\/sv\/hastmjolkschampo-for-friskt-har\/\" data-type=\"page\" data-id=\"11923\">schampo<\/a> och <a href=\"https:\/\/www.equilac.com\/sv\/hastmjolktval-for-mjuk-hud\/\" data-type=\"page\" data-id=\"12206\">tv\u00e5l<\/a>. Idealisk f\u00f6r personer med k\u00e4nslig hud eller torr h\u00e5rbotten. Hudv\u00e5rdsprodukter baserade p\u00e5 h\u00e4stmj\u00f6lk kan vara kompletterande n\u00e4r man behandlar hudproblem med h\u00e4stmj\u00f6lkskapslar.<\/p>\n\n\n\n<h3 class=\"wp-block-heading\" id=\"6-hastmjolksost\">6. <a href=\"https:\/\/www.equilac.com\/sv\/kan-man-gora-ost-av-hastmjolk\/\">H\u00e4stmj\u00f6lksost<\/a><\/h3>\n\n\n\n<p>Vissa h\u00e4stmj\u00f6lksfarmer producerar ost fr\u00e5n h\u00e4stmj\u00f6lk. Det l\u00e4gre kasein- och fettinneh\u00e5llet i h\u00e4stmj\u00f6lk g\u00f6r det mindre l\u00e4mpligt f\u00f6r osttillverkning eftersom du beh\u00f6ver upp till 20 liter (5,28 gallon) h\u00e4stmj\u00f6lk f\u00f6r att producera ett kilo ost; detta g\u00f6r osten dyr.<\/p>\n\n\n\n<h2 class=\"wp-block-heading\" id=\"hastmjolksproduktion\"><a href=\"https:\/\/www.equilac.com\/sv\/hur-tillverkas-hastmjolk\/\">H\u00e4stmj\u00f6lksproduktion<\/a><\/h2>\n\n\n\n<p>H\u00e4stmj\u00f6lk erh\u00e5lls genom att mj\u00f6lka ett sto som nyligen f\u00f6tt en f\u00f6l. Beroende p\u00e5 var h\u00e4stmj\u00f6lken produceras kan den samlas in genom handmj\u00f6lkning av ett sto eller med hj\u00e4lp av en mj\u00f6lkningsmaskin anpassad till stoets juver. Maskinmj\u00f6lkning garanterar att h\u00e4stmj\u00f6lk produceras enligt internationella hygienf\u00f6reskrifter.<\/p>\n\n\n\n<p>Stona behandlas varsamt f\u00f6r att s\u00e4kerst\u00e4lla att de kan uts\u00f6ndra mj\u00f6lk p\u00e5 ett djurv\u00e4nligt och bekv\u00e4mt s\u00e4tt.<\/p>\n\n\n\n<h2 class=\"wp-block-heading\" id=\"hastmjolk-for-husdjur\">H\u00e4stmj\u00f6lk f\u00f6r husdjur<\/h2>\n\n\n\n<p>Husdjur som hundar och katter drar ocks\u00e5 nytta av h\u00e4stmj\u00f6lkspulver; det kan l\u00f6sa hud- och p\u00e4lsproblem, allergier och mag-tarmproblem samt bibeh\u00e5lla en frisk, gl\u00e4nsande p\u00e4ls. Pulvret kan str\u00f6s eller blandas i djurfoder eller ljummet vatten.<\/p>\n\n\n\n<p>Det pulveriserade h\u00e4stmj\u00f6lken kan ocks\u00e5 anv\u00e4ndas som en mj\u00f6lkers\u00e4ttning f\u00f6r moders l\u00f6sa f\u00f6l.<\/p>\n\n\n\n<h2 class=\"wp-block-heading\" id=\"hastmjolkspris\"><a href=\"https:\/\/www.equilac.com\/sv\/vad-kostar-hastmjolk\/\">H\u00e4stmj\u00f6lkspris<\/a><\/h2>\n\n\n\n<p>H\u00e4stmj\u00f6lk kostar cirka 90 kr per liter f\u00f6r f\u00e4rsk eller frusen h\u00e4stmj\u00f6lk, vilket motsvarar 630 kr per m\u00e5nad om du vill f\u00f6lja en kur med flytande h\u00e4stmj\u00f6lk. R\u00e5 och frusen h\u00e4stmj\u00f6lk finns tillg\u00e4nglig fr\u00e5n h\u00e4stmj\u00f6lksfarmer.<\/p>\n\n\n\n<p>Om du inte bor n\u00e4ra en h\u00e4stmj\u00f6lksfarm kan du k\u00f6pa v\u00e5ra Equilac\u00ae kapslar via denna webbplats eller fr\u00e5n apotek i Belgien f\u00f6r 980 kr f\u00f6r en 3-m\u00e5naders behandling. Equilac\u00ae ser till att du har enkel tillg\u00e5ng till konsumtion av h\u00e4stmj\u00f6lk var du \u00e4n \u00e4r.<\/p>\n","protected":false},"excerpt":{"rendered":"<p>H\u00e4stmj\u00f6lk, \u00e4ven kallad h\u00e4stmj\u00f6lk eller equine mj\u00f6lk, har anv\u00e4nts i \u00e5rhundraden som en n\u00e4ringsrik dryck och, mer nyligen, som ett kosttillskott som kan hj\u00e4lpa med m\u00e5nga h\u00e4lsoproblem. P\u00e5 Equilac\u00ae har vi sammanfattat de viktigaste fakta om h\u00e4stmj\u00f6lk. Historia om h\u00e4stmj\u00f6lk Med en historia p\u00e5 mer \u00e4n 2 000 \u00e5r har h\u00e4stmj\u00f6lk haft en p\u00e5taglig inverkan [&hellip;]<\/p>\n","protected":false},"author":1,"featured_media":11764,"parent":0,"menu_order":0,"comment_status":"closed","ping_status":"closed","template":"","meta":{"_uf_show_specific_survey":0,"_uf_disable_surveys":false,"footnotes":""},"categories":[168,235],"tags":[188],"class_list":["post-11731","page","type-page","status-publish","has-post-thumbnail","hentry","category-stosmjolk","category-information","tag-related-sv"],"jetpack_sharing_enabled":true,"_links":{"self":[{"href":"https:\/\/www.equilac.com\/sv\/wp-json\/wp\/v2\/pages\/11731","targetHints":{"allow":["GET"]}}],"collection":[{"href":"https:\/\/www.equilac.com\/sv\/wp-json\/wp\/v2\/pages"}],"about":[{"href":"https:\/\/www.equilac.com\/sv\/wp-json\/wp\/v2\/types\/page"}],"author":[{"embeddable":true,"href":"https:\/\/www.equilac.com\/sv\/wp-json\/wp\/v2\/users\/1"}],"replies":[{"embeddable":true,"href":"https:\/\/www.equilac.com\/sv\/wp-json\/wp\/v2\/comments?post=11731"}],"version-history":[{"count":12,"href":"https:\/\/www.equilac.com\/sv\/wp-json\/wp\/v2\/pages\/11731\/revisions"}],"predecessor-version":[{"id":14073,"href":"https:\/\/www.equilac.com\/sv\/wp-json\/wp\/v2\/pages\/11731\/revisions\/14073"}],"wp:featuredmedia":[{"embeddable":true,"href":"https:\/\/www.equilac.com\/sv\/wp-json\/wp\/v2\/media\/11764"}],"wp:attachment":[{"href":"https:\/\/www.equilac.com\/sv\/wp-json\/wp\/v2\/media?parent=11731"}],"wp:term":[{"taxonomy":"category","embeddable":true,"href":"https:\/\/www.equilac.com\/sv\/wp-json\/wp\/v2\/categories?post=11731"},{"taxonomy":"post_tag","embeddable":true,"href":"https:\/\/www.equilac.com\/sv\/wp-json\/wp\/v2\/tags?post=11731"}],"curies":[{"name":"wp","href":"https:\/\/api.w.org\/{rel}","templated":true}]}}