{"id":11923,"date":"2023-09-22T16:36:20","date_gmt":"2023-09-22T16:36:20","guid":{"rendered":"https:\/\/www.equilac.com\/hastmjolkschampo-for-friskt-har\/"},"modified":"2023-09-25T11:21:56","modified_gmt":"2023-09-25T11:21:56","slug":"hastmjolkschampo-for-friskt-har","status":"publish","type":"page","link":"https:\/\/www.equilac.com\/sv\/hastmjolkschampo-for-friskt-har\/","title":{"rendered":"H\u00e4stmj\u00f6lkschampo f\u00f6r friskt h\u00e5r"},"content":{"rendered":"\n<p>Om du \u00e4r ett fan av naturlig h\u00e5rv\u00e5rd kan h\u00e4stmj\u00f6lkschampo vara den perfekta l\u00f6sningen f\u00f6r dig. Detta schampo erbjuder ett skonsamt och effektivt s\u00e4tt att reng\u00f6ra och ta hand om ditt h\u00e5r. Tack vare dess naturliga ingredienser och pH-neutrala egenskaper bevarar det hudens naturliga skyddslager och fr\u00e4mjar en frisk h\u00e5rbotten.<\/p>\n\n<p>Detta schampo passar f\u00f6r alla \u00e5ldrar och \u00e4r s\u00e4rskilt f\u00f6rdelaktigt f\u00f6r dem med k\u00e4nslig h\u00e5rbotten, eksem, kl\u00e5da eller flagnande hud. H\u00e4stmj\u00f6lkschampo kan f\u00f6rb\u00e4ttra h\u00e5rtillv\u00e4xt, volym och glans n\u00e4r man hanterar h\u00e5ravfall.&#13;\n<\/p>\n\n<p>En av f\u00f6rdelarna med detta schampo \u00e4r att det \u00e4r fritt fr\u00e5n parabener och syntetiska konserveringsmedel. Det svider inte heller i \u00f6gonen, vilket ger en trevlig tv\u00e4ttupplevelse. F\u00f6r en omfattande h\u00e5rv\u00e5rd kan du kombinera det med ett matchande balsam.&#13;\n<\/p>\n\t\t<div data-elementor-type=\"section\" data-elementor-id=\"12103\" class=\"elementor elementor-12103 elementor-12002\" data-elementor-post-type=\"elementor_library\">\n\t\t\t\t\t<section class=\"elementor-section elementor-top-section elementor-element elementor-element-934d590 elementor-section-boxed elementor-section-height-default elementor-section-height-default\" data-id=\"934d590\" data-element_type=\"section\" data-e-type=\"section\" data-settings=\"{&quot;background_background&quot;:&quot;classic&quot;}\">\n\t\t\t\t\t\t<div class=\"elementor-container elementor-column-gap-default\">\n\t\t\t\t\t<div class=\"elementor-column elementor-col-100 elementor-top-column elementor-element elementor-element-a4464de\" data-id=\"a4464de\" data-element_type=\"column\" data-e-type=\"column\">\n\t\t\t<div class=\"elementor-widget-wrap elementor-element-populated\">\n\t\t\t\t\t\t<div class=\"elementor-element elementor-element-b4bbacd elementor-widget elementor-widget-text-editor\" data-id=\"b4bbacd\" data-element_type=\"widget\" data-e-type=\"widget\" data-widget_type=\"text-editor.default\">\n\t\t\t\t<div class=\"elementor-widget-container\">\n\t\t\t\t\t\t\t\t\tUppt\u00e4ck fler h\u00e4stmj\u00f6lksprodukter, inklusive <a href=\"https:\/\/www.equilac.com\/sv\/hastmjolkskram-for-torr-och-kanslig-hud\/\">h\u00e4stmj\u00f6lkskr\u00e4m<\/a> och <a href=\"https:\/\/www.equilac.com\/sv\/hastmjolkspulver\/\">h\u00e4stmj\u00f6lkspulver<\/a>.\t\t\t\t\t\t\t\t<\/div>\n\t\t\t\t<\/div>\n\t\t\t\t\t<\/div>\n\t\t<\/div>\n\t\t\t\t\t<\/div>\n\t\t<\/section>\n\t\t\t\t<\/div>\n\t\t\n\n<p><\/p>\n\n<p>Vad som g\u00f6r det \u00e4nnu mer tilltalande \u00e4r att det rekommenderas f\u00f6r individer med seborroiskt eksem. Dessutom kan det kombineras med h\u00e4stmj\u00f6lk kapslar f\u00f6r att behandla eksem inifr\u00e5n och ut.&#13;\n<\/p>\n\n<p>Att tv\u00e4tta ditt h\u00e5r med h\u00e4stmj\u00f6lkschampo \u00e4r en behandling f\u00f6r ditt h\u00e5r och en lugnande upplevelse f\u00f6r din h\u00e5rbotten. De lugnande och mjukg\u00f6rande egenskaperna hos de naturliga ingredienserna ser till att din h\u00e5rbotten k\u00e4nns avslappnad. Regelbunden anv\u00e4ndning kan f\u00e5 ditt h\u00e5r att se fylligare och h\u00e4lsosammare ut.&#13;\n<\/p>\n\n<p>H\u00e4stmj\u00f6lkschampo \u00e4r det idealiska valet om du siktar p\u00e5 en frisk h\u00e5rbotten och gl\u00e4nsande h\u00e5r. Para ihop den med ett l\u00e4mpligt balsam och vid behov med h\u00e4stmj\u00f6lk kapslar f\u00f6r b\u00e4sta resultat.<\/p>\n","protected":false},"excerpt":{"rendered":"<p>Om du \u00e4r ett fan av naturlig h\u00e5rv\u00e5rd kan h\u00e4stmj\u00f6lkschampo vara den perfekta l\u00f6sningen f\u00f6r dig. Detta schampo erbjuder ett skonsamt och effektivt s\u00e4tt att reng\u00f6ra och ta hand om ditt h\u00e5r. Tack vare dess naturliga ingredienser och pH-neutrala egenskaper bevarar det hudens naturliga skyddslager och fr\u00e4mjar en frisk h\u00e5rbotten. Detta schampo passar f\u00f6r alla [&hellip;]<\/p>\n","protected":false},"author":1,"featured_media":11909,"parent":0,"menu_order":0,"comment_status":"closed","ping_status":"closed","template":"","meta":{"_uf_show_specific_survey":0,"_uf_disable_surveys":false,"footnotes":""},"categories":[168],"tags":[188],"class_list":["post-11923","page","type-page","status-publish","has-post-thumbnail","hentry","category-stosmjolk","tag-related-sv"],"jetpack_sharing_enabled":true,"_links":{"self":[{"href":"https:\/\/www.equilac.com\/sv\/wp-json\/wp\/v2\/pages\/11923","targetHints":{"allow":["GET"]}}],"collection":[{"href":"https:\/\/www.equilac.com\/sv\/wp-json\/wp\/v2\/pages"}],"about":[{"href":"https:\/\/www.equilac.com\/sv\/wp-json\/wp\/v2\/types\/page"}],"author":[{"embeddable":true,"href":"https:\/\/www.equilac.com\/sv\/wp-json\/wp\/v2\/users\/1"}],"replies":[{"embeddable":true,"href":"https:\/\/www.equilac.com\/sv\/wp-json\/wp\/v2\/comments?post=11923"}],"version-history":[{"count":3,"href":"https:\/\/www.equilac.com\/sv\/wp-json\/wp\/v2\/pages\/11923\/revisions"}],"predecessor-version":[{"id":12036,"href":"https:\/\/www.equilac.com\/sv\/wp-json\/wp\/v2\/pages\/11923\/revisions\/12036"}],"wp:featuredmedia":[{"embeddable":true,"href":"https:\/\/www.equilac.com\/sv\/wp-json\/wp\/v2\/media\/11909"}],"wp:attachment":[{"href":"https:\/\/www.equilac.com\/sv\/wp-json\/wp\/v2\/media?parent=11923"}],"wp:term":[{"taxonomy":"category","embeddable":true,"href":"https:\/\/www.equilac.com\/sv\/wp-json\/wp\/v2\/categories?post=11923"},{"taxonomy":"post_tag","embeddable":true,"href":"https:\/\/www.equilac.com\/sv\/wp-json\/wp\/v2\/tags?post=11923"}],"curies":[{"name":"wp","href":"https:\/\/api.w.org\/{rel}","templated":true}]}}