{"id":12206,"date":"2023-09-25T16:44:29","date_gmt":"2023-09-25T16:44:29","guid":{"rendered":"https:\/\/www.equilac.com\/hastmjolktval-for-mjuk-hud\/"},"modified":"2023-09-25T17:12:23","modified_gmt":"2023-09-25T17:12:23","slug":"hastmjolktval-for-mjuk-hud","status":"publish","type":"page","link":"https:\/\/www.equilac.com\/sv\/hastmjolktval-for-mjuk-hud\/","title":{"rendered":"H\u00e4stmj\u00f6lktv\u00e5l f\u00f6r mjuk hud"},"content":{"rendered":"\n<p>H\u00e4stmj\u00f6lktv\u00e5l \u00e4r en s\u00e4rskild hudv\u00e5rdsprodukt som bidrar till din huds \u00e5terh\u00e4mtning. Denna unika tv\u00e5l, baserad p\u00e5 ren h\u00e4stmj\u00f6lk, \u00e4r skonsam mot din hud och idealisk f\u00f6r kontinuerlig anv\u00e4ndning. Den \u00e4r s\u00e4rskilt f\u00f6rdelaktig om du har torr eller k\u00e4nslig hud. H\u00e4stmj\u00f6lktv\u00e5l \u00e4r ocks\u00e5 ett bra alternativ f\u00f6r personer som \u00e4r k\u00e4nsliga f\u00f6r parfym och\/eller alkohol i tv\u00e5lar.<\/p>\n\n<p>Tv\u00e5len \u00e4r pH-neutral f\u00f6r huden, vilket inneb\u00e4r att pH-v\u00e4rdet \u00e4r n\u00e4ra din huds. Ett stabilt pH-v\u00e4rde \u00e4r avg\u00f6rande f\u00f6r att uppr\u00e4tth\u00e5lla en h\u00e4lsosam hud. H\u00e4stmj\u00f6lktv\u00e5l hj\u00e4lper din hud att beh\u00e5lla fukt, minskar risken f\u00f6r uttorkning och bidrar till en h\u00e4lsosam och hydrerad hud. &#13;\n<\/p>\n\n\n<p><\/p>\n\n<p>Dessutom inneh\u00e5ller h\u00e4stmj\u00f6lktv\u00e5l endast naturlig, allergiv\u00e4nlig parfym och \u00e4r fri fr\u00e5n parabener och SLS, vilket g\u00f6r det till ett hypoallergeniskt val f\u00f6r hudv\u00e5rd.<\/p>\n\n<p>F\u00f6r att anv\u00e4nda h\u00e4stmj\u00f6lktv\u00e5l, applicera den p\u00e5 din fuktiga hud, l\u00e5t den skumma, och sk\u00f6lj av den med tillr\u00e4ckligt med vatten. Njut av naturlig reng\u00f6ring och mjuk, v\u00e5rdad hud med h\u00e4stmj\u00f6lktv\u00e5l.<\/p>\n","protected":false},"excerpt":{"rendered":"<p>H\u00e4stmj\u00f6lktv\u00e5l \u00e4r en s\u00e4rskild hudv\u00e5rdsprodukt som bidrar till din huds \u00e5terh\u00e4mtning. Denna unika tv\u00e5l, baserad p\u00e5 ren h\u00e4stmj\u00f6lk, \u00e4r skonsam mot din hud och idealisk f\u00f6r kontinuerlig anv\u00e4ndning. Den \u00e4r s\u00e4rskilt f\u00f6rdelaktig om du har torr eller k\u00e4nslig hud. H\u00e4stmj\u00f6lktv\u00e5l \u00e4r ocks\u00e5 ett bra alternativ f\u00f6r personer som \u00e4r k\u00e4nsliga f\u00f6r parfym och\/eller alkohol i [&hellip;]<\/p>\n","protected":false},"author":1,"featured_media":12170,"parent":0,"menu_order":0,"comment_status":"closed","ping_status":"closed","template":"","meta":{"_uf_show_specific_survey":0,"_uf_disable_surveys":false,"footnotes":""},"categories":[168],"tags":[188],"class_list":["post-12206","page","type-page","status-publish","has-post-thumbnail","hentry","category-stosmjolk","tag-related-sv"],"jetpack_sharing_enabled":true,"_links":{"self":[{"href":"https:\/\/www.equilac.com\/sv\/wp-json\/wp\/v2\/pages\/12206","targetHints":{"allow":["GET"]}}],"collection":[{"href":"https:\/\/www.equilac.com\/sv\/wp-json\/wp\/v2\/pages"}],"about":[{"href":"https:\/\/www.equilac.com\/sv\/wp-json\/wp\/v2\/types\/page"}],"author":[{"embeddable":true,"href":"https:\/\/www.equilac.com\/sv\/wp-json\/wp\/v2\/users\/1"}],"replies":[{"embeddable":true,"href":"https:\/\/www.equilac.com\/sv\/wp-json\/wp\/v2\/comments?post=12206"}],"version-history":[{"count":1,"href":"https:\/\/www.equilac.com\/sv\/wp-json\/wp\/v2\/pages\/12206\/revisions"}],"predecessor-version":[{"id":12207,"href":"https:\/\/www.equilac.com\/sv\/wp-json\/wp\/v2\/pages\/12206\/revisions\/12207"}],"wp:featuredmedia":[{"embeddable":true,"href":"https:\/\/www.equilac.com\/sv\/wp-json\/wp\/v2\/media\/12170"}],"wp:attachment":[{"href":"https:\/\/www.equilac.com\/sv\/wp-json\/wp\/v2\/media?parent=12206"}],"wp:term":[{"taxonomy":"category","embeddable":true,"href":"https:\/\/www.equilac.com\/sv\/wp-json\/wp\/v2\/categories?post=12206"},{"taxonomy":"post_tag","embeddable":true,"href":"https:\/\/www.equilac.com\/sv\/wp-json\/wp\/v2\/tags?post=12206"}],"curies":[{"name":"wp","href":"https:\/\/api.w.org\/{rel}","templated":true}]}}