{"id":12270,"date":"2023-09-26T10:51:16","date_gmt":"2023-09-26T10:51:16","guid":{"rendered":"https:\/\/www.equilac.com\/hudvardsprodukter-baserade-pa-hastmjolk\/"},"modified":"2023-09-28T10:53:00","modified_gmt":"2023-09-28T10:53:00","slug":"hudvardsprodukter-baserade-pa-hastmjolk","status":"publish","type":"page","link":"https:\/\/www.equilac.com\/sv\/hudvardsprodukter-baserade-pa-hastmjolk\/","title":{"rendered":"Hudv\u00e5rdsprodukter baserade p\u00e5 h\u00e4stmj\u00f6lk"},"content":{"rendered":"\n<p>H\u00e4stmj\u00f6lkskr\u00e4mer, schampon och tv\u00e5lar \u00e4r naturliga kosmetikaprodukter som erbjuder en l\u00f6sning f\u00f6r m\u00e4nniskor med torr, k\u00e4nslig hud. Dessa produkter, tillverkade av 100% naturlig h\u00e4stmj\u00f6lk, st\u00f6djer hudens l\u00e4kningsf\u00f6rm\u00e5ga och \u00e4r idealiska f\u00f6r individer med torr eller k\u00e4nslig hud.<\/p>\n\n<p>En betydande f\u00f6rdel med hudv\u00e5rdsprodukter baserade p\u00e5 h\u00e4stmj\u00f6lk \u00e4r att de \u00e4r pH-neutrala, vilket bibeh\u00e5ller hudens naturliga pH-balans. Genom att uppr\u00e4tth\u00e5lla en balanserad pH-niv\u00e5 kan huden beh\u00e5lla fukt, vilket minskar risken f\u00f6r torrhet.<\/p>\n\n<p>Dessutom inneh\u00e5ller dessa produkter inte parabener, en kemikalie som ofta anv\u00e4nds f\u00f6r att f\u00f6rl\u00e4nga hudv\u00e5rdsprodukters h\u00e5llbarhet. Ist\u00e4llet s\u00e4kerst\u00e4ller naturliga ingredienser h\u00e4stmj\u00f6lksprodukternas livsl\u00e4ngd utan att irritera huden.<\/p>\n\n<h2 class=\"wp-block-heading\">H\u00e4stmj\u00f6lkskr\u00e4mer<\/h2>\n\n<p>Olika <a href=\"https:\/\/www.equilac.com\/sv\/hastmjolkskram-for-torr-och-kanslig-hud\/\">h\u00e4stmj\u00f6lkskr\u00e4mer<\/a>, s\u00e5som dagkr\u00e4m, nattkr\u00e4m, handkr\u00e4m och kroppslotion, \u00e4r tillg\u00e4ngliga. De passar f\u00f6r torr och fet hud och kan appliceras p\u00e5 ansiktet, armb\u00e5garna, kn\u00e4na och andra torra eller irriterade omr\u00e5den. Till exempel erbjuder en dagkr\u00e4m extra skydd och lindring i kallt v\u00e4der, medan en nattkr\u00e4m ger n\u00e4ring till huden medan du sover.<\/p>\n\n<h2 class=\"wp-block-heading\">H\u00e4stmj\u00f6lksschampo<\/h2>\n\n<p>Om du vill ha naturlig h\u00e5rv\u00e5rd kan <a href=\"https:\/\/www.equilac.com\/sv\/hastmjolkschampo-for-friskt-har\/\">h\u00e4stmj\u00f6lksschampo<\/a> vara det perfekta valet. Detta schampo reng\u00f6r och v\u00e5rdar ditt h\u00e5r p\u00e5 ett skonsamt och effektivt s\u00e4tt. Tack vare dess naturliga ingredienser och pH-hudneutrala egenskaper bevarar det hudens naturliga skyddande lager, fr\u00e4mjar en frisk h\u00e5rbotten. Resultatet? En h\u00e4lsosammare h\u00e5rbotten, mindre kl\u00e5da och flagning, och h\u00e5r som ser fylligare och glansigare ut.<\/p>\n\n<p>Det fina med h\u00e4stmj\u00f6lksschampo \u00e4r att det inte inneh\u00e5ller parabener och syntetiska konserveringsmedel, vilket g\u00f6r det idealiskt f\u00f6r m\u00e4nniskor i alla \u00e5ldrar, s\u00e4rskilt de som lider av k\u00e4nslig h\u00e5rbotten, eksem eller h\u00e5ravfall. F\u00f6r komplett h\u00e5rv\u00e5rd kan du kombinera det med ett matchande balsam och vid behov h\u00e4stmj\u00f6lkkapslar.<\/p>\n\n<h2 class=\"wp-block-heading\">H\u00e4stmj\u00f6lkstv\u00e5l<\/h2>\n\n<p><a href=\"https:\/\/www.equilac.com\/sv\/hastmjolktval-for-mjuk-hud\/\">H\u00e4stmj\u00f6lkstv\u00e5l<\/a> \u00e4r en unik hudv\u00e5rdsprodukt som bidrar till din huds \u00e5terh\u00e4mtning. Denna tv\u00e5l, baserad p\u00e5 ren h\u00e4stmj\u00f6lk, \u00e4r mild mot din hud och idealisk f\u00f6r daglig anv\u00e4ndning. Den har utvecklats speciellt f\u00f6r m\u00e4nniskor med torr eller k\u00e4nslig hud och \u00e4r ocks\u00e5 ett bra val f\u00f6r de som \u00e4r k\u00e4nsliga f\u00f6r parfym och\/eller alkohol i tv\u00e5lar.<\/p>\n\n<p>Dessutom inneh\u00e5ller tv\u00e5len endast naturliga, allergenfria dofter och \u00e4r fri fr\u00e5n parabener och SLS, vilket g\u00f6r den till ett hypoallergent val f\u00f6r hudv\u00e5rd.<\/p>\n","protected":false},"excerpt":{"rendered":"<p>H\u00e4stmj\u00f6lkskr\u00e4mer, schampon och tv\u00e5lar \u00e4r naturliga kosmetikaprodukter som erbjuder en l\u00f6sning f\u00f6r m\u00e4nniskor med torr, k\u00e4nslig hud. Dessa produkter, tillverkade av 100% naturlig h\u00e4stmj\u00f6lk, st\u00f6djer hudens l\u00e4kningsf\u00f6rm\u00e5ga och \u00e4r idealiska f\u00f6r individer med torr eller k\u00e4nslig hud. En betydande f\u00f6rdel med hudv\u00e5rdsprodukter baserade p\u00e5 h\u00e4stmj\u00f6lk \u00e4r att de \u00e4r pH-neutrala, vilket bibeh\u00e5ller hudens naturliga pH-balans. [&hellip;]<\/p>\n","protected":false},"author":1,"featured_media":12248,"parent":0,"menu_order":0,"comment_status":"closed","ping_status":"closed","template":"","meta":{"_uf_show_specific_survey":0,"_uf_disable_surveys":false,"footnotes":""},"categories":[168,140],"tags":[188],"class_list":["post-12270","page","type-page","status-publish","has-post-thumbnail","hentry","category-stosmjolk","category-horse-milk","tag-related-sv"],"jetpack_sharing_enabled":true,"_links":{"self":[{"href":"https:\/\/www.equilac.com\/sv\/wp-json\/wp\/v2\/pages\/12270","targetHints":{"allow":["GET"]}}],"collection":[{"href":"https:\/\/www.equilac.com\/sv\/wp-json\/wp\/v2\/pages"}],"about":[{"href":"https:\/\/www.equilac.com\/sv\/wp-json\/wp\/v2\/types\/page"}],"author":[{"embeddable":true,"href":"https:\/\/www.equilac.com\/sv\/wp-json\/wp\/v2\/users\/1"}],"replies":[{"embeddable":true,"href":"https:\/\/www.equilac.com\/sv\/wp-json\/wp\/v2\/comments?post=12270"}],"version-history":[{"count":1,"href":"https:\/\/www.equilac.com\/sv\/wp-json\/wp\/v2\/pages\/12270\/revisions"}],"predecessor-version":[{"id":12271,"href":"https:\/\/www.equilac.com\/sv\/wp-json\/wp\/v2\/pages\/12270\/revisions\/12271"}],"wp:featuredmedia":[{"embeddable":true,"href":"https:\/\/www.equilac.com\/sv\/wp-json\/wp\/v2\/media\/12248"}],"wp:attachment":[{"href":"https:\/\/www.equilac.com\/sv\/wp-json\/wp\/v2\/media?parent=12270"}],"wp:term":[{"taxonomy":"category","embeddable":true,"href":"https:\/\/www.equilac.com\/sv\/wp-json\/wp\/v2\/categories?post=12270"},{"taxonomy":"post_tag","embeddable":true,"href":"https:\/\/www.equilac.com\/sv\/wp-json\/wp\/v2\/tags?post=12270"}],"curies":[{"name":"wp","href":"https:\/\/api.w.org\/{rel}","templated":true}]}}