{"id":12371,"date":"2023-09-26T14:45:36","date_gmt":"2023-09-26T14:45:36","guid":{"rendered":"https:\/\/www.equilac.com\/naturlig-lindring-fran-astma-med-hastmjolk\/"},"modified":"2023-09-29T17:35:57","modified_gmt":"2023-09-29T17:35:57","slug":"naturlig-lindring-fran-astma-med-hastmjolk","status":"publish","type":"page","link":"https:\/\/www.equilac.com\/sv\/naturlig-lindring-fran-astma-med-hastmjolk\/","title":{"rendered":"Naturlig lindring fr\u00e5n astma med h\u00e4stmj\u00f6lk"},"content":{"rendered":"\n<p>Att leva med astma kan inneb\u00e4ra att hantera symtom som pipande andning, hosta och andn\u00f6d, fr\u00e4mst orsakade av inflammation och sammandragning av luftv\u00e4garna. Allergiutl\u00f6sare, inklusive kvalster, djurp\u00e4ls, pollen och m\u00f6gel, kan ytterligare f\u00f6rv\u00e4rra dessa symtom. H\u00e4stmj\u00f6lk erbjuder naturlig lindring fr\u00e5n astmasymtom, associerade utl\u00f6sare och allergener.<\/p>\n\n\n\n<p>H\u00e4stmj\u00f6lk kan hj\u00e4lpa till att kontrollera astma tack vare dess unika kombination av olika vitaminer som \u00e4r f\u00f6rdelaktiga mot detta bronkiala tillst\u00e5nd. Erfarenheter fr\u00e5n anv\u00e4ndare visar att m\u00e5nga kan hantera sina astmasymtom och minska sitt beroende av traditionella metoder s\u00e5som inhalatorer, nebulisatorer och steroider. Detta eftersom h\u00e4stmj\u00f6lk \u00e4r 100% naturlig och saknar biverkningar, vilket g\u00f6r det m\u00f6jligt att hantera astmasymtom p\u00e5 ett naturligt s\u00e4tt, med b\u00e5de r\u00e4ddnings- och kontrollmedicinseffekter.<\/p>\n\n\n\n<p>En annan f\u00f6rdel med h\u00e4stmj\u00f6lk f\u00f6r astma \u00e4r dess positiva effekt p\u00e5 lungorna och luftv\u00e4garna. Det hj\u00e4lper m\u00e4nniskor att finna lindring fr\u00e5n astma och \u00e4r enkelt att inta. M\u00e5nga anv\u00e4ndare har rapporterat f\u00f6rb\u00e4ttrade peak flow-m\u00e4tv\u00e4rden och \u00f6kad andning och energi genom att anv\u00e4nda h\u00e4stmj\u00f6lk, vilket g\u00f6r att de kan mildra astmasymtom utl\u00f6sta av tr\u00e4ning och sluta anv\u00e4nda inhalatorer.<\/p>\n\n\n\n<p>Allt fler m\u00e4nniskor v\u00e4ljer h\u00e4stmj\u00f6lk som ett naturligt botemedel mot astma. Lungorna hos m\u00e4nniskor med astma \u00e4r ofta permanent inflammerade, och denna inflammation reagerar direkt p\u00e5 irritationer i luften. Detta k\u00e4nns n\u00e4stan omedelbart i de bronkiala luftv\u00e4garna eller lungorna. H\u00e4stmj\u00f6lk hj\u00e4lper till att minska eller eliminera inflammation, vilket leder till en f\u00f6rb\u00e4ttring av symtomen och en minskning av hosta och pipande andning.<\/p>\n\n\n\n<p>H\u00e4stmj\u00f6lk hj\u00e4lper till eftersom den kan n\u00e5 och reducera lunginflammation, n\u00e5got som traditionella mediciner ibland inte kan g\u00f6ra. Den hj\u00e4lper ocks\u00e5 till att hantera olika astmautl\u00f6sare som r\u00f6k, tr\u00e4ningsinducerade symtom och exponering f\u00f6r allergener som kvalster och djurp\u00e4ls, vilket leder till en \u00f6vergripande f\u00f6rb\u00e4ttring av andningsh\u00e4lsan och en minskning av behovet av peak flow-\u00f6vervakning och spirometri.<\/p>\n\n\n\n<p>H\u00e4stmj\u00f6lk \u00e4r ett naturligt och effektivt botemedel som kan bist\u00e5 i astmahandlingsplanen och behandlingen av astma. Det \u00e4r ett s\u00e4kert alternativ som m\u00e5nga har anv\u00e4nt framg\u00e5ngsrikt f\u00f6r att minska andningsproblem och f\u00f6rb\u00e4ttra livskvaliteten. Det erbjuder ett v\u00e4lkommet alternativ eller komplement till andra former av astmamedicin och behandlingsformer.<\/p>\n\n\n\n<p>Visste du att astma och h\u00f6snuva \u00e4r n\u00e4ra kopplade, och \u00e4r de vanligaste \u00f6verlappande allergiska tillst\u00e5nden med astma? Omkring 80% av personer med astma k\u00e4mpar ocks\u00e5 med h\u00f6snuva. B\u00e5da villkoren \u00e4r relaterade till \u00f6kad k\u00e4nslighet i dina luftv\u00e4gar. Medan astma avser k\u00e4nsligheten i lungornas luftv\u00e4gar, avser h\u00f6snuva k\u00e4nsligheten i n\u00e4san. H\u00e4stmj\u00f6lk framst\u00e5r som en <a href=\"https:\/\/www.equilac.com\/sv\/hastmjolk-ett-naturligt-botemedel-mot-hosnuva\/\" data-type=\"page\" data-id=\"12353\">naturlig l\u00f6sning f\u00f6r h\u00f6snuva<\/a>, erbjuder potentiell lindring och st\u00e4rker andningsh\u00e4lsan f\u00f6r dem som hanterar dessa sammanfl\u00e4tade tillst\u00e5nd.<\/p>\n","protected":false},"excerpt":{"rendered":"<p>Att leva med astma kan inneb\u00e4ra att hantera symtom som pipande andning, hosta och andn\u00f6d, fr\u00e4mst orsakade av inflammation och sammandragning av luftv\u00e4garna. Allergiutl\u00f6sare, inklusive kvalster, djurp\u00e4ls, pollen och m\u00f6gel, kan ytterligare f\u00f6rv\u00e4rra dessa symtom. H\u00e4stmj\u00f6lk erbjuder naturlig lindring fr\u00e5n astmasymtom, associerade utl\u00f6sare och allergener. H\u00e4stmj\u00f6lk kan hj\u00e4lpa till att kontrollera astma tack vare dess [&hellip;]<\/p>\n","protected":false},"author":1,"featured_media":12294,"parent":0,"menu_order":0,"comment_status":"closed","ping_status":"closed","template":"","meta":{"_uf_show_specific_survey":0,"_uf_disable_surveys":false,"footnotes":""},"categories":[168,138,140,131],"tags":[188],"class_list":["post-12371","page","type-page","status-publish","has-post-thumbnail","hentry","category-stosmjolk","category-allergier","category-horse-milk","category-allergies","tag-related-sv"],"jetpack_sharing_enabled":true,"_links":{"self":[{"href":"https:\/\/www.equilac.com\/sv\/wp-json\/wp\/v2\/pages\/12371","targetHints":{"allow":["GET"]}}],"collection":[{"href":"https:\/\/www.equilac.com\/sv\/wp-json\/wp\/v2\/pages"}],"about":[{"href":"https:\/\/www.equilac.com\/sv\/wp-json\/wp\/v2\/types\/page"}],"author":[{"embeddable":true,"href":"https:\/\/www.equilac.com\/sv\/wp-json\/wp\/v2\/users\/1"}],"replies":[{"embeddable":true,"href":"https:\/\/www.equilac.com\/sv\/wp-json\/wp\/v2\/comments?post=12371"}],"version-history":[{"count":3,"href":"https:\/\/www.equilac.com\/sv\/wp-json\/wp\/v2\/pages\/12371\/revisions"}],"predecessor-version":[{"id":12775,"href":"https:\/\/www.equilac.com\/sv\/wp-json\/wp\/v2\/pages\/12371\/revisions\/12775"}],"wp:featuredmedia":[{"embeddable":true,"href":"https:\/\/www.equilac.com\/sv\/wp-json\/wp\/v2\/media\/12294"}],"wp:attachment":[{"href":"https:\/\/www.equilac.com\/sv\/wp-json\/wp\/v2\/media?parent=12371"}],"wp:term":[{"taxonomy":"category","embeddable":true,"href":"https:\/\/www.equilac.com\/sv\/wp-json\/wp\/v2\/categories?post=12371"},{"taxonomy":"post_tag","embeddable":true,"href":"https:\/\/www.equilac.com\/sv\/wp-json\/wp\/v2\/tags?post=12371"}],"curies":[{"name":"wp","href":"https:\/\/api.w.org\/{rel}","templated":true}]}}