{"id":1438,"date":"2022-03-01T08:55:45","date_gmt":"2022-03-01T08:55:45","guid":{"rendered":"http:\/\/dev.equilac.com\/psoriasis\/"},"modified":"2023-10-05T17:42:33","modified_gmt":"2023-10-05T17:42:33","slug":"psoriasis","status":"publish","type":"page","link":"https:\/\/www.equilac.com\/sv\/psoriasis\/","title":{"rendered":"H\u00e4stmj\u00f6lk: en naturlig behandling f\u00f6r psoriasis"},"content":{"rendered":"<p><a href=\"https:\/\/www.equilac.com\/sv\/hastmjolk\/\">H\u00e4stmj\u00f6lk<\/a> anv\u00e4nds allt oftare som ett naturligt alternativ f\u00f6r behandling av psoriasis, s\u00e4rskilt n\u00e4r konventionella behandlingar inte visar resultat. Kapslar med h\u00e4stmj\u00f6lk kan lindra psoriasis symptom inifr\u00e5n, hj\u00e4lpa till att f\u00f6rhindra utbrott och ge l\u00e5ngvarig lindring fr\u00e5n psoriasis.<\/p>\n<p>Att behandla psoriasis med h\u00e4stmj\u00f6lk \u00e4r inte en snabb l\u00f6sning utan en gradvis, l\u00e5ngsiktig behandling. Detta tillv\u00e4gag\u00e5ngss\u00e4tt ger din hud, kropp och immunsystem tillr\u00e4ckligt med tid att justera sig, mildra psoriasis symptom och \u00e5terst\u00e4lla din hud. Denna f\u00f6rsiktiga, l\u00e5ngsamma process f\u00f6rv\u00e4ntas leda till en l\u00e5ngsiktig l\u00f6sning f\u00f6r att kontrollera och minska psoriasis.<\/p>\n<p><a href=\"https:\/\/www.equilac.com\/sv\/laktoferrin\/\">H\u00e4stmj\u00f6lk \u00e4r rik p\u00e5 laktoferrin<\/a>, ett naturligt antiinflammatoriskt protein som ocks\u00e5 finns i br\u00f6stmj\u00f6lk. Detta unika protein hj\u00e4lper till att hantera hudinfektioner och autoimmuna sjukdomar som psoriasis genom att st\u00e4rka och balansera immunsystemet.<\/p>\n<p>Laktoferrin i h\u00e4stmj\u00f6lk f\u00f6rekommer naturligt. Till skillnad fr\u00e5n syntetiska tillsatser i andra kosttillskott garanterar naturligt laktoferrin en f\u00f6rb\u00e4ttrad absorption av kroppen, vilket \u00f6kar dess effektivitet. Denna f\u00f6rb\u00e4ttrade absorption \u00e4r n\u00f6dv\u00e4ndig f\u00f6r att st\u00e4rka ditt immunsystem, minska inflammation och hantera symtom p\u00e5 <a href=\"https:\/\/sv.wikipedia.org\/wiki\/Dermatit\" target=\"_blank\" rel=\"nofollow noopener\">dermatit<\/a>, eksem och flagnande hud associerad med psoriasis.<\/p>\n<p>Att v\u00e4lja <a href=\"https:\/\/www.equilac.com\/sv\/produkt\/hastmjolk-kapslar\/\">h\u00e4stmj\u00f6lkkapslar som Equilac\u00ae<\/a> kan lindra rodnad, kl\u00e5da och flagnande hud relaterat till psoriasis. Cirka 62% av Equilac\u00ae-anv\u00e4ndarna upplever lindring fr\u00e5n psoriasis symptom efter tre m\u00e5nader. Det \u00e4r ett val f\u00f6r de som \u00f6nskar bek\u00e4mpa psoriasis inifr\u00e5n och ut, och erbjuda en l\u00e5ngsiktig l\u00f6sning f\u00f6r att hantera och kontrollera detta hudtillst\u00e5nd.<\/p>\n<p>H\u00e4stmj\u00f6lk rekommenderas f\u00f6r individer som har provat olika behandlingar utan betydande framg\u00e5ng. H\u00e4stmj\u00f6lkkapslar kan anv\u00e4ndas som ett naturligt botemedel eller som ett komplement till topikal psoriasis behandling som kortikosteroider. Det rekommenderas att ta h\u00e4stmj\u00f6lkkapslar i minst tre m\u00e5nader f\u00f6r att m\u00e4rka en m\u00f6jlig f\u00f6rb\u00e4ttring i ditt hudtillst\u00e5nd.<\/p>\n<p>Sammanfattningsvis \u00e4r h\u00e4stmj\u00f6lk ett naturligt tillv\u00e4gag\u00e5ngss\u00e4tt f\u00f6r att hantera psoriasis. Med sina unika ingredienser f\u00f6r att f\u00f6rst\u00e4rka immunsystemet kan det vara en del av din behandlingsplan f\u00f6r att hantera och minska symtomen p\u00e5 psoriasis.<\/p>\n<p>H\u00e4stmj\u00f6lk kan ocks\u00e5 vara <a href=\"https:\/\/www.equilac.com\/sv\/hastmjolk-kapslar-for-hudproblem\/\">hj\u00e4lpsam f\u00f6r andra hudproblem<\/a>. Den har visat positiva resultat som ett <a href=\"https:\/\/www.equilac.com\/sv\/hastmjolk-mot-eksem\/\">naturligt botemedel mot eksem<\/a> och <a href=\"https:\/\/www.equilac.com\/sv\/hastmjolk-akne\/\">behandling av akne inifr\u00e5n<\/a>.<\/p>\n","protected":false},"excerpt":{"rendered":"<p>H\u00e4stmj\u00f6lk anv\u00e4nds allt oftare som ett naturligt alternativ f\u00f6r behandling av psoriasis, s\u00e4rskilt n\u00e4r konventionella behandlingar inte visar resultat. Kapslar med h\u00e4stmj\u00f6lk kan lindra psoriasis symptom inifr\u00e5n, hj\u00e4lpa till att f\u00f6rhindra utbrott och ge l\u00e5ngvarig lindring fr\u00e5n psoriasis. Att behandla psoriasis med h\u00e4stmj\u00f6lk \u00e4r inte en snabb l\u00f6sning utan en gradvis, l\u00e5ngsiktig behandling. Detta tillv\u00e4gag\u00e5ngss\u00e4tt [&hellip;]<\/p>\n","protected":false},"author":1,"featured_media":1150,"parent":0,"menu_order":0,"comment_status":"closed","ping_status":"closed","template":"","meta":{"_uf_show_specific_survey":0,"_uf_disable_surveys":false,"footnotes":""},"categories":[168,171],"tags":[188],"class_list":["post-1438","page","type-page","status-publish","has-post-thumbnail","hentry","category-stosmjolk","category-hudproblem","tag-related-sv"],"jetpack_sharing_enabled":true,"_links":{"self":[{"href":"https:\/\/www.equilac.com\/sv\/wp-json\/wp\/v2\/pages\/1438","targetHints":{"allow":["GET"]}}],"collection":[{"href":"https:\/\/www.equilac.com\/sv\/wp-json\/wp\/v2\/pages"}],"about":[{"href":"https:\/\/www.equilac.com\/sv\/wp-json\/wp\/v2\/types\/page"}],"author":[{"embeddable":true,"href":"https:\/\/www.equilac.com\/sv\/wp-json\/wp\/v2\/users\/1"}],"replies":[{"embeddable":true,"href":"https:\/\/www.equilac.com\/sv\/wp-json\/wp\/v2\/comments?post=1438"}],"version-history":[{"count":4,"href":"https:\/\/www.equilac.com\/sv\/wp-json\/wp\/v2\/pages\/1438\/revisions"}],"predecessor-version":[{"id":13348,"href":"https:\/\/www.equilac.com\/sv\/wp-json\/wp\/v2\/pages\/1438\/revisions\/13348"}],"wp:featuredmedia":[{"embeddable":true,"href":"https:\/\/www.equilac.com\/sv\/wp-json\/wp\/v2\/media\/1150"}],"wp:attachment":[{"href":"https:\/\/www.equilac.com\/sv\/wp-json\/wp\/v2\/media?parent=1438"}],"wp:term":[{"taxonomy":"category","embeddable":true,"href":"https:\/\/www.equilac.com\/sv\/wp-json\/wp\/v2\/categories?post=1438"},{"taxonomy":"post_tag","embeddable":true,"href":"https:\/\/www.equilac.com\/sv\/wp-json\/wp\/v2\/tags?post=1438"}],"curies":[{"name":"wp","href":"https:\/\/api.w.org\/{rel}","templated":true}]}}