{"id":2544,"date":"2022-03-11T11:14:51","date_gmt":"2022-03-11T11:14:51","guid":{"rendered":"http:\/\/dev.equilac.com\/lactoferrin\/"},"modified":"2023-10-09T07:30:13","modified_gmt":"2023-10-09T07:30:13","slug":"laktoferrin","status":"publish","type":"page","link":"https:\/\/www.equilac.com\/sv\/laktoferrin\/","title":{"rendered":"H\u00e4stmj\u00f6lk \u00e4r rik p\u00e5 laktoferrin"},"content":{"rendered":"<p><a href=\"https:\/\/www.equilac.com\/sv\/hastmjolk\/\">H\u00e4stmj\u00f6lk<\/a> \u00e4r en utm\u00e4rkt k\u00e4lla till laktoferrin, ett protein k\u00e4nt f\u00f6r sina positiva h\u00e4lsoeffekter. Equilac\u00ae h\u00e4stmj\u00f6lkskapslar inneh\u00e5ller laktoferrin i naturlig form som finns i h\u00f6g koncentration i h\u00e4stmj\u00f6lk, precis som i modersmj\u00f6lk och r\u00e5mj\u00f6lk.<\/p>\n<p>Laktoferrin \u00e4r ett glykoprotein, en typ av protein som inneh\u00e5ller kolhydrater. Det \u00e4r ocks\u00e5 en v\u00e4rdefull komponent i immunsystemet och \u00e4r avg\u00f6rande f\u00f6r dina tarmars funktion och \u00f6vergripande motst\u00e5nd.<\/p>\n<p>Laktoferrin verkar inifr\u00e5n f\u00f6r att bek\u00e4mpa bakterier och st\u00e4rka immunf\u00f6rsvaret. Detta \u00e4mne har antibakteriella och antivirala egenskaper och \u00e4r ett naturligt antibiotikum. Det f\u00e5ngar j\u00e4rnpartiklar fr\u00e5n milj\u00f6n, h\u00e4mmar tillv\u00e4xten av bakterier.<\/p>\n<p>Du kan ta laktoferrin som kosttillskott i kapslar eller pulver. Den rekommenderade dagliga dosen \u00e4r mellan 150 mg och 500 mg. Att v\u00e4lja den naturliga formen av laktoferrin, som finns i Equilac\u00ae h\u00e4stmj\u00f6lkskapslar, \u00e4r att rekommendera ist\u00e4llet f\u00f6r den syntetiska formen apolaktoferrin.<\/p>\n<p>Nyligen genomf\u00f6rda studier har visat att laktoferrin kan hj\u00e4lpa mot hud\u00e5kommor som akne, psoriasis och eksem. Efter tre m\u00e5nader lugnar laktoferrintillskott och vitamin E och zink avsev\u00e4rt inflammerad hud.<\/p>\n<p>Kort sagt, <a href=\"https:\/\/www.equilac.com\/sv\/produkt\/hastmjolk-kapslar\/\">h\u00e4stmj\u00f6lkskapslar som Equilac\u00ae<\/a> \u00e4r rika p\u00e5 laktoferrin, vilket ger m\u00e5nga f\u00f6rdelar f\u00f6r dina tarmar, motst\u00e5nd och immunf\u00f6rsvar. Det \u00e4r ett naturligt s\u00e4tt att st\u00f6dja din h\u00e4lsa inifr\u00e5n och ut.<\/p>\n","protected":false},"excerpt":{"rendered":"<p>H\u00e4stmj\u00f6lk \u00e4r en utm\u00e4rkt k\u00e4lla till laktoferrin, ett protein k\u00e4nt f\u00f6r sina positiva h\u00e4lsoeffekter. Equilac\u00ae h\u00e4stmj\u00f6lkskapslar inneh\u00e5ller laktoferrin i naturlig form som finns i h\u00f6g koncentration i h\u00e4stmj\u00f6lk, precis som i modersmj\u00f6lk och r\u00e5mj\u00f6lk. Laktoferrin \u00e4r ett glykoprotein, en typ av protein som inneh\u00e5ller kolhydrater. Det \u00e4r ocks\u00e5 en v\u00e4rdefull komponent i immunsystemet och \u00e4r [&hellip;]<\/p>\n","protected":false},"author":1,"featured_media":2496,"parent":0,"menu_order":0,"comment_status":"closed","ping_status":"closed","template":"","meta":{"_uf_show_specific_survey":0,"_uf_disable_surveys":false,"footnotes":""},"categories":[168,244],"tags":[188],"class_list":["post-2544","page","type-page","status-publish","has-post-thumbnail","hentry","category-stosmjolk","category-sammansattning","tag-related-sv"],"jetpack_sharing_enabled":true,"_links":{"self":[{"href":"https:\/\/www.equilac.com\/sv\/wp-json\/wp\/v2\/pages\/2544","targetHints":{"allow":["GET"]}}],"collection":[{"href":"https:\/\/www.equilac.com\/sv\/wp-json\/wp\/v2\/pages"}],"about":[{"href":"https:\/\/www.equilac.com\/sv\/wp-json\/wp\/v2\/types\/page"}],"author":[{"embeddable":true,"href":"https:\/\/www.equilac.com\/sv\/wp-json\/wp\/v2\/users\/1"}],"replies":[{"embeddable":true,"href":"https:\/\/www.equilac.com\/sv\/wp-json\/wp\/v2\/comments?post=2544"}],"version-history":[{"count":1,"href":"https:\/\/www.equilac.com\/sv\/wp-json\/wp\/v2\/pages\/2544\/revisions"}],"predecessor-version":[{"id":13431,"href":"https:\/\/www.equilac.com\/sv\/wp-json\/wp\/v2\/pages\/2544\/revisions\/13431"}],"wp:featuredmedia":[{"embeddable":true,"href":"https:\/\/www.equilac.com\/sv\/wp-json\/wp\/v2\/media\/2496"}],"wp:attachment":[{"href":"https:\/\/www.equilac.com\/sv\/wp-json\/wp\/v2\/media?parent=2544"}],"wp:term":[{"taxonomy":"category","embeddable":true,"href":"https:\/\/www.equilac.com\/sv\/wp-json\/wp\/v2\/categories?post=2544"},{"taxonomy":"post_tag","embeddable":true,"href":"https:\/\/www.equilac.com\/sv\/wp-json\/wp\/v2\/tags?post=2544"}],"curies":[{"name":"wp","href":"https:\/\/api.w.org\/{rel}","templated":true}]}}