{"id":6989,"date":"2023-06-14T19:53:26","date_gmt":"2023-06-14T19:53:26","guid":{"rendered":"https:\/\/www.equilac.com\/horse-milk-eczema\/"},"modified":"2023-10-06T14:12:13","modified_gmt":"2023-10-06T14:12:13","slug":"hastmjolk-mot-eksem","status":"publish","type":"page","link":"https:\/\/www.equilac.com\/sv\/hastmjolk-mot-eksem\/","title":{"rendered":"H\u00e4stmj\u00f6lk: ett naturligt botemedel mot eksem inifr\u00e5n"},"content":{"rendered":"<p>Eksem, ett kroniskt hudtillst\u00e5nd, kan orsaka m\u00e4rkbar obehag, men <a href=\"https:\/\/www.equilac.com\/sv\/produkt\/hastmjolk-kapslar\/\">kapslar med h\u00e4stmj\u00f6lk<\/a> kan erbjuda en m\u00f6jlighet till lindring. Som ett naturligt botemedel mot eksem bek\u00e4mpar kapslar med h\u00e4stmj\u00f6lk symptomen och orsakerna till eksem inifr\u00e5n. H\u00e4stmj\u00f6lk \u00e4r rik p\u00e5 unika proteiner som laktorferrin, vilket \u00e4r v\u00e4sentligt f\u00f6r att st\u00e4rka immunsystemet och lindra hudinflammation, grundl\u00e4ggande egenskaper hos eksem.<\/p>\n<p>Du kan lindra eksemsymptom som kl\u00e5da, torr hud och rodnad genom att inf\u00f6rliva kapslar med h\u00e4stmj\u00f6lk i din behandlingsplan. Detta <a href=\"https:\/\/www.equilac.com\/sv\/hastmjolk-kapslar-for-hudproblem\/\">naturliga botemedel mot hudproblem<\/a> \u00e4r bekv\u00e4mt och kan komplettera andra eksembehandlingar. Att ta tv\u00e5 kapslar h\u00e4stmj\u00f6lk dagligen i tre p\u00e5 varandra f\u00f6ljande m\u00e5nader kan medf\u00f6ra betydande f\u00f6rb\u00e4ttringar i din huds tillst\u00e5nd.<\/p>\n<p>Men f\u00f6rdelarna med h\u00e4stmj\u00f6lk str\u00e4cker sig bortom enbart lindring av symptom. Den hj\u00e4lper ocks\u00e5 till att \u00e5terst\u00e4lla en h\u00e4lsosam tarmflora, en viktig faktor eftersom st\u00f6rd tarmflora kan utl\u00f6sa olika hudtillst\u00e5nd, inklusive eksem. De antibakteriella och antiinflammatoriska egenskaperna hos lysozym, immunoglobulin IgA och <a href=\"https:\/\/www.equilac.com\/sv\/laktoferrin\/\">laktoferrin i h\u00e4stmj\u00f6lk<\/a> f\u00f6rst\u00e4rker immunsystemet och minskar inflammation.<\/p>\n<p>Att v\u00e4lja h\u00e4stmj\u00f6lk som en naturlig eksembehandling banar v\u00e4g f\u00f6r en holistisk ansats, erbjuder lindring och st\u00e4rker immunsystemet inifr\u00e5n. Detta \u00e4r ett s\u00e4krare och h\u00e4lsosammare tillv\u00e4gag\u00e5ngss\u00e4tt \u00e4n de m\u00e5nga anv\u00e4nda <a href=\"https:\/\/lakemedelsboken.se\/kapitel\/endokrinologi\/kortikosteroider_och_hypofyshormoner.html\" target=\"_blank\" rel=\"nofollow noopener\">kortikosteroiderna<\/a> f\u00f6r att behandla eksem. Denna interna f\u00f6rst\u00e4rkning \u00e4r n\u00f6dv\u00e4ndig eftersom ett f\u00f6rsvagat immunsystem ofta utl\u00f6ser inflammation, en vanlig underliggande utl\u00f6sare av eksem.<\/p>\n<p>Den antiinflammatoriska effekten av h\u00e4stmj\u00f6lk visar sig vara ov\u00e4rderlig vid hantering av diverse former av eksem, inklusive seborroisk dermatit och nummul\u00e4r dermatit, och visar dess m\u00e5ngsidighet som en <a href=\"https:\/\/www.equilac.com\/sv\/psoriasis\/\">naturlig behandling f\u00f6r psoriasis<\/a> och andra liknande tillst\u00e5nd. Den l\u00e5ngsiktiga anv\u00e4ndningen av h\u00e4stmj\u00f6lk l\u00e5ter din hud, kropp och immunsystem f\u00e5 tid att anpassa sig och reparera, vilket minskar eksemsbesv\u00e4r.<\/p>\n<p>Anv\u00e4ndningen av <a href=\"https:\/\/www.equilac.com\/sv\/hastmjolk\/\">h\u00e4stmj\u00f6lk<\/a> lindrar och minskar eksemsymptom, vilket ger lindring och komfort. Du behandlar symptomen med h\u00e4stmj\u00f6lkskapslar och f\u00f6rb\u00e4ttrar din huds h\u00e4lsa inifr\u00e5n.<\/p>\n<p>H\u00e4stmj\u00f6lk \u00e4r ocks\u00e5 l\u00e4mplig f\u00f6r att <a href=\"https:\/\/www.equilac.com\/sv\/hastmjolk-akne\/\">behandla akne inifr\u00e5n<\/a> och andra hudproblem, vilket g\u00f6r den till en stor hj\u00e4lp f\u00f6r olika hudproblem. Det ger ett alternativ f\u00f6r dem som har provat traditionella behandlingar med liten eller ingen framg\u00e5ng. Att ta h\u00e4stmj\u00f6lkskapslar i minst tre m\u00e5nader l\u00e5ter dig m\u00e4rka positiva f\u00f6r\u00e4ndringar i din huds tillst\u00e5nd.<\/p>\n","protected":false},"excerpt":{"rendered":"<p>Eksem, ett kroniskt hudtillst\u00e5nd, kan orsaka m\u00e4rkbar obehag, men kapslar med h\u00e4stmj\u00f6lk kan erbjuda en m\u00f6jlighet till lindring. Som ett naturligt botemedel mot eksem bek\u00e4mpar kapslar med h\u00e4stmj\u00f6lk symptomen och orsakerna till eksem inifr\u00e5n. H\u00e4stmj\u00f6lk \u00e4r rik p\u00e5 unika proteiner som laktorferrin, vilket \u00e4r v\u00e4sentligt f\u00f6r att st\u00e4rka immunsystemet och lindra hudinflammation, grundl\u00e4ggande egenskaper hos [&hellip;]<\/p>\n","protected":false},"author":1,"featured_media":4683,"parent":0,"menu_order":0,"comment_status":"closed","ping_status":"closed","template":"","meta":{"_uf_show_specific_survey":0,"_uf_disable_surveys":false,"footnotes":""},"categories":[168,171],"tags":[188],"class_list":["post-6989","page","type-page","status-publish","has-post-thumbnail","hentry","category-stosmjolk","category-hudproblem","tag-related-sv"],"jetpack_sharing_enabled":true,"_links":{"self":[{"href":"https:\/\/www.equilac.com\/sv\/wp-json\/wp\/v2\/pages\/6989","targetHints":{"allow":["GET"]}}],"collection":[{"href":"https:\/\/www.equilac.com\/sv\/wp-json\/wp\/v2\/pages"}],"about":[{"href":"https:\/\/www.equilac.com\/sv\/wp-json\/wp\/v2\/types\/page"}],"author":[{"embeddable":true,"href":"https:\/\/www.equilac.com\/sv\/wp-json\/wp\/v2\/users\/1"}],"replies":[{"embeddable":true,"href":"https:\/\/www.equilac.com\/sv\/wp-json\/wp\/v2\/comments?post=6989"}],"version-history":[{"count":2,"href":"https:\/\/www.equilac.com\/sv\/wp-json\/wp\/v2\/pages\/6989\/revisions"}],"predecessor-version":[{"id":13360,"href":"https:\/\/www.equilac.com\/sv\/wp-json\/wp\/v2\/pages\/6989\/revisions\/13360"}],"wp:featuredmedia":[{"embeddable":true,"href":"https:\/\/www.equilac.com\/sv\/wp-json\/wp\/v2\/media\/4683"}],"wp:attachment":[{"href":"https:\/\/www.equilac.com\/sv\/wp-json\/wp\/v2\/media?parent=6989"}],"wp:term":[{"taxonomy":"category","embeddable":true,"href":"https:\/\/www.equilac.com\/sv\/wp-json\/wp\/v2\/categories?post=6989"},{"taxonomy":"post_tag","embeddable":true,"href":"https:\/\/www.equilac.com\/sv\/wp-json\/wp\/v2\/tags?post=6989"}],"curies":[{"name":"wp","href":"https:\/\/api.w.org\/{rel}","templated":true}]}}