{"id":7228,"date":"2023-06-18T20:30:51","date_gmt":"2023-06-18T20:30:51","guid":{"rendered":"https:\/\/www.equilac.com\/paardenmelk-tegen-acne\/"},"modified":"2023-10-03T06:52:47","modified_gmt":"2023-10-03T06:52:47","slug":"hastmjolk-akne","status":"publish","type":"page","link":"https:\/\/www.equilac.com\/sv\/hastmjolk-akne\/","title":{"rendered":"H\u00e4stmj\u00f6lk: en naturlig behandling av akne inifr\u00e5n"},"content":{"rendered":"<p>Akne \u00e4r ett vanligt hudtillst\u00e5nd som orsakar finnar, svarta prickar och komedoner p\u00e5 din hud. Om du s\u00f6ker ett naturligt botemedel mot akne, \u00e4r kapslar med h\u00e4stmj\u00f6lk ett alternativt aknebehandling. Dessa kapslar bek\u00e4mpar symtom och orsaker till akne inifr\u00e5n, och tillhandah\u00e5ller en omfattande strategi f\u00f6r en klarare hud.<\/p>\n<p>Kapslar med h\u00e4stmj\u00f6lk \u00e4r ett kosttillskott som minskar akne och finnar genom att fokusera p\u00e5 symtom och orsaken till akne. H\u00e4stmj\u00f6lk inneh\u00e5ller essentiella vitaminer och proteiner, vilket g\u00f6r den inte bara bra f\u00f6r att bek\u00e4mpa akne men \u00e4ven f\u00f6rdelaktig f\u00f6r att <a href=\"https:\/\/www.equilac.com\/sv\/hastmjolk-mot-eksem\/\">lindra eksem<\/a> och psoriasis.<\/p>\n<p>Detta naturliga botemedel mot akne \u00e4r praktiskt och kan komplettera andra aknebehandlingar. Att ta tv\u00e5 kapslar dagligen under tre p\u00e5 varandra f\u00f6ljande m\u00e5nader kan hj\u00e4lpa till att \u00e5terst\u00e4lla huden och f\u00f6rb\u00e4ttra ditt hudens tillst\u00e5nd.<\/p>\n<p>Laktoferrin, ett unikt protein som finns i h\u00e4stmj\u00f6lk, har visat lovande resultat i bek\u00e4mpningen av akne. Denna antibakteriella och antiinflammatoriska medel reglerar produktionen av talg, minimerar sannolikheten f\u00f6r igent\u00e4ppning av porer, akneinflammation och utbrott. Denna strategi f\u00f6rebygger och behandlar effektivt akne inifr\u00e5n.<\/p>\n<p>\u00c4r aknebehandlingar som <a href=\"https:\/\/www.fass.se\/LIF\/product?nplId=20120912000012\" target=\"_blank\" rel=\"nofollow noopener\">isotretinoin kapslar<\/a>, kr\u00e4mer och geler som inneh\u00e5ller salicylsyra, bensoylperoxid eller retinoiska syror otillr\u00e4ckliga? Behandla d\u00e5 akne p\u00e5 ett annat s\u00e4tt, inifr\u00e5n vid k\u00e4llan till tillst\u00e5ndet. Till skillnad fr\u00e5n f\u00f6rskrivna behandlingar som kan ha biverkningar, erbjuder h\u00e4stmj\u00f6lk kapslar ett s\u00e4kert och naturligt s\u00e4tt att behandla och f\u00f6rebygga akne.<\/p>\n<p>H\u00e4stmj\u00f6lk kapslar kan hj\u00e4lpa till att undvika oljig hud och minska akne\u00e4rr. Denna f\u00f6rebyggande och s\u00e4kra aknebehandling arbetar aktivt f\u00f6r att bli av med din huds akneorsakande bakterier, vilket leder till m\u00e4rkbara f\u00f6rb\u00e4ttringar i din huds h\u00e4lsa.<\/p>\n<p>H\u00e4stmj\u00f6lk \u00e4r en s\u00e4ker och effektiv metod f\u00f6r att behandla akne inifr\u00e5n. F\u00f6rb\u00e4ttra din \u00f6vergripande hudh\u00e4lsa med h\u00e4stmj\u00f6lk kapslar som en alternativ behandling f\u00f6r akne vulgaris eller hj\u00e4lp med akneben\u00e4gen hud. Det ger ett alternativ f\u00f6r dem som har provat traditionella botemedel med liten eller ingen framg\u00e5ng.<\/p>\n","protected":false},"excerpt":{"rendered":"<p>Akne \u00e4r ett vanligt hudtillst\u00e5nd som orsakar finnar, svarta prickar och komedoner p\u00e5 din hud. Om du s\u00f6ker ett naturligt botemedel mot akne, \u00e4r kapslar med h\u00e4stmj\u00f6lk ett alternativt aknebehandling. Dessa kapslar bek\u00e4mpar symtom och orsaker till akne inifr\u00e5n, och tillhandah\u00e5ller en omfattande strategi f\u00f6r en klarare hud. Kapslar med h\u00e4stmj\u00f6lk \u00e4r ett kosttillskott som [&hellip;]<\/p>\n","protected":false},"author":1,"featured_media":6025,"parent":0,"menu_order":0,"comment_status":"closed","ping_status":"closed","template":"","meta":{"_uf_show_specific_survey":0,"_uf_disable_surveys":false,"footnotes":""},"categories":[171],"tags":[188],"class_list":["post-7228","page","type-page","status-publish","has-post-thumbnail","hentry","category-hudproblem","tag-related-sv"],"jetpack_sharing_enabled":true,"_links":{"self":[{"href":"https:\/\/www.equilac.com\/sv\/wp-json\/wp\/v2\/pages\/7228","targetHints":{"allow":["GET"]}}],"collection":[{"href":"https:\/\/www.equilac.com\/sv\/wp-json\/wp\/v2\/pages"}],"about":[{"href":"https:\/\/www.equilac.com\/sv\/wp-json\/wp\/v2\/types\/page"}],"author":[{"embeddable":true,"href":"https:\/\/www.equilac.com\/sv\/wp-json\/wp\/v2\/users\/1"}],"replies":[{"embeddable":true,"href":"https:\/\/www.equilac.com\/sv\/wp-json\/wp\/v2\/comments?post=7228"}],"version-history":[{"count":2,"href":"https:\/\/www.equilac.com\/sv\/wp-json\/wp\/v2\/pages\/7228\/revisions"}],"predecessor-version":[{"id":13013,"href":"https:\/\/www.equilac.com\/sv\/wp-json\/wp\/v2\/pages\/7228\/revisions\/13013"}],"wp:featuredmedia":[{"embeddable":true,"href":"https:\/\/www.equilac.com\/sv\/wp-json\/wp\/v2\/media\/6025"}],"wp:attachment":[{"href":"https:\/\/www.equilac.com\/sv\/wp-json\/wp\/v2\/media?parent=7228"}],"wp:term":[{"taxonomy":"category","embeddable":true,"href":"https:\/\/www.equilac.com\/sv\/wp-json\/wp\/v2\/categories?post=7228"},{"taxonomy":"post_tag","embeddable":true,"href":"https:\/\/www.equilac.com\/sv\/wp-json\/wp\/v2\/tags?post=7228"}],"curies":[{"name":"wp","href":"https:\/\/api.w.org\/{rel}","templated":true}]}}