{"id":7642,"date":"2023-07-02T12:36:51","date_gmt":"2023-07-02T12:36:51","guid":{"rendered":"https:\/\/www.equilac.com\/hastmjolk-kapslar-for-hudproblem\/"},"modified":"2023-10-09T06:54:27","modified_gmt":"2023-10-09T06:54:27","slug":"hastmjolk-kapslar-for-hudproblem","status":"publish","type":"page","link":"https:\/\/www.equilac.com\/sv\/hastmjolk-kapslar-for-hudproblem\/","title":{"rendered":"H\u00e4stmj\u00f6lk behandlar hudproblem inifr\u00e5n och ut"},"content":{"rendered":"\n<p><a href=\"https:\/\/www.equilac.com\/sv\/hastmjolk\/\" data-type=\"page\" data-id=\"11731\">H\u00e4stmj\u00f6lk<\/a> kan hj\u00e4lpa som en naturlig behandling mot hudproblem som psoriasis, eksem och akne. Denna naturliga behandling anv\u00e4nds oftare f\u00f6r att behandla hudproblem inifr\u00e5n. H\u00e4stmj\u00f6lk behandlar hudproblem inifr\u00e5n ist\u00e4llet f\u00f6r endast de symptom som kortikosteroider kan tillf\u00e4lligt d\u00f6lja. H\u00e4stmj\u00f6lk \u00e4r inte en tillf\u00e4llig, snabbl\u00f6sning utan en gradvis, l\u00e5ngsiktig behandling mot en friskare hud.<\/p>\n\n\n\n<p>H\u00e4lsan i din tarm p\u00e5verkar betydligt din hud, k\u00e4nd som tarm-hud-axeln, och det \u00e4r h\u00e4r h\u00e4stmj\u00f6lk spelar en viktig roll f\u00f6r att lindra hudproblem inifr\u00e5n.<\/p>\n\n\n\n<p>H\u00e4stmj\u00f6lk inneh\u00e5ller laktorferrin, ett protein som \u00e4r bra f\u00f6r din tarmflora och immunsystem. Laktorferrin \u00e4r k\u00e4nt f\u00f6r sina antimikrobiella och antiinflammatoriska egenskaper. Det bidrar till en h\u00e4lsosam tarmflora, och s\u00e4kerst\u00e4ller en balans av f\u00f6rdelaktiga <a href=\"https:\/\/www.gu.se\/medicin\/var-forskning\/tarmbakterier\" target=\"_blank\" rel=\"noreferrer noopener nofollow\">tarmbakterier<\/a>. En balanserad tarm \u00e4r n\u00f6dv\u00e4ndig f\u00f6r korrekt immunfunktion, n\u00e4ringsupptag och f\u00f6rebyggande av inflammation, vilket direkt p\u00e5verkar hudh\u00e4lsan.<\/p>\n\n\n\n<p><a href=\"https:\/\/www.equilac.com\/sv\/produkt\/hastmjolk-kapslar\/\" data-type=\"product\" data-id=\"1647\">H\u00e4stmj\u00f6lk kapslar<\/a> kan anv\u00e4ndas som en frist\u00e5ende behandling f\u00f6r hudproblem eller som ett komplement till andra terapier. Att anv\u00e4nda h\u00e4stmj\u00f6lk \u00e4r ett s\u00e4kert, naturligt alternativ f\u00f6r att f\u00f6rb\u00e4ttra din \u00f6vergripande h\u00e4lsa och hudtillst\u00e5nd inifr\u00e5n.<\/p>\n\n\n\n<p>Den <a href=\"https:\/\/www.equilac.com\/sv\/sammansattning-av-hastmjolk\/\" data-type=\"page\" data-id=\"8144\">naturliga sammans\u00e4ttningen av h\u00e4stmj\u00f6lk<\/a> minimerar risken f\u00f6r <a href=\"https:\/\/www.equilac.com\/sv\/hastmjolk-och-eventuella-biverkningar\/\" data-type=\"page\" data-id=\"7779\">biverkningar<\/a>, vilket g\u00f6r det till ett l\u00e4mpligt val om du f\u00f6redrar naturliga botemedel. Det rekommenderas att ta h\u00e4stmj\u00f6lk kapslar i minst tre m\u00e5nader f\u00f6r att m\u00e4rka en f\u00f6rb\u00e4ttring i din hudskick.<\/p>\n\n\n\n<p>Anv\u00e4ndarupplevelser med h\u00e4stmj\u00f6lk har visat positiva resultat f\u00f6r f\u00f6ljande hudproblem:<\/p>\n\n\n\n<h2 class=\"wp-block-heading\">Psoriasis<\/h2>\n\n\n\n<p>H\u00e4stmj\u00f6lk kapslar, som Equilac\u00ae, kan hj\u00e4lpa till att lindra symtom p\u00e5 psoriasis, minska rodnad, kl\u00e5da och fj\u00e4llning. En betydande 62% av Equilac\u00ae-anv\u00e4ndare m\u00e4rker minskade psoriasis-symptom inom tre m\u00e5nader. Det \u00e4r s\u00e4rskilt f\u00f6rdelaktigt f\u00f6r anv\u00e4ndare som har utforskat olika behandlingar med begr\u00e4nsad framg\u00e5ng. <\/p>\n\n\n\n<p>Som en <a href=\"https:\/\/www.equilac.com\/sv\/psoriasis\/\" data-type=\"page\" data-id=\"1438\">naturlig psoriasis botemedel<\/a> kan h\u00e4stmj\u00f6lk kapslar komplettera andra psoriasisbehandlingar, som kortikosteroider. H\u00e4stmj\u00f6lk \u00e4r en naturlig, immunf\u00f6rst\u00e4rkande l\u00f6sning f\u00f6r att effektivt hantera och minska psoriasis symptom som en del av en omfattande behandlingsplan.<\/p>\n\n\n\n<h2 class=\"wp-block-heading\">Eksem<\/h2>\n\n\n\n<p>Personer som lider av eksem kan finna potentiell l\u00e4ttnad med h\u00e4stmj\u00f6lk kapslar, en <a href=\"https:\/\/www.equilac.com\/sv\/hastmjolk-mot-eksem\/\" data-type=\"page\" data-id=\"6989\">alternativ behandling f\u00f6r eksem<\/a> som behandlar b\u00e5de symtom och orsaker till eksem internt. De antiinflammatoriska f\u00f6rdelarna med h\u00e4stmj\u00f6lk bek\u00e4mpar effektivt olika typer av eksem, inklusive seborroisk och nummul\u00e4r dermatit. L\u00e5ngvarig anv\u00e4ndning av h\u00e4stmj\u00f6lk kapslar l\u00e5ter din hud, kropp och immunsystem justera, vilket leder till minskade eksem symptom.<\/p>\n\n\n\n<h2 class=\"wp-block-heading\">Akne<\/h2>\n\n\n\n<p>H\u00e4stmj\u00f6lk erbjuder en s\u00e4ker och effektiv metod f\u00f6r att <a href=\"https:\/\/www.equilac.com\/sv\/hastmjolk-akne\/\" data-type=\"page\" data-id=\"7228\">bek\u00e4mpa akne inifr\u00e5n<\/a>, ett utbrett hudproblem som k\u00e4nnetecknas av finnar, pormaskar och komedoner. H\u00e4stmj\u00f6lk kapslar \u00e4r en naturlig och alternativ l\u00f6sning f\u00f6r akne, och riktar in sig p\u00e5 dess symtom och rotsaker. Detta kosttillskott hj\u00e4lper till att minska akne och finnar f\u00f6r en klarare hud. Som en naturlig bot fr\u00e5n insidan kan h\u00e4stmj\u00f6lk kapslar komplettera andra aknebehandlingar f\u00f6r optimala resultat.<\/p>\n","protected":false},"excerpt":{"rendered":"<p>H\u00e4stmj\u00f6lk kan hj\u00e4lpa som en naturlig behandling mot hudproblem som psoriasis, eksem och akne. Denna naturliga behandling anv\u00e4nds oftare f\u00f6r att behandla hudproblem inifr\u00e5n. H\u00e4stmj\u00f6lk behandlar hudproblem inifr\u00e5n ist\u00e4llet f\u00f6r endast de symptom som kortikosteroider kan tillf\u00e4lligt d\u00f6lja. H\u00e4stmj\u00f6lk \u00e4r inte en tillf\u00e4llig, snabbl\u00f6sning utan en gradvis, l\u00e5ngsiktig behandling mot en friskare hud. H\u00e4lsan i [&hellip;]<\/p>\n","protected":false},"author":1,"featured_media":4683,"parent":0,"menu_order":0,"comment_status":"closed","ping_status":"closed","template":"","meta":{"_uf_show_specific_survey":0,"_uf_disable_surveys":false,"footnotes":""},"categories":[171],"tags":[188],"class_list":["post-7642","page","type-page","status-publish","has-post-thumbnail","hentry","category-hudproblem","tag-related-sv"],"jetpack_sharing_enabled":true,"_links":{"self":[{"href":"https:\/\/www.equilac.com\/sv\/wp-json\/wp\/v2\/pages\/7642","targetHints":{"allow":["GET"]}}],"collection":[{"href":"https:\/\/www.equilac.com\/sv\/wp-json\/wp\/v2\/pages"}],"about":[{"href":"https:\/\/www.equilac.com\/sv\/wp-json\/wp\/v2\/types\/page"}],"author":[{"embeddable":true,"href":"https:\/\/www.equilac.com\/sv\/wp-json\/wp\/v2\/users\/1"}],"replies":[{"embeddable":true,"href":"https:\/\/www.equilac.com\/sv\/wp-json\/wp\/v2\/comments?post=7642"}],"version-history":[{"count":2,"href":"https:\/\/www.equilac.com\/sv\/wp-json\/wp\/v2\/pages\/7642\/revisions"}],"predecessor-version":[{"id":13403,"href":"https:\/\/www.equilac.com\/sv\/wp-json\/wp\/v2\/pages\/7642\/revisions\/13403"}],"wp:featuredmedia":[{"embeddable":true,"href":"https:\/\/www.equilac.com\/sv\/wp-json\/wp\/v2\/media\/4683"}],"wp:attachment":[{"href":"https:\/\/www.equilac.com\/sv\/wp-json\/wp\/v2\/media?parent=7642"}],"wp:term":[{"taxonomy":"category","embeddable":true,"href":"https:\/\/www.equilac.com\/sv\/wp-json\/wp\/v2\/categories?post=7642"},{"taxonomy":"post_tag","embeddable":true,"href":"https:\/\/www.equilac.com\/sv\/wp-json\/wp\/v2\/tags?post=7642"}],"curies":[{"name":"wp","href":"https:\/\/api.w.org\/{rel}","templated":true}]}}