{"id":7655,"date":"2023-08-01T19:04:01","date_gmt":"2023-08-01T19:04:01","guid":{"rendered":"https:\/\/www.equilac.com\/paardenmelk-darmflora\/"},"modified":"2023-10-09T06:41:31","modified_gmt":"2023-10-09T06:41:31","slug":"hastmjolk-framjar-tarmfloran","status":"publish","type":"page","link":"https:\/\/www.equilac.com\/sv\/hastmjolk-framjar-tarmfloran\/","title":{"rendered":"H\u00e4stmj\u00f6lk fr\u00e4mjar tarmfloran"},"content":{"rendered":"<p><a href=\"https:\/\/www.equilac.com\/sv\/hastmjolk\/\">H\u00e4stmj\u00f6lk<\/a> fr\u00e4mjar tarmfloran genom att fungera som en naturlig probiotika. Det hj\u00e4lper till att uppr\u00e4tth\u00e5lla en h\u00e4lsosam balans mellan bra och skadliga bakterier i tarmen, vilket \u00e4r avg\u00f6rande f\u00f6r optimal matsm\u00e4ltning, n\u00e4ringsupptag och allm\u00e4n h\u00e4lsa.<\/p>\n<p>H\u00e4stmj\u00f6lk \u00e4r fullproppad med nyttiga bakterier, vilket g\u00f6r den till en kraftfull naturlig probiotika. Dessa bakterier bidrar till din tarmfloras h\u00e4lsa, \u00e4ven kallad tarmmikrobiomet. En balanserad tarmmikrobiom \u00e4r avg\u00f6rande f\u00f6r ett v\u00e4lfungerande matsm\u00e4ltningssystem, effektivt n\u00e4ringsupptag och ett <a href=\"https:\/\/www.equilac.com\/sv\/hastmjolk-och-immunforsvaret\/\">starkt immunf\u00f6rsvar<\/a>.<\/p>\n<p>Om din tarmflora blir obalanserad p\u00e5 grund av sjukdom eller antibiotika, kan du uppleva matsm\u00e4ltningsproblem som diarr\u00e9, f\u00f6rstoppning och uppbl\u00e5sthet. H\u00e4stmj\u00f6lk kan hj\u00e4lpa till att \u00e5terst\u00e4lla denna balans genom att fylla p\u00e5 goda bakterier och hj\u00e4lpa till att ta bort avfall. Laktoferrin, ett protein i h\u00e4stmj\u00f6lk, f\u00f6rb\u00e4ttrar dess f\u00f6rdelar ytterligare genom att erbjuda antiinflammatoriska och antimikrobiella egenskaper som bek\u00e4mpar skadliga bakterier.<\/p>\n<p>De positiva effekterna av h\u00e4stmj\u00f6lk str\u00e4cker sig utanf\u00f6r tarmen. Det finns ett direkt samband mellan h\u00e4lsan hos din tarmflora och din huds tillst\u00e5nd, vanligen kallad tarm-hudaxeln. En obalanserad tarmflora kan resultera i <a href=\"https:\/\/www.equilac.com\/sv\/hastmjolk-kapslar-for-hudproblem\/\">hudproblem<\/a> som eksem, psoriasis och akne. Stos mj\u00f6lk arbetar inifr\u00e5n f\u00f6r att f\u00f6rb\u00e4ttra tarmh\u00e4lsa och hudtillst\u00e5nd.<\/p>\n<p>F\u00f6r best\u00e5ende f\u00f6rdelar p\u00e5 tarm- och hudh\u00e4lsa \u00e4r det l\u00e4mpligt att anv\u00e4nda <a href=\"https:\/\/www.equilac.com\/sv\/produkt\/hastmjolk-kapslar\/\">h\u00e4stmj\u00f6lkskapslar<\/a> i minst tre m\u00e5nader i f\u00f6ljd. Dessa kapslar g\u00f6r det l\u00e4ttare att inf\u00f6rliva h\u00e4stmj\u00f6lk i din dagliga h\u00e4lsokur.<\/p>\n<p>H\u00e4stmj\u00f6lk arbetar inifr\u00e5n f\u00f6r att f\u00f6rb\u00e4ttra tarmfloran, st\u00e4rka immunf\u00f6rsvaret och fr\u00e4mja det allm\u00e4nna v\u00e4lbefinnandet. Dess unika egenskaper g\u00f6r den till en utm\u00e4rkt naturlig l\u00f6sning f\u00f6r olika h\u00e4lsoproblem, fr\u00e5n matsm\u00e4ltningsst\u00f6rningar till hudproblem. Genom att fr\u00e4mja en h\u00e4lsosam tarmflora hj\u00e4lper h\u00e4stmj\u00f6lk till en effektiv nedbrytning och absorption av n\u00e4rings\u00e4mnen, vilket m\u00f6jligg\u00f6r en b\u00e4ttre fungerande kropp.<\/p>\n","protected":false},"excerpt":{"rendered":"<p>H\u00e4stmj\u00f6lk fr\u00e4mjar tarmfloran genom att fungera som en naturlig probiotika. Det hj\u00e4lper till att uppr\u00e4tth\u00e5lla en h\u00e4lsosam balans mellan bra och skadliga bakterier i tarmen, vilket \u00e4r avg\u00f6rande f\u00f6r optimal matsm\u00e4ltning, n\u00e4ringsupptag och allm\u00e4n h\u00e4lsa. H\u00e4stmj\u00f6lk \u00e4r fullproppad med nyttiga bakterier, vilket g\u00f6r den till en kraftfull naturlig probiotika. Dessa bakterier bidrar till din tarmfloras [&hellip;]<\/p>\n","protected":false},"author":1,"featured_media":6197,"parent":0,"menu_order":0,"comment_status":"closed","ping_status":"closed","template":"","meta":{"_uf_show_specific_survey":0,"_uf_disable_surveys":false,"footnotes":""},"categories":[170],"tags":[188],"class_list":["post-7655","page","type-page","status-publish","has-post-thumbnail","hentry","category-tarmflora","tag-related-sv"],"jetpack_sharing_enabled":true,"_links":{"self":[{"href":"https:\/\/www.equilac.com\/sv\/wp-json\/wp\/v2\/pages\/7655","targetHints":{"allow":["GET"]}}],"collection":[{"href":"https:\/\/www.equilac.com\/sv\/wp-json\/wp\/v2\/pages"}],"about":[{"href":"https:\/\/www.equilac.com\/sv\/wp-json\/wp\/v2\/types\/page"}],"author":[{"embeddable":true,"href":"https:\/\/www.equilac.com\/sv\/wp-json\/wp\/v2\/users\/1"}],"replies":[{"embeddable":true,"href":"https:\/\/www.equilac.com\/sv\/wp-json\/wp\/v2\/comments?post=7655"}],"version-history":[{"count":2,"href":"https:\/\/www.equilac.com\/sv\/wp-json\/wp\/v2\/pages\/7655\/revisions"}],"predecessor-version":[{"id":13394,"href":"https:\/\/www.equilac.com\/sv\/wp-json\/wp\/v2\/pages\/7655\/revisions\/13394"}],"wp:featuredmedia":[{"embeddable":true,"href":"https:\/\/www.equilac.com\/sv\/wp-json\/wp\/v2\/media\/6197"}],"wp:attachment":[{"href":"https:\/\/www.equilac.com\/sv\/wp-json\/wp\/v2\/media?parent=7655"}],"wp:term":[{"taxonomy":"category","embeddable":true,"href":"https:\/\/www.equilac.com\/sv\/wp-json\/wp\/v2\/categories?post=7655"},{"taxonomy":"post_tag","embeddable":true,"href":"https:\/\/www.equilac.com\/sv\/wp-json\/wp\/v2\/tags?post=7655"}],"curies":[{"name":"wp","href":"https:\/\/api.w.org\/{rel}","templated":true}]}}