{"id":7779,"date":"2023-06-27T04:03:08","date_gmt":"2023-06-27T04:03:08","guid":{"rendered":"https:\/\/www.equilac.com\/paardenmelk-bijwerkingen\/"},"modified":"2023-09-06T17:57:50","modified_gmt":"2023-09-06T17:57:50","slug":"hastmjolk-och-eventuella-biverkningar","status":"publish","type":"page","link":"https:\/\/www.equilac.com\/sv\/hastmjolk-och-eventuella-biverkningar\/","title":{"rendered":"\u00c4r h\u00e4stmj\u00f6lk s\u00e4ker? Nackdelar och biverkningar f\u00f6rklaras"},"content":{"rendered":"<p>F\u00f6r vissa anv\u00e4ndare kan besv\u00e4ren f\u00f6rv\u00e4rras under den f\u00f6rsta m\u00e5naden efter att ha b\u00f6rjat med <a href=\"https:\/\/www.equilac.com\/sv\/\">h\u00e4stmj\u00f6lk<\/a>. Dessutom inneh\u00e5ller h\u00e4stmj\u00f6lk laktos, vilket kan vara ett problem f\u00f6r personer med laktosallergi. Det rekommenderas inte heller under graviditet.<\/p>\n<p>H\u00e4stmj\u00f6lk \u00e4r generellt s\u00e4kert, men trots h\u00e4lsof\u00f6rdelarna med h\u00e4stmj\u00f6lk \u00e4r det viktigt att k\u00e4nna till eventuella biverkningar och nackdelar.<\/p>\n<p>Vid laktosintolerans \u00e4r det viktigt att konsultera en l\u00e4kare innan man b\u00f6rjar med h\u00e4stmj\u00f6lk. Det \u00e4r ocks\u00e5 m\u00f6jligt att dina besv\u00e4r tillf\u00e4lligt f\u00f6rv\u00e4rras eftersom din kropp reagerar p\u00e5 intag av nya \u00e4mnen. Detta \u00e4r ofta tillf\u00e4lligt och betyder att kroppen \u00e4r upptagen med att ta bort avfall.<\/p>\n<p>Det rekommenderas inte heller att anv\u00e4nda h\u00e4stmj\u00f6lk om du \u00e4r allergisk mot h\u00e4star. I s\u00e5 fall kan allvarliga allergiska reaktioner uppst\u00e5, vilket bara f\u00f6rv\u00e4rrar situationen. Om du har en h\u00e4stallergi \u00e4r det avg\u00f6rande att \u00f6verv\u00e4ga alternativa behandlingar och konsultera en expert f\u00f6r skr\u00e4ddarsydda r\u00e5d.<\/p>\n<p><strong>Vill du veta mer om h\u00e4stmj\u00f6lk?<\/strong><\/p>\n<ul>\n<li><a href=\"https:\/\/www.equilac.com\/sv\/hastmjolk-och-laktos\/\">\u00c4r laktosfri fr\u00e5n h\u00e4stmj\u00f6lk<\/a><\/li>\n<li><a href=\"https:\/\/www.equilac.com\/sv\/sammansattning-av-hastmjolk\/\">Vad finns i h\u00e4stmj\u00f6lk<\/a><\/li>\n<\/ul>\n<p>Det viktiga \u00e4r att h\u00e4stmj\u00f6lk beh\u00f6ver en viss tid f\u00f6r att vara effektiv. Vissa anv\u00e4ndare tror att h\u00e4stmj\u00f6lk inte fungerar eftersom de m\u00e5ste prova det l\u00e4ngre. Den rekommenderade intagsperioden \u00e4r vanligtvis tre m\u00e5nader, under vilken det rekommenderas att ta tv\u00e5 kapslar dagligen. Om du g\u00f6r detta kan du vara n\u00f6jd med resultatet.<\/p>\n<p>H\u00e4stmj\u00f6lk verkar inifr\u00e5n och kan lindra olika besv\u00e4r. Det \u00e4r dock viktigt att v\u00e4lja en h\u00e4stmj\u00f6lkskapsel av h\u00f6g kvalitet. Det finns m\u00e5nga olika typer p\u00e5 marknaden, och alla inneh\u00e5ller inte en h\u00f6g dos koncentrerat h\u00e4stmj\u00f6lkspulver.<\/p>\n","protected":false},"excerpt":{"rendered":"<p>F\u00f6r vissa anv\u00e4ndare kan besv\u00e4ren f\u00f6rv\u00e4rras under den f\u00f6rsta m\u00e5naden efter att ha b\u00f6rjat med h\u00e4stmj\u00f6lk. Dessutom inneh\u00e5ller h\u00e4stmj\u00f6lk laktos, vilket kan vara ett problem f\u00f6r personer med laktosallergi. Det rekommenderas inte heller under graviditet. H\u00e4stmj\u00f6lk \u00e4r generellt s\u00e4kert, men trots h\u00e4lsof\u00f6rdelarna med h\u00e4stmj\u00f6lk \u00e4r det viktigt att k\u00e4nna till eventuella biverkningar och nackdelar. Vid [&hellip;]<\/p>\n","protected":false},"author":1,"featured_media":1241,"parent":0,"menu_order":0,"comment_status":"closed","ping_status":"closed","template":"","meta":{"_uf_show_specific_survey":0,"_uf_disable_surveys":false,"footnotes":""},"categories":[221],"tags":[188],"class_list":["post-7779","page","type-page","status-publish","has-post-thumbnail","hentry","category-gebruik","tag-related-sv"],"jetpack_sharing_enabled":true,"_links":{"self":[{"href":"https:\/\/www.equilac.com\/sv\/wp-json\/wp\/v2\/pages\/7779","targetHints":{"allow":["GET"]}}],"collection":[{"href":"https:\/\/www.equilac.com\/sv\/wp-json\/wp\/v2\/pages"}],"about":[{"href":"https:\/\/www.equilac.com\/sv\/wp-json\/wp\/v2\/types\/page"}],"author":[{"embeddable":true,"href":"https:\/\/www.equilac.com\/sv\/wp-json\/wp\/v2\/users\/1"}],"replies":[{"embeddable":true,"href":"https:\/\/www.equilac.com\/sv\/wp-json\/wp\/v2\/comments?post=7779"}],"version-history":[{"count":0,"href":"https:\/\/www.equilac.com\/sv\/wp-json\/wp\/v2\/pages\/7779\/revisions"}],"wp:featuredmedia":[{"embeddable":true,"href":"https:\/\/www.equilac.com\/sv\/wp-json\/wp\/v2\/media\/1241"}],"wp:attachment":[{"href":"https:\/\/www.equilac.com\/sv\/wp-json\/wp\/v2\/media?parent=7779"}],"wp:term":[{"taxonomy":"category","embeddable":true,"href":"https:\/\/www.equilac.com\/sv\/wp-json\/wp\/v2\/categories?post=7779"},{"taxonomy":"post_tag","embeddable":true,"href":"https:\/\/www.equilac.com\/sv\/wp-json\/wp\/v2\/tags?post=7779"}],"curies":[{"name":"wp","href":"https:\/\/api.w.org\/{rel}","templated":true}]}}