{"id":8075,"date":"2023-06-11T17:42:01","date_gmt":"2023-06-11T17:42:01","guid":{"rendered":"https:\/\/www.equilac.com\/hur-tillverkas-hastmjolk\/"},"modified":"2023-09-26T10:01:50","modified_gmt":"2023-09-26T10:01:50","slug":"hur-tillverkas-hastmjolk","status":"publish","type":"page","link":"https:\/\/www.equilac.com\/sv\/hur-tillverkas-hastmjolk\/","title":{"rendered":"Hur tillverkas h\u00e4stmj\u00f6lk?"},"content":{"rendered":"<p>H\u00e4stmj\u00f6lk produceras i specialg\u00e5rdar som kallas h\u00e4stmejerier. Efter f\u00f6lets f\u00f6delse stannar stoet hos f\u00f6let i tv\u00e5 m\u00e5nader f\u00f6r att ge tillr\u00e4cklig n\u00e4ring. Efter denna period separeras stoet fr\u00e5n sitt f\u00f6l dagligen under n\u00e5gra timmar f\u00f6r att mj\u00f6lkas.<\/p>\n<p>H\u00e4stmj\u00f6lksproduktion \u00e4r en noggrann och djurv\u00e4nlig process med speciella mj\u00f6lkmaskiner anpassade efter stoets juver. Mj\u00f6lkningen av stoet sker 2 \u2013 5 g\u00e5nger om dagen, med upp till tre timmars uppeh\u00e5ll mellan mj\u00f6lkningstillf\u00e4llena. Dessa maskiner f\u00f6ljer internationella hygienregler f\u00f6r att garantera mj\u00f6lkkvaliteten.<\/p>\n<p>Efter mj\u00f6lkning kyls den obehandlade h\u00e4stmj\u00f6lken till 3\u00b0 Celsius eller fryses s\u00e5 snabbt som m\u00f6jligt f\u00f6r att bevara sin fr\u00e4sch\u00f6r. Vid behov kan f\u00e4rsk mj\u00f6lk omvandlas till h\u00e4stmj\u00f6lkspulver och bearbetas i kapslar.<\/p>\n<p>Beroende p\u00e5 stoets ras produceras upp till 10 liter h\u00e4stmj\u00f6lk per dag, och cirka tv\u00e5 liter h\u00e4stmj\u00f6lk sparas f\u00f6r m\u00e4nsklig konsumtion; detta s\u00e4kerst\u00e4ller att de v\u00e4xande f\u00f6len fortfarande f\u00e5r tillr\u00e4ckligt med mat.<\/p>\n<p>Separationsperioden l\u00e5ter f\u00f6len \u00e4ta f\u00f6lkraftfoder och h\u00f6 och leka med varandra, vilket hj\u00e4lper deras fortsatta utveckling.<\/p>\n","protected":false},"excerpt":{"rendered":"<p>H\u00e4stmj\u00f6lk produceras i specialg\u00e5rdar som kallas h\u00e4stmejerier. Efter f\u00f6lets f\u00f6delse stannar stoet hos f\u00f6let i tv\u00e5 m\u00e5nader f\u00f6r att ge tillr\u00e4cklig n\u00e4ring. Efter denna period separeras stoet fr\u00e5n sitt f\u00f6l dagligen under n\u00e5gra timmar f\u00f6r att mj\u00f6lkas. H\u00e4stmj\u00f6lksproduktion \u00e4r en noggrann och djurv\u00e4nlig process med speciella mj\u00f6lkmaskiner anpassade efter stoets juver. Mj\u00f6lkningen av stoet sker [&hellip;]<\/p>\n","protected":false},"author":1,"featured_media":1248,"parent":0,"menu_order":0,"comment_status":"closed","ping_status":"closed","template":"","meta":{"_uf_show_specific_survey":0,"_uf_disable_surveys":false,"footnotes":""},"categories":[229],"tags":[188],"class_list":["post-8075","page","type-page","status-publish","has-post-thumbnail","hentry","category-informatie","tag-related-sv"],"jetpack_sharing_enabled":true,"_links":{"self":[{"href":"https:\/\/www.equilac.com\/sv\/wp-json\/wp\/v2\/pages\/8075","targetHints":{"allow":["GET"]}}],"collection":[{"href":"https:\/\/www.equilac.com\/sv\/wp-json\/wp\/v2\/pages"}],"about":[{"href":"https:\/\/www.equilac.com\/sv\/wp-json\/wp\/v2\/types\/page"}],"author":[{"embeddable":true,"href":"https:\/\/www.equilac.com\/sv\/wp-json\/wp\/v2\/users\/1"}],"replies":[{"embeddable":true,"href":"https:\/\/www.equilac.com\/sv\/wp-json\/wp\/v2\/comments?post=8075"}],"version-history":[{"count":1,"href":"https:\/\/www.equilac.com\/sv\/wp-json\/wp\/v2\/pages\/8075\/revisions"}],"predecessor-version":[{"id":12234,"href":"https:\/\/www.equilac.com\/sv\/wp-json\/wp\/v2\/pages\/8075\/revisions\/12234"}],"wp:featuredmedia":[{"embeddable":true,"href":"https:\/\/www.equilac.com\/sv\/wp-json\/wp\/v2\/media\/1248"}],"wp:attachment":[{"href":"https:\/\/www.equilac.com\/sv\/wp-json\/wp\/v2\/media?parent=8075"}],"wp:term":[{"taxonomy":"category","embeddable":true,"href":"https:\/\/www.equilac.com\/sv\/wp-json\/wp\/v2\/categories?post=8075"},{"taxonomy":"post_tag","embeddable":true,"href":"https:\/\/www.equilac.com\/sv\/wp-json\/wp\/v2\/tags?post=8075"}],"curies":[{"name":"wp","href":"https:\/\/api.w.org\/{rel}","templated":true}]}}