{"id":8104,"date":"2023-08-02T09:01:31","date_gmt":"2023-08-02T09:01:31","guid":{"rendered":"https:\/\/www.equilac.com\/hastmjolk-och-immunforsvaret\/"},"modified":"2023-10-06T14:31:36","modified_gmt":"2023-10-06T14:31:36","slug":"hastmjolk-och-immunforsvaret","status":"publish","type":"page","link":"https:\/\/www.equilac.com\/sv\/hastmjolk-och-immunforsvaret\/","title":{"rendered":"H\u00e4stmj\u00f6lk och immunf\u00f6rsvaret"},"content":{"rendered":"<p>H\u00e4stmj\u00f6lk kan st\u00e4rka ditt immunf\u00f6rsvar och minska risken f\u00f6r att du blir sjuk. Ett starkt f\u00f6rsvarssystem \u00e4r viktigt f\u00f6r din h\u00e4lsa eftersom det hj\u00e4lper till att bek\u00e4mpa skadliga bakterier som virus och bakterier. H\u00e4stmj\u00f6lk g\u00f6r detta genom att hj\u00e4lpa till att h\u00e5lla din tarm frisk. En frisk tarm tar bort avfall fr\u00e5n din kropp och f\u00f6rb\u00e4ttrar ditt motst\u00e5nd.<\/p>\n<p>Laktoferrin \u00e4r en av de viktigaste sakerna i h\u00e4stmj\u00f6lk som hj\u00e4lper ditt immunf\u00f6rsvar. F\u00f6rutom att hj\u00e4lpa ditt immunf\u00f6rsvar \u00e4r laktoferrin ocks\u00e5 bra f\u00f6r din hud. Detta kan vara s\u00e4rskilt anv\u00e4ndbart f\u00f6r <a href=\"https:\/\/www.equilac.com\/sv\/hastmjolk-kapslar-for-hudproblem\/\">hudproblem<\/a> som eksem eller akne.<\/p>\n<p>Ibland kan stress, att inte \u00e4ta bra, inte sova tillr\u00e4ckligt eller ta vissa mediciner f\u00f6rsvaga ditt immunf\u00f6rsvar. Det g\u00f6r det l\u00e4ttare f\u00f6r dig att bli sjuk. Om du st\u00e5r inf\u00f6r detta problem kan h\u00e4stmj\u00f6lk hj\u00e4lpa till att st\u00e4rka ditt immunf\u00f6rsvar.<\/p>\n<p>Anv\u00e4ndare av <a href=\"https:\/\/www.equilac.com\/sv\/produkt\/hastmjolk-kapslar\/\">h\u00e4stmj\u00f6lkskapslar<\/a> s\u00e4ger att de k\u00e4nner sig mer vitala och kan b\u00e4ttre motst\u00e5 att bli sjuka. Om du provar h\u00e4stmj\u00f6lkskapslar \u00e4r att ta tv\u00e5 varje dag i tre m\u00e5nader vad de flesta rekommenderar f\u00f6r b\u00e4sta resultat.<\/p>\n<p>Men det r\u00e4cker inte att bara ta hand om sin h\u00e4lsa utifr\u00e5n; du m\u00e5ste ocks\u00e5 st\u00e4rka din kropp fr\u00e5n insidan. <a href=\"https:\/\/www.equilac.com\/sv\/hastmjolk\/\">H\u00e4stmj\u00f6lk<\/a> kan vara till stor hj\u00e4lp f\u00f6r att g\u00f6ra detta. Oavsett om du dricker f\u00e4rsk h\u00e4stmj\u00f6lk eller tar det som en kapsel kan det hj\u00e4lpa dig att bli mer motst\u00e5ndskraftig mot sjukdomar, st\u00e4rka ditt immunf\u00f6rsvar och st\u00f6dja hudens regenerativa f\u00f6rm\u00e5ga.<\/p>\n","protected":false},"excerpt":{"rendered":"<p>H\u00e4stmj\u00f6lk kan st\u00e4rka ditt immunf\u00f6rsvar och minska risken f\u00f6r att du blir sjuk. Ett starkt f\u00f6rsvarssystem \u00e4r viktigt f\u00f6r din h\u00e4lsa eftersom det hj\u00e4lper till att bek\u00e4mpa skadliga bakterier som virus och bakterier. H\u00e4stmj\u00f6lk g\u00f6r detta genom att hj\u00e4lpa till att h\u00e5lla din tarm frisk. En frisk tarm tar bort avfall fr\u00e5n din kropp och [&hellip;]<\/p>\n","protected":false},"author":1,"featured_media":6257,"parent":0,"menu_order":0,"comment_status":"closed","ping_status":"closed","template":"","meta":{"_uf_show_specific_survey":0,"_uf_disable_surveys":false,"footnotes":""},"categories":[169],"tags":[188],"class_list":["post-8104","page","type-page","status-publish","has-post-thumbnail","hentry","category-immunforsvar","tag-related-sv"],"jetpack_sharing_enabled":true,"_links":{"self":[{"href":"https:\/\/www.equilac.com\/sv\/wp-json\/wp\/v2\/pages\/8104","targetHints":{"allow":["GET"]}}],"collection":[{"href":"https:\/\/www.equilac.com\/sv\/wp-json\/wp\/v2\/pages"}],"about":[{"href":"https:\/\/www.equilac.com\/sv\/wp-json\/wp\/v2\/types\/page"}],"author":[{"embeddable":true,"href":"https:\/\/www.equilac.com\/sv\/wp-json\/wp\/v2\/users\/1"}],"replies":[{"embeddable":true,"href":"https:\/\/www.equilac.com\/sv\/wp-json\/wp\/v2\/comments?post=8104"}],"version-history":[{"count":1,"href":"https:\/\/www.equilac.com\/sv\/wp-json\/wp\/v2\/pages\/8104\/revisions"}],"predecessor-version":[{"id":13375,"href":"https:\/\/www.equilac.com\/sv\/wp-json\/wp\/v2\/pages\/8104\/revisions\/13375"}],"wp:featuredmedia":[{"embeddable":true,"href":"https:\/\/www.equilac.com\/sv\/wp-json\/wp\/v2\/media\/6257"}],"wp:attachment":[{"href":"https:\/\/www.equilac.com\/sv\/wp-json\/wp\/v2\/media?parent=8104"}],"wp:term":[{"taxonomy":"category","embeddable":true,"href":"https:\/\/www.equilac.com\/sv\/wp-json\/wp\/v2\/categories?post=8104"},{"taxonomy":"post_tag","embeddable":true,"href":"https:\/\/www.equilac.com\/sv\/wp-json\/wp\/v2\/tags?post=8104"}],"curies":[{"name":"wp","href":"https:\/\/api.w.org\/{rel}","templated":true}]}}