{"id":8202,"date":"2023-07-02T13:13:44","date_gmt":"2023-07-02T13:13:44","guid":{"rendered":"https:\/\/www.equilac.com\/hastmjolkspulver\/"},"modified":"2023-10-09T08:50:27","modified_gmt":"2023-10-09T08:50:27","slug":"hastmjolkspulver","status":"publish","type":"page","link":"https:\/\/www.equilac.com\/sv\/hastmjolkspulver\/","title":{"rendered":"Hur tillverkas h\u00e4stmj\u00f6lkspulver?"},"content":{"rendered":"<p>H\u00e4stmj\u00f6lkspulver \u00e4r ett m\u00e5ngsidigt och bekv\u00e4mt s\u00e4tt att njuta av h\u00e4lsof\u00f6rdelarna med h\u00e4stmj\u00f6lk. Pulvret beh\u00e5ller sina naturliga vitaminer och mineraler, med 91 % av vattnet avl\u00e4gsnat genom frystorkning eller spraytorkningsmetoder.<\/p>\n<p>H\u00e4stmj\u00f6lkspulver erh\u00e5lls genom att omvandla flytande <a href=\"https:\/\/www.equilac.com\/sv\/hastmjolk\/\">h\u00e4stmj\u00f6lk<\/a> till pulverform. Detta kan g\u00f6ras genom tv\u00e5 omvandlingsprocesser: frystorkning eller spraytorkning. B\u00e5da teknikerna h\u00e5ller temperaturen under 38\u00b0C f\u00f6r att bevara mj\u00f6lkens n\u00e4ringsinneh\u00e5ll. I spraytorkningsmetoden v\u00e4rms mj\u00f6lken till en specifik temperatur f\u00f6r att d\u00f6da o\u00f6nskade bakterier och bevara v\u00e4rdefulla element. Frystorkningsprocessen g\u00e5r ut p\u00e5 att frysa mj\u00f6lken och sedan torka den vid mycket l\u00e5ga temperaturer, vilket s\u00e4kerst\u00e4ller att alla vitaminer, mineraler och proteiner h\u00e5lls intakta.<\/p>\n<p>En av f\u00f6rdelarna med h\u00e4stmj\u00f6lkspulver \u00e4r dess bekv\u00e4mlighet att anv\u00e4nda. Blanda det med ljummet vatten eller yoghurt, eller ta pulvret torrt och sk\u00f6lj bort det med vatten. Det \u00e4r viktigt att undvika att v\u00e4rma produkten f\u00f6r att bibeh\u00e5lla dess h\u00e4lsof\u00f6rdelar.<\/p>\n<p><strong>Vill du veta mer om h\u00e4stmj\u00f6lk?<\/strong><\/p>\n<ul>\n<li><a href=\"https:\/\/www.equilac.com\/sv\/dricker-farsk-hastmjolk\/\">Dricka f\u00e4rsk h\u00e4stmj\u00f6lk<\/a><\/li>\n<li><a href=\"https:\/\/www.equilac.com\/sv\/kan-man-gora-ost-av-hastmjolk\/\">Kan du g\u00f6ra ost av h\u00e4stmj\u00f6lk<\/a><\/li>\n<\/ul>\n<p>H\u00e4stmj\u00f6lkspulver finns ocks\u00e5 i kapslar eller tabletter f\u00f6r dem som tycker att pulverformen \u00e4r utmanande. Dessa kapslar \u00e4r l\u00e4tta att f\u00f6rvara, har en l\u00e5ng h\u00e5llbarhet p\u00e5 upp till 18 m\u00e5nader och kan enkelt skickas.<\/p>\n<p>H\u00e4stmj\u00f6lkspulver erbjuder ett h\u00e5llbart och bekv\u00e4mt s\u00e4tt att st\u00f6dja din h\u00e4lsa. Oavsett om du v\u00e4ljer att konsumera det i pulverform eller kapslar, anv\u00e4nder du dig av en naturlig produkt som \u00e4r b\u00e5de m\u00e5ngsidig och f\u00f6rdelaktig.<\/p>\n","protected":false},"excerpt":{"rendered":"<p>H\u00e4stmj\u00f6lkspulver \u00e4r ett m\u00e5ngsidigt och bekv\u00e4mt s\u00e4tt att njuta av h\u00e4lsof\u00f6rdelarna med h\u00e4stmj\u00f6lk. Pulvret beh\u00e5ller sina naturliga vitaminer och mineraler, med 91 % av vattnet avl\u00e4gsnat genom frystorkning eller spraytorkningsmetoder. H\u00e4stmj\u00f6lkspulver erh\u00e5lls genom att omvandla flytande h\u00e4stmj\u00f6lk till pulverform. Detta kan g\u00f6ras genom tv\u00e5 omvandlingsprocesser: frystorkning eller spraytorkning. B\u00e5da teknikerna h\u00e5ller temperaturen under 38\u00b0C f\u00f6r [&hellip;]<\/p>\n","protected":false},"author":1,"featured_media":6332,"parent":0,"menu_order":0,"comment_status":"closed","ping_status":"closed","template":"","meta":{"_uf_show_specific_survey":0,"_uf_disable_surveys":false,"footnotes":""},"categories":[219],"tags":[188],"class_list":["post-8202","page","type-page","status-publish","has-post-thumbnail","hentry","category-produkter","tag-related-sv"],"jetpack_sharing_enabled":true,"_links":{"self":[{"href":"https:\/\/www.equilac.com\/sv\/wp-json\/wp\/v2\/pages\/8202","targetHints":{"allow":["GET"]}}],"collection":[{"href":"https:\/\/www.equilac.com\/sv\/wp-json\/wp\/v2\/pages"}],"about":[{"href":"https:\/\/www.equilac.com\/sv\/wp-json\/wp\/v2\/types\/page"}],"author":[{"embeddable":true,"href":"https:\/\/www.equilac.com\/sv\/wp-json\/wp\/v2\/users\/1"}],"replies":[{"embeddable":true,"href":"https:\/\/www.equilac.com\/sv\/wp-json\/wp\/v2\/comments?post=8202"}],"version-history":[{"count":1,"href":"https:\/\/www.equilac.com\/sv\/wp-json\/wp\/v2\/pages\/8202\/revisions"}],"predecessor-version":[{"id":13475,"href":"https:\/\/www.equilac.com\/sv\/wp-json\/wp\/v2\/pages\/8202\/revisions\/13475"}],"wp:featuredmedia":[{"embeddable":true,"href":"https:\/\/www.equilac.com\/sv\/wp-json\/wp\/v2\/media\/6332"}],"wp:attachment":[{"href":"https:\/\/www.equilac.com\/sv\/wp-json\/wp\/v2\/media?parent=8202"}],"wp:term":[{"taxonomy":"category","embeddable":true,"href":"https:\/\/www.equilac.com\/sv\/wp-json\/wp\/v2\/categories?post=8202"},{"taxonomy":"post_tag","embeddable":true,"href":"https:\/\/www.equilac.com\/sv\/wp-json\/wp\/v2\/tags?post=8202"}],"curies":[{"name":"wp","href":"https:\/\/api.w.org\/{rel}","templated":true}]}}