{"id":8221,"date":"2023-07-02T12:23:22","date_gmt":"2023-07-02T12:23:22","guid":{"rendered":"https:\/\/www.equilac.com\/forskning-om-hastmjolk\/"},"modified":"2023-10-09T08:31:48","modified_gmt":"2023-10-09T08:31:48","slug":"forskning-om-hastmjolk","status":"publish","type":"page","link":"https:\/\/www.equilac.com\/sv\/forskning-om-hastmjolk\/","title":{"rendered":"Forskning om h\u00e4stmj\u00f6lk"},"content":{"rendered":"<ul>\n<li>Studier fr\u00e5n Friedrich-Schiller University of Jena visar att h\u00e4stmj\u00f6lk kan hj\u00e4lpa till att behandla hud\u00e5kommor.<\/li>\n<li>H\u00e4stmj\u00f6lk har ocks\u00e5 visat positiva effekter vid behandling av inre h\u00e4lsoproblem som tarm-, andnings- och leverproblem.<\/li>\n<li>Barn med komj\u00f6lksallergi t\u00e5l h\u00e4stmj\u00f6lk v\u00e4l och den \u00e4r mest lik br\u00f6stmj\u00f6lk fr\u00e5n alla d\u00e4ggdjursmj\u00f6lk.<\/li>\n<\/ul>\n<h2 id=\"elementor-tab-title-1091\" role=\"button\" data-tab=\"1\" aria-controls=\"elementor-tab-content-1091\" aria-expanded=\"false\"><a tabindex=\"0\">Forskning om f\u00f6rdelarna med h\u00e4stmj\u00f6lk<\/a><\/h2>\n<p>Den viktigaste forskningen om h\u00e4lsof\u00f6rdelarna med h\u00e4stmj\u00f6lk kommer fr\u00e5n Friedrich-Schiller University i Jena, Tyskland. Detta universitet har \u00e4gnat mer \u00e4n ett decennium \u00e5t att unders\u00f6ka f\u00f6rdelarna med h\u00e4stmj\u00f6lk som en st\u00f6djande behandling. Dessa studier indikerar f\u00f6rdelarna med l\u00e5ngtidsintag av h\u00e4stmj\u00f6lk i minst sex m\u00e5nader.<\/p>\n<h2 id=\"elementor-tab-title-1092\" role=\"button\" data-tab=\"2\" aria-controls=\"elementor-tab-content-1092\" aria-expanded=\"false\"><a tabindex=\"0\">H\u00e4stmj\u00f6lk och hudproblem<\/a><\/h2>\n<p>En studie fr\u00e5n 2009 visade att mer \u00e4n 90 % av patienterna med olika hud\u00e5kommor rapporterade att sv\u00e5righetsgraden av deras symtom minskade dramatiskt efter att ha druckit h\u00e4stmj\u00f6lk. En f\u00f6rb\u00e4ttring av symtom som kl\u00e5da och s\u00f6mnst\u00f6rningar kan st\u00f6djas medicinskt, med patienter som rapporterar en f\u00f6rb\u00e4ttring fr\u00e5n \u201chalvsv\u00e5r\/sv\u00e5r\u201d till \u201clindrig\/icke-existerande\u201d efter sex m\u00e5naders behandling. Vissa patienter kunde till och med minska sitt l\u00e4kemedelsintag.<\/p>\n<h2 id=\"elementor-tab-title-1093\" role=\"button\" data-tab=\"3\" aria-controls=\"elementor-tab-content-1093\" aria-expanded=\"false\"><a tabindex=\"0\">H\u00e4stmj\u00f6lk och inre h\u00e4lsa<\/a><\/h2>\n<p>Friedrich-Schiller University of Jena fann ocks\u00e5 att 75 % av konsumenterna med tarm-, andnings- eller leverproblem reagerade positivt p\u00e5 att dricka h\u00e4stmj\u00f6lk. Speciellt f\u00f6r personer med tarmsjukdomar ledde intaget av h\u00e4stmj\u00f6lk till minskade symtom och f\u00f6rb\u00e4ttrad h\u00e4lsa.<\/p>\n<h2 id=\"elementor-tab-title-1094\" role=\"button\" data-tab=\"4\" aria-controls=\"elementor-tab-content-1094\" aria-expanded=\"false\"><a tabindex=\"0\">H\u00e4stmj\u00f6lk mot komj\u00f6lksallergi<\/a><\/h2>\n<p>En annan studie publicerad i Pediatric Allergy and Immunology visade att h\u00e4stmj\u00f6lk tolereras v\u00e4l av n\u00e4stan 96 % av barn som \u00e4r allergiska mot komj\u00f6lk. Dr. Rene Madeleyn, en barnl\u00e4kare, konstaterade att h\u00e4stmj\u00f6lk inneh\u00e5ller m\u00e5nga antikroppar som neutraliserar bakterier och virus och \u00e4r den av alla d\u00e4ggdjur som liknar human br\u00f6stmj\u00f6lk mest.<\/p>\n","protected":false},"excerpt":{"rendered":"<p>Studier fr\u00e5n Friedrich-Schiller University of Jena visar att h\u00e4stmj\u00f6lk kan hj\u00e4lpa till att behandla hud\u00e5kommor. H\u00e4stmj\u00f6lk har ocks\u00e5 visat positiva effekter vid behandling av inre h\u00e4lsoproblem som tarm-, andnings- och leverproblem. Barn med komj\u00f6lksallergi t\u00e5l h\u00e4stmj\u00f6lk v\u00e4l och den \u00e4r mest lik br\u00f6stmj\u00f6lk fr\u00e5n alla d\u00e4ggdjursmj\u00f6lk. Forskning om f\u00f6rdelarna med h\u00e4stmj\u00f6lk Den viktigaste forskningen om [&hellip;]<\/p>\n","protected":false},"author":1,"featured_media":1164,"parent":0,"menu_order":0,"comment_status":"closed","ping_status":"closed","template":"","meta":{"_uf_show_specific_survey":0,"_uf_disable_surveys":false,"footnotes":""},"categories":[229],"tags":[188],"class_list":["post-8221","page","type-page","status-publish","has-post-thumbnail","hentry","category-informatie","tag-related-sv"],"jetpack_sharing_enabled":true,"_links":{"self":[{"href":"https:\/\/www.equilac.com\/sv\/wp-json\/wp\/v2\/pages\/8221","targetHints":{"allow":["GET"]}}],"collection":[{"href":"https:\/\/www.equilac.com\/sv\/wp-json\/wp\/v2\/pages"}],"about":[{"href":"https:\/\/www.equilac.com\/sv\/wp-json\/wp\/v2\/types\/page"}],"author":[{"embeddable":true,"href":"https:\/\/www.equilac.com\/sv\/wp-json\/wp\/v2\/users\/1"}],"replies":[{"embeddable":true,"href":"https:\/\/www.equilac.com\/sv\/wp-json\/wp\/v2\/comments?post=8221"}],"version-history":[{"count":1,"href":"https:\/\/www.equilac.com\/sv\/wp-json\/wp\/v2\/pages\/8221\/revisions"}],"predecessor-version":[{"id":13459,"href":"https:\/\/www.equilac.com\/sv\/wp-json\/wp\/v2\/pages\/8221\/revisions\/13459"}],"wp:featuredmedia":[{"embeddable":true,"href":"https:\/\/www.equilac.com\/sv\/wp-json\/wp\/v2\/media\/1164"}],"wp:attachment":[{"href":"https:\/\/www.equilac.com\/sv\/wp-json\/wp\/v2\/media?parent=8221"}],"wp:term":[{"taxonomy":"category","embeddable":true,"href":"https:\/\/www.equilac.com\/sv\/wp-json\/wp\/v2\/categories?post=8221"},{"taxonomy":"post_tag","embeddable":true,"href":"https:\/\/www.equilac.com\/sv\/wp-json\/wp\/v2\/tags?post=8221"}],"curies":[{"name":"wp","href":"https:\/\/api.w.org\/{rel}","templated":true}]}}