{"id":8240,"date":"2023-07-02T12:46:10","date_gmt":"2023-07-02T12:46:10","guid":{"rendered":"https:\/\/www.equilac.com\/hastmjolk-for-allergier\/"},"modified":"2023-09-29T07:41:02","modified_gmt":"2023-09-29T07:41:02","slug":"hastmjolk-for-allergier","status":"publish","type":"page","link":"https:\/\/www.equilac.com\/sv\/hastmjolk-for-allergier\/","title":{"rendered":"H\u00e4stmj\u00f6lk mot allergier"},"content":{"rendered":"<p>H\u00e4stmj\u00f6lk kan hj\u00e4lpa till att lindra olika allergier, inklusive komj\u00f6lksallergi, h\u00f6snuva och astma. Dess rika sammans\u00e4ttning av probiotika, mineraler och vitaminer hj\u00e4lper till att \u00f6ka immunf\u00f6rsvaret, vilket g\u00f6r h\u00e4stmj\u00f6lk till ett alternativ f\u00f6r att hantera allergier.<\/p>\n<h2>Komj\u00f6lksallergi<\/h2>\n<p><a href=\"https:\/\/www.equilac.com\/sv\/hastmjolk-mot-komjolksallergi\/\">Komj\u00f6lksallergi<\/a> orsakar gastrointestinala, hud- och andningsbesv\u00e4r. H\u00e4stmj\u00f6lk kan erbjuda en l\u00f6sning f\u00f6r m\u00e4nniskor som k\u00e4mpar med denna typ av allergi. \u00c4ven om det inneh\u00e5ller mer laktos \u00e4n komj\u00f6lk, g\u00f6r laktoferrinet i h\u00e4stmj\u00f6lk det l\u00e4ttare att sm\u00e4lta. Laktoferrin \u00e4r ett protein som \u00e4ven finns i br\u00f6stmj\u00f6lk och hj\u00e4lper till att fr\u00e4mja tillv\u00e4xten av nyttiga bakterier i tarmen. Om du har laktosintolerans b\u00f6r du vara f\u00f6rsiktig p\u00e5 grund av det h\u00f6gre laktosinneh\u00e5llet i h\u00e4stmj\u00f6lk.<\/p>\n<h2 class=\"elementor-heading-title elementor-size-default\">H\u00f6snuva<\/h2>\n<p class=\"elementor-heading-title elementor-size-default\"><a href=\"https:\/\/www.equilac.com\/sv\/hastmjolk-ett-naturligt-botemedel-mot-hosnuva\/\">H\u00f6snuva<\/a>, en allergi som utl\u00f6ses av pollen fr\u00e5n gr\u00e4s, tr\u00e4d och buskar, kan orsaka symtom som nysningar, kliande \u00f6gon och t\u00e4ppt n\u00e4sa. H\u00e4stmj\u00f6lk kan hj\u00e4lpa till att hantera dessa symtom genom att st\u00f6dja en sund tarmflora och st\u00e4rka immunf\u00f6rsvaret. Detta g\u00f6r att kroppen b\u00e4ttre kan svara p\u00e5 pollen, den fr\u00e4msta orsaken till h\u00f6snuva. Att ta h\u00e4stmj\u00f6lkskapslar regelbundet kan ge st\u00f6d fr\u00e5n insidan, vilket minskar sv\u00e5righetsgraden av allergiska reaktioner.<\/p>\n<h2>Astma<\/h2>\n<p><a href=\"https:\/\/www.equilac.com\/sv\/naturlig-lindring-fran-astma-med-hastmjolk\/\">Astma<\/a>, en kronisk inflammation i luftv\u00e4garna, korrelerar ofta med allergier. Medan mediciner kan kontrollera symtom, botar de inte tillst\u00e5ndet. H\u00e4stmj\u00f6lk kan hj\u00e4lpa genom att rikta in sig p\u00e5 det f\u00f6rsvagade immunf\u00f6rsvaret. Genom att st\u00f6dja en balanserad tarmflora hj\u00e4lper h\u00e4stmj\u00f6lk till att optimera balansen av \u00e4mnen i din kropp, vilket g\u00f6r att den kan reagera mindre v\u00e5ldsamt p\u00e5 luftburna allergener som pollen eller damm.<\/p>\n<p>Om du lider av allergier kan h\u00e4stmj\u00f6lkskapslar vara en kompletterande behandling ut\u00f6ver din befintliga behandlingsplan. F\u00f6r optimala resultat rekommenderas att du anv\u00e4nder Equilac-kapslar under tre m\u00e5nader i f\u00f6ljd.<\/p>\n","protected":false},"excerpt":{"rendered":"<p>H\u00e4stmj\u00f6lk kan hj\u00e4lpa till att lindra olika allergier, inklusive komj\u00f6lksallergi, h\u00f6snuva och astma. Dess rika sammans\u00e4ttning av probiotika, mineraler och vitaminer hj\u00e4lper till att \u00f6ka immunf\u00f6rsvaret, vilket g\u00f6r h\u00e4stmj\u00f6lk till ett alternativ f\u00f6r att hantera allergier. Komj\u00f6lksallergi Komj\u00f6lksallergi orsakar gastrointestinala, hud- och andningsbesv\u00e4r. H\u00e4stmj\u00f6lk kan erbjuda en l\u00f6sning f\u00f6r m\u00e4nniskor som k\u00e4mpar med denna typ [&hellip;]<\/p>\n","protected":false},"author":1,"featured_media":12337,"parent":0,"menu_order":0,"comment_status":"closed","ping_status":"closed","template":"","meta":{"_uf_show_specific_survey":0,"_uf_disable_surveys":false,"footnotes":""},"categories":[168,138],"tags":[188],"class_list":["post-8240","page","type-page","status-publish","has-post-thumbnail","hentry","category-stosmjolk","category-allergier","tag-related-sv"],"jetpack_sharing_enabled":true,"_links":{"self":[{"href":"https:\/\/www.equilac.com\/sv\/wp-json\/wp\/v2\/pages\/8240","targetHints":{"allow":["GET"]}}],"collection":[{"href":"https:\/\/www.equilac.com\/sv\/wp-json\/wp\/v2\/pages"}],"about":[{"href":"https:\/\/www.equilac.com\/sv\/wp-json\/wp\/v2\/types\/page"}],"author":[{"embeddable":true,"href":"https:\/\/www.equilac.com\/sv\/wp-json\/wp\/v2\/users\/1"}],"replies":[{"embeddable":true,"href":"https:\/\/www.equilac.com\/sv\/wp-json\/wp\/v2\/comments?post=8240"}],"version-history":[{"count":1,"href":"https:\/\/www.equilac.com\/sv\/wp-json\/wp\/v2\/pages\/8240\/revisions"}],"predecessor-version":[{"id":12455,"href":"https:\/\/www.equilac.com\/sv\/wp-json\/wp\/v2\/pages\/8240\/revisions\/12455"}],"wp:featuredmedia":[{"embeddable":true,"href":"https:\/\/www.equilac.com\/sv\/wp-json\/wp\/v2\/media\/12337"}],"wp:attachment":[{"href":"https:\/\/www.equilac.com\/sv\/wp-json\/wp\/v2\/media?parent=8240"}],"wp:term":[{"taxonomy":"category","embeddable":true,"href":"https:\/\/www.equilac.com\/sv\/wp-json\/wp\/v2\/categories?post=8240"},{"taxonomy":"post_tag","embeddable":true,"href":"https:\/\/www.equilac.com\/sv\/wp-json\/wp\/v2\/tags?post=8240"}],"curies":[{"name":"wp","href":"https:\/\/api.w.org\/{rel}","templated":true}]}}