{"id":8259,"date":"2023-07-27T16:03:39","date_gmt":"2023-07-27T16:03:39","guid":{"rendered":"https:\/\/www.equilac.com\/hastmjolk-mot-komjolksallergi\/"},"modified":"2023-09-29T07:59:49","modified_gmt":"2023-09-29T07:59:49","slug":"hastmjolk-mot-komjolksallergi","status":"publish","type":"page","link":"https:\/\/www.equilac.com\/sv\/hastmjolk-mot-komjolksallergi\/","title":{"rendered":"H\u00e4stmj\u00f6lk mot komj\u00f6lksallergi"},"content":{"rendered":"<p>H\u00e4stmj\u00f6lk kan vara ett g\u00e5ngbart alternativ f\u00f6r personer med komj\u00f6lksallergi. Dess unika sammans\u00e4ttning av fetter, proteiner och mineraler \u00e4r l\u00e4ttsm\u00e4lta, vilket g\u00f6r det till ett b\u00e4ttre alternativ f\u00f6r dem med komj\u00f6lksallergier. En studie fr\u00e5n <a href=\"https:\/\/onlinelibrary.wiley.com\/doi\/abs\/10.1111\/j.1399-3038.2007.00567.x\" target=\"_blank\" rel=\"nofollow noopener\">pediatrisk allergi och immunologi <\/a> fann att n\u00e4stan 96 procent av barn med komj\u00f6lksallergi tolererade h\u00e4stmj\u00f6lk bra.<\/p>\n<p>Komj\u00f6lksallergi beror fr\u00e4mst p\u00e5 immunf\u00f6rsvarets reaktion mot proteinerna som finns i komj\u00f6lk. Dessa proteiner kan vara komplexa f\u00f6r kroppen att sm\u00e4lta och kan leda till matsm\u00e4ltningsproblem och negativa effekter p\u00e5 tarmfloran. Proteinerna i h\u00e4stmj\u00f6lk \u00e4r l\u00e4ttare och snabbare att sm\u00e4lta, vilket minskar sannolikheten f\u00f6r gastrointestinala problem.<\/p>\n<p>Det \u00e4r viktigt att skilja p\u00e5 komj\u00f6lksallergi och laktosintolerans. Om du har laktosintolerans har din kropp problem med att sm\u00e4lta laktos, ett socker i mj\u00f6lk. Lyckligtvis \u00e4r h\u00e4stmj\u00f6lk l\u00e4ttsm\u00e4lt och tolereras i allm\u00e4nhet v\u00e4l av dem med laktosintolerans.<\/p>\n<p>H\u00e4stmj\u00f6lk kan vara ett l\u00e4mpligt alternativ om du lider av komj\u00f6lksallergi. Dess unika sammans\u00e4ttning och l\u00e4ttsm\u00e4lta g\u00f6r den till ett praktiskt val f\u00f6r barn och vuxna. H\u00e4stmj\u00f6lk skulle dock inte vara l\u00e4mpligt f\u00f6r dig om du har en laktosallergi ut\u00f6ver en komj\u00f6lksallergi.<\/p>\n<p>L\u00e4s ocks\u00e5: <a href=\"https:\/\/www.equilac.com\/sv\/hastmjolk-for-allergier\/\">h\u00e4stmj\u00f6lk f\u00f6r allergier<\/a> &#8211; <a href=\"https:\/\/www.equilac.com\/sv\/hastmjolk-ett-naturligt-botemedel-mot-hosnuva\/\">h\u00e4stmj\u00f6lk ett naturligt botemedel mot h\u00f6snuva<\/a> \u2013 <a href=\"https:\/\/www.equilac.com\/sv\/naturlig-lindring-fran-astma-med-hastmjolk\/\">naturlig lindring fr\u00e5n astma med h\u00e4stmj\u00f6lk<\/a><\/p>\n","protected":false},"excerpt":{"rendered":"<p>H\u00e4stmj\u00f6lk kan vara ett g\u00e5ngbart alternativ f\u00f6r personer med komj\u00f6lksallergi. Dess unika sammans\u00e4ttning av fetter, proteiner och mineraler \u00e4r l\u00e4ttsm\u00e4lta, vilket g\u00f6r det till ett b\u00e4ttre alternativ f\u00f6r dem med komj\u00f6lksallergier. En studie fr\u00e5n pediatrisk allergi och immunologi fann att n\u00e4stan 96 procent av barn med komj\u00f6lksallergi tolererade h\u00e4stmj\u00f6lk bra. Komj\u00f6lksallergi beror fr\u00e4mst p\u00e5 immunf\u00f6rsvarets [&hellip;]<\/p>\n","protected":false},"author":1,"featured_media":6145,"parent":0,"menu_order":0,"comment_status":"closed","ping_status":"closed","template":"","meta":{"_uf_show_specific_survey":0,"_uf_disable_surveys":false,"footnotes":""},"categories":[168,138],"tags":[188],"class_list":["post-8259","page","type-page","status-publish","has-post-thumbnail","hentry","category-stosmjolk","category-allergier","tag-related-sv"],"jetpack_sharing_enabled":true,"_links":{"self":[{"href":"https:\/\/www.equilac.com\/sv\/wp-json\/wp\/v2\/pages\/8259","targetHints":{"allow":["GET"]}}],"collection":[{"href":"https:\/\/www.equilac.com\/sv\/wp-json\/wp\/v2\/pages"}],"about":[{"href":"https:\/\/www.equilac.com\/sv\/wp-json\/wp\/v2\/types\/page"}],"author":[{"embeddable":true,"href":"https:\/\/www.equilac.com\/sv\/wp-json\/wp\/v2\/users\/1"}],"replies":[{"embeddable":true,"href":"https:\/\/www.equilac.com\/sv\/wp-json\/wp\/v2\/comments?post=8259"}],"version-history":[{"count":2,"href":"https:\/\/www.equilac.com\/sv\/wp-json\/wp\/v2\/pages\/8259\/revisions"}],"predecessor-version":[{"id":12718,"href":"https:\/\/www.equilac.com\/sv\/wp-json\/wp\/v2\/pages\/8259\/revisions\/12718"}],"wp:featuredmedia":[{"embeddable":true,"href":"https:\/\/www.equilac.com\/sv\/wp-json\/wp\/v2\/media\/6145"}],"wp:attachment":[{"href":"https:\/\/www.equilac.com\/sv\/wp-json\/wp\/v2\/media?parent=8259"}],"wp:term":[{"taxonomy":"category","embeddable":true,"href":"https:\/\/www.equilac.com\/sv\/wp-json\/wp\/v2\/categories?post=8259"},{"taxonomy":"post_tag","embeddable":true,"href":"https:\/\/www.equilac.com\/sv\/wp-json\/wp\/v2\/tags?post=8259"}],"curies":[{"name":"wp","href":"https:\/\/api.w.org\/{rel}","templated":true}]}}