{"id":8278,"date":"2023-07-02T13:21:36","date_gmt":"2023-07-02T13:21:36","guid":{"rendered":"https:\/\/www.equilac.com\/hastmjolks-historia\/"},"modified":"2023-10-09T08:16:31","modified_gmt":"2023-10-09T08:16:31","slug":"hastmjolks-historia","status":"publish","type":"page","link":"https:\/\/www.equilac.com\/sv\/hastmjolks-historia\/","title":{"rendered":"Ursprunget till h\u00e4stmj\u00f6lk"},"content":{"rendered":"<p>Med en historia p\u00e5 mer \u00e4n 2 000 \u00e5r har h\u00e4stmj\u00f6lk avsev\u00e4rt p\u00e5verkat h\u00e4lsan och v\u00e4lbefinnandet f\u00f6r m\u00e5nga m\u00e4nniskor.<\/p>\n<p>Ursprunget till <a href=\"https:\/\/www.equilac.com\/sv\/hastmjolk\/\">h\u00e4stmj\u00f6lk<\/a> g\u00e5r tillbaka till de gamla grekerna. De trodde att amasonerna, en legendarisk stam av kvinnliga krigare, matar sina barn med bland annat stomj\u00f6lk.<\/p>\n<p>Skyterna var resande krigare som bodde i s\u00f6dra Sibirien och var beroende av sina h\u00e4star f\u00f6r transport. Forskare har funnit att dessa stammar f\u00f6tt upp h\u00e4star f\u00f6r styrka och r\u00f6rlighet och f\u00f6r att producera mj\u00f6lk f\u00f6r att mata sina barn.<\/p>\n<p>Den egyptiska drottningen Cleopatra badade i sur \u00e5snemj\u00f6lk f\u00f6r att minska rynkor och beh\u00e5lla sin ungdomliga sk\u00f6nhet. Den sura mj\u00f6lken fungerar som en mild exfoliator, tar bort d\u00f6da hudceller och avsl\u00f6jar en sl\u00e4tare, mer str\u00e5lande hud. Cleopatra \u00e4r ih\u00e5gkommen som en av de vackraste kvinnorna genom tiderna; hennes sk\u00f6nhetsritual m\u00e5ste ha gett de \u00f6nskade resultaten.<\/p>\n<p>Men i Ryssland b\u00f6rjade den organiserade produktionen och konsumtionen av h\u00e4stmj\u00f6lk i slutet av 1800- och b\u00f6rjan av 1900-talet v\u00e4xa, fr\u00e4mst f\u00f6r att behandla tuberkulos. P\u00e5 den tiden ans\u00e5gs tuberkulos vara en av de mest fruktade sjukdomarna f\u00f6r vilka det \u00e4nnu inte fanns n\u00e5gon effektiv behandling. De ryska l\u00e4karna noterade att vissa patienter som drack h\u00e4stmj\u00f6lk verkade ha b\u00e4ttre motst\u00e5ndskraft mot sjukdomen. Denna observation ledde till inr\u00e4ttandet av sanatorier, ett konvalescenthem d\u00e4r patienter tillf\u00e4lligt vistas f\u00f6r att \u00e5terh\u00e4mta sig fr\u00e5n detta tillst\u00e5nd.<\/p>\n<p>P\u00e5 1990-talet blev h\u00e4stmj\u00f6lk mer k\u00e4nd i Europa, s\u00e4rskilt i l\u00e4nder som Tyskland, Belgien, Nederl\u00e4nderna och Frankrike, d\u00e4r h\u00e4stmejerier erbj\u00f6d <a href=\"https:\/\/www.equilac.com\/sv\/dricker-farsk-hastmjolk\/\">f\u00e4rsk eller fryst h\u00e4stmj\u00f6lk<\/a> till anv\u00e4ndare med h\u00e4lsoproblem.<\/p>\n<p>1999 kom v\u00e5r produkt Equilac\u00ae in p\u00e5 marknaden; det var det f\u00f6rsta kosttillskottet baserat p\u00e5 h\u00e4stmj\u00f6lk, vilket gjorde det tillg\u00e4ngligt f\u00f6r alla via apotek. <a href=\"https:\/\/www.equilac.com\/sv\/berattelse\/\">L\u00e4s mer om familjehistorien bakom Equilac<\/a>.<\/p>\n","protected":false},"excerpt":{"rendered":"<p>Med en historia p\u00e5 mer \u00e4n 2 000 \u00e5r har h\u00e4stmj\u00f6lk avsev\u00e4rt p\u00e5verkat h\u00e4lsan och v\u00e4lbefinnandet f\u00f6r m\u00e5nga m\u00e4nniskor. Ursprunget till h\u00e4stmj\u00f6lk g\u00e5r tillbaka till de gamla grekerna. De trodde att amasonerna, en legendarisk stam av kvinnliga krigare, matar sina barn med bland annat stomj\u00f6lk. Skyterna var resande krigare som bodde i s\u00f6dra Sibirien och [&hellip;]<\/p>\n","protected":false},"author":1,"featured_media":6075,"parent":0,"menu_order":0,"comment_status":"closed","ping_status":"closed","template":"","meta":{"_uf_show_specific_survey":0,"_uf_disable_surveys":false,"footnotes":""},"categories":[229],"tags":[188],"class_list":["post-8278","page","type-page","status-publish","has-post-thumbnail","hentry","category-informatie","tag-related-sv"],"jetpack_sharing_enabled":true,"_links":{"self":[{"href":"https:\/\/www.equilac.com\/sv\/wp-json\/wp\/v2\/pages\/8278","targetHints":{"allow":["GET"]}}],"collection":[{"href":"https:\/\/www.equilac.com\/sv\/wp-json\/wp\/v2\/pages"}],"about":[{"href":"https:\/\/www.equilac.com\/sv\/wp-json\/wp\/v2\/types\/page"}],"author":[{"embeddable":true,"href":"https:\/\/www.equilac.com\/sv\/wp-json\/wp\/v2\/users\/1"}],"replies":[{"embeddable":true,"href":"https:\/\/www.equilac.com\/sv\/wp-json\/wp\/v2\/comments?post=8278"}],"version-history":[{"count":1,"href":"https:\/\/www.equilac.com\/sv\/wp-json\/wp\/v2\/pages\/8278\/revisions"}],"predecessor-version":[{"id":13447,"href":"https:\/\/www.equilac.com\/sv\/wp-json\/wp\/v2\/pages\/8278\/revisions\/13447"}],"wp:featuredmedia":[{"embeddable":true,"href":"https:\/\/www.equilac.com\/sv\/wp-json\/wp\/v2\/media\/6075"}],"wp:attachment":[{"href":"https:\/\/www.equilac.com\/sv\/wp-json\/wp\/v2\/media?parent=8278"}],"wp:term":[{"taxonomy":"category","embeddable":true,"href":"https:\/\/www.equilac.com\/sv\/wp-json\/wp\/v2\/categories?post=8278"},{"taxonomy":"post_tag","embeddable":true,"href":"https:\/\/www.equilac.com\/sv\/wp-json\/wp\/v2\/tags?post=8278"}],"curies":[{"name":"wp","href":"https:\/\/api.w.org\/{rel}","templated":true}]}}