{"id":9230,"date":"2023-08-22T05:39:37","date_gmt":"2023-08-22T05:39:37","guid":{"rendered":"https:\/\/www.equilac.com\/hur-lange-ska-du-ta-hastmjolk-kapslar\/"},"modified":"2023-09-07T15:29:30","modified_gmt":"2023-09-07T15:29:30","slug":"hur-lange-ska-du-ta-hastmjolk-kapslar","status":"publish","type":"page","link":"https:\/\/www.equilac.com\/sv\/hur-lange-ska-du-ta-hastmjolk-kapslar\/","title":{"rendered":"Hur l\u00e4nge ska du ta h\u00e4stmj\u00f6lk kapslar?"},"content":{"rendered":"<p>Ta tv\u00e5 h\u00e4stmj\u00f6lk kapslar dagligen i tre m\u00e5nader i f\u00f6ljd f\u00f6r optimala resultat. Efter denna period kan du gradvis minska till en kapsel dagligen i fyra veckor. Det \u00e4r viktigt att inte avbryta anv\u00e4ndningen pl\u00f6tsligt f\u00f6r att undvika eventuella uppblossningar av symtom. Om du \u00f6nskar kan en tre m\u00e5nader l\u00e5ng behandling forts\u00e4tta eller upprepas med j\u00e4mna mellanrum som f\u00f6rebyggande.<\/p>\n<p><a href=\"https:\/\/www.equilac.com\/sv\/\">H\u00e4stmj\u00f6lk<\/a> \u00e4r en naturlig produkt och fungerar annorlunda \u00e4n medicin. Medan du tar medicin ser du ofta f\u00f6rb\u00e4ttring inom n\u00e5gra dagar; h\u00e4stmj\u00f6lk beh\u00f6ver mer tid f\u00f6r att absorberas helt av din kropp. F\u00f6rdelen \u00e4r dock att h\u00e4stmj\u00f6lk kan \u00e5tg\u00e4rda den bakomliggande orsaken till olika besv\u00e4r och ge ett best\u00e5ende resultat utan biverkningar.<\/p>\n<p>Vid vissa kroniska tillst\u00e5nd kan h\u00e4stmj\u00f6lk anv\u00e4ndas som underh\u00e5llsdos f\u00f6r att hantera symtom. Personer med s\u00e5dana tillst\u00e5nd rapporterar ofta betydande lindring efter den rekommenderade trem\u00e5nadersperioden och forts\u00e4tter att anv\u00e4nda en minimal dos.<\/p>\n<p><strong>Vill du veta mer om h\u00e4stmj\u00f6lk?<\/strong><\/p>\n<ul>\n<li><a href=\"https:\/\/www.equilac.com\/sv\/hastmjolk-och-eventuella-biverkningar\/\">Nackdelar och biverkningar med h\u00e4stmj\u00f6lk<\/a><\/li>\n<\/ul>\n","protected":false},"excerpt":{"rendered":"<p>Ta tv\u00e5 h\u00e4stmj\u00f6lk kapslar dagligen i tre m\u00e5nader i f\u00f6ljd f\u00f6r optimala resultat. Efter denna period kan du gradvis minska till en kapsel dagligen i fyra veckor. Det \u00e4r viktigt att inte avbryta anv\u00e4ndningen pl\u00f6tsligt f\u00f6r att undvika eventuella uppblossningar av symtom. Om du \u00f6nskar kan en tre m\u00e5nader l\u00e5ng behandling forts\u00e4tta eller upprepas med [&hellip;]<\/p>\n","protected":false},"author":1,"featured_media":9185,"parent":0,"menu_order":0,"comment_status":"closed","ping_status":"closed","template":"","meta":{"_uf_show_specific_survey":0,"_uf_disable_surveys":false,"footnotes":""},"categories":[168,204],"tags":[188],"class_list":["post-9230","page","type-page","status-publish","has-post-thumbnail","hentry","category-stosmjolk","category-use","tag-related-sv"],"jetpack_sharing_enabled":true,"_links":{"self":[{"href":"https:\/\/www.equilac.com\/sv\/wp-json\/wp\/v2\/pages\/9230","targetHints":{"allow":["GET"]}}],"collection":[{"href":"https:\/\/www.equilac.com\/sv\/wp-json\/wp\/v2\/pages"}],"about":[{"href":"https:\/\/www.equilac.com\/sv\/wp-json\/wp\/v2\/types\/page"}],"author":[{"embeddable":true,"href":"https:\/\/www.equilac.com\/sv\/wp-json\/wp\/v2\/users\/1"}],"replies":[{"embeddable":true,"href":"https:\/\/www.equilac.com\/sv\/wp-json\/wp\/v2\/comments?post=9230"}],"version-history":[{"count":0,"href":"https:\/\/www.equilac.com\/sv\/wp-json\/wp\/v2\/pages\/9230\/revisions"}],"wp:featuredmedia":[{"embeddable":true,"href":"https:\/\/www.equilac.com\/sv\/wp-json\/wp\/v2\/media\/9185"}],"wp:attachment":[{"href":"https:\/\/www.equilac.com\/sv\/wp-json\/wp\/v2\/media?parent=9230"}],"wp:term":[{"taxonomy":"category","embeddable":true,"href":"https:\/\/www.equilac.com\/sv\/wp-json\/wp\/v2\/categories?post=9230"},{"taxonomy":"post_tag","embeddable":true,"href":"https:\/\/www.equilac.com\/sv\/wp-json\/wp\/v2\/tags?post=9230"}],"curies":[{"name":"wp","href":"https:\/\/api.w.org\/{rel}","templated":true}]}}