{"id":9865,"date":"2023-08-24T17:49:04","date_gmt":"2023-08-24T17:49:04","guid":{"rendered":"https:\/\/www.equilac.com\/hur-smakar-hastmjolk\/"},"modified":"2023-09-07T15:30:31","modified_gmt":"2023-09-07T15:30:31","slug":"hur-smakar-hastmjolk","status":"publish","type":"page","link":"https:\/\/www.equilac.com\/sv\/hur-smakar-hastmjolk\/","title":{"rendered":"Hur smakar h\u00e4stmj\u00f6lk?"},"content":{"rendered":"<p>Smaken av <a href=\"https:\/\/www.equilac.com\/sv\/dricker-farsk-hastmjolk\/\">f\u00e4rsk h\u00e4stmj\u00f6lk<\/a> beskrivs generellt som s\u00f6tare och vattnigare \u00e4n komj\u00f6lk, med en l\u00e4tt fet konsistens. Den har en distinkt smak som kan vara en f\u00f6rv\u00e4rvad smak f\u00f6r dem som inte \u00e4r vana vid det. Mj\u00f6lken inneh\u00e5ller ocks\u00e5 mer laktos och mindre fett \u00e4n komj\u00f6lk, vilket ger den en unik n\u00e4ringsprofil.<\/p>\n<p>Smaken kan variera beroende p\u00e5 h\u00e4stens foder, mj\u00f6lkningsmetod och hur mj\u00f6lken bearbetas eller fermenteras. Liksom komj\u00f6lk kan den ocks\u00e5 p\u00e5verkas av vad djuret nyligen har \u00e4tit.<\/p>\n<p>Sammanfattningsvis \u00e4r smaken av h\u00e4stmj\u00f6lk unik, och medan vissa m\u00e4nniskor tycker att den \u00e4r v\u00e4lsmakande och till och med uts\u00f6kt, kan andra beh\u00f6va tid f\u00f6r att f\u00e5 smak f\u00f6r den.<\/p>\n","protected":false},"excerpt":{"rendered":"<p>Smaken av f\u00e4rsk h\u00e4stmj\u00f6lk beskrivs generellt som s\u00f6tare och vattnigare \u00e4n komj\u00f6lk, med en l\u00e4tt fet konsistens. Den har en distinkt smak som kan vara en f\u00f6rv\u00e4rvad smak f\u00f6r dem som inte \u00e4r vana vid det. Mj\u00f6lken inneh\u00e5ller ocks\u00e5 mer laktos och mindre fett \u00e4n komj\u00f6lk, vilket ger den en unik n\u00e4ringsprofil. Smaken kan variera [&hellip;]<\/p>\n","protected":false},"author":1,"featured_media":9887,"parent":0,"menu_order":0,"comment_status":"closed","ping_status":"closed","template":"","meta":{"_uf_show_specific_survey":0,"_uf_disable_surveys":false,"footnotes":""},"categories":[168],"tags":[188],"class_list":["post-9865","page","type-page","status-publish","has-post-thumbnail","hentry","category-stosmjolk","tag-related-sv"],"jetpack_sharing_enabled":true,"_links":{"self":[{"href":"https:\/\/www.equilac.com\/sv\/wp-json\/wp\/v2\/pages\/9865","targetHints":{"allow":["GET"]}}],"collection":[{"href":"https:\/\/www.equilac.com\/sv\/wp-json\/wp\/v2\/pages"}],"about":[{"href":"https:\/\/www.equilac.com\/sv\/wp-json\/wp\/v2\/types\/page"}],"author":[{"embeddable":true,"href":"https:\/\/www.equilac.com\/sv\/wp-json\/wp\/v2\/users\/1"}],"replies":[{"embeddable":true,"href":"https:\/\/www.equilac.com\/sv\/wp-json\/wp\/v2\/comments?post=9865"}],"version-history":[{"count":0,"href":"https:\/\/www.equilac.com\/sv\/wp-json\/wp\/v2\/pages\/9865\/revisions"}],"wp:featuredmedia":[{"embeddable":true,"href":"https:\/\/www.equilac.com\/sv\/wp-json\/wp\/v2\/media\/9887"}],"wp:attachment":[{"href":"https:\/\/www.equilac.com\/sv\/wp-json\/wp\/v2\/media?parent=9865"}],"wp:term":[{"taxonomy":"category","embeddable":true,"href":"https:\/\/www.equilac.com\/sv\/wp-json\/wp\/v2\/categories?post=9865"},{"taxonomy":"post_tag","embeddable":true,"href":"https:\/\/www.equilac.com\/sv\/wp-json\/wp\/v2\/tags?post=9865"}],"curies":[{"name":"wp","href":"https:\/\/api.w.org\/{rel}","templated":true}]}}